{"id":56929,"date":"2022-03-10T16:16:00","date_gmt":"2022-03-10T15:16:00","guid":{"rendered":"https:\/\/secureus.se\/produkt\/tagg-abs-pro-mifare-desfire-ev2-farg-svart-minnestorlek-4k\/"},"modified":"2026-03-27T14:29:48","modified_gmt":"2026-03-27T13:29:48","slug":"tagg-desfire-ev2-svart-4k-pro","status":"publish","type":"product","link":"https:\/\/secureus.se\/de\/tagg-desfire-ev2-svart-4k-pro\/","title":{"rendered":"Tag DESFire\u00ae EV2 4K Black \u2013 Pro"},"content":{"rendered":"<h1><strong>Tag Mifare DESFire \u2013 H\u00f6here Sicherheit\u00a0<\/strong><\/h1>\n<h3>Dieses Tag funktioniert in Systemen, die DESFire-Technologie verwenden.<\/h3>\n<p><span style=\"text-decoration: underline\"><strong>RCO, Bewator\/Vanderbilt, Aptus, ASSA ARX, Besuchersystem &amp; Login.<\/strong><\/span><\/p>\n<p>Beachten Sie, dass der Tag nicht mit RAID f\u00fcr RCO programmiert ist, sondern mit einem Standardchip geliefert wird.<\/p>\n<p>Unser \u201eABS Pro\u201c Tag Mifare DESFire wurde entwickelt, um die anspruchsvollsten Anforderungen an Sicherheit und Identifizierung zu erf\u00fcllen.<\/p>\n<p>Mit seiner robusten Konstruktion aus ABS-Material und dem d\u00fcnnen Profil von nur 2,9 mm bietet es eine perfekte Balance zwischen Haltbarkeit und Eleganz.<\/p>\n<p>Dank seiner glatten Oberfl\u00e4che eignet es sich ideal zum Gravieren mit Standardnummern oder zum Einf\u00fcgen Ihres Logos, entweder durch gravierte oder farbige Oberfl\u00e4chen.<\/p>\n<p>Unsere Tags eignen sich f\u00fcr Zutrittssysteme, Besuchersysteme, Buchung, Alarme, Autoladeger\u00e4te, Lagerverwaltung oder andere Anwendungen<\/p>\n<p>Tagg \u201eABS Pro\u201c mit Tagg Mifare DESFire-Chip bietet h\u00f6here Sicherheit als Mifare Classic.<\/p>\n<p>Es ist in vielen Varianten von Tagg Mifare DESFire erh\u00e4ltlich und wir k\u00f6nnen es auch mit einem Chip Ihrer Wahl herstellen.<\/p>\n<p>Die heutigen Standards f\u00fcr Passanten-Tags sind: EM4200, Mifare1k, Kombinations-Tags und DESFire. Unabh\u00e4ngig davon k\u00f6nnen wir den Tag f\u00fcr Sie anpassen.<\/p>\n<p>Wir wissen, wie wichtig es ist, qualitativ hochwertige RFID-Tags zu liefern, die den heutigen Anforderungen und Erwartungen entsprechen.<\/p>\n<p>Deshalb sind wir bestrebt, die beste Technologie und Kompatibilit\u00e4t anzubieten, um die Sicherheit und Effizienz Ihrer Systeme zu verbessern.<\/p>\n<p><strong><span style=\"text-decoration: underline\">Ma\u00dfgeschneidert f\u00fcr einzigartige Projekte \u2013 Tagg Mifare DESFire ABS Pro<\/span><\/strong><\/p>\n<p>Zu den Vorteilen unserer RFID-Tags geh\u00f6ren die Kompatibilit\u00e4t mit verschiedenen Systemen\/Technologien sowie die M\u00f6glichkeit, die Tags f\u00fcr einzigartige Projekte anzupassen.<\/p>\n<p>Wir k\u00f6nnen verschiedene Chips programmieren und integrieren, um spezifische Anwendungsanforderungen zu erf\u00fcllen und ma\u00dfgeschneiderte L\u00f6sungen zu erstellen.<\/p>\n<p>Kontaktieren Sie uns noch heute, um Ihre Projektideen zu besprechen und eine ma\u00dfgeschneiderte RFID-Tag-L\u00f6sung f\u00fcr Ihre Bed\u00fcrfnisse zu erhalten.<\/p>\n<p><strong>Schnelle Lieferung und immer auf Lager \u2013 Tagg Mifare DESFire ist in verschiedenen Ausf\u00fchrungen erh\u00e4ltlich\u00a0<\/strong><\/p>\n<p>Der RFID-Schl\u00fcsselanh\u00e4nger \u201eABS Pro\u201c ist st\u00e4ndig mit \u00fcber 80.000 St\u00fcck in 6 Farben (Rot, Blau, Wei\u00df, Schwarz, Gr\u00fcn, Gelb) und mit verschiedenen Chips auf Lager.<\/p>\n<p>Mit Hilfe unserer Lasermaschinen und Software k\u00f6nnen Sie ein Logo und eine eindeutige Nummer f\u00fcr die Gravur ausw\u00e4hlen und die Lieferung innerhalb von 1\u20133 Tagen durchf\u00fchren.<\/p>\n<p>Wie immer! Taggen Sie Mifare DESFire mit dem Original-Chip von<a href=\"https:\/\/www.nxp.com\/\" rel=\"noopener\"> NXP<\/a><\/p>\n<p><strong>F\u00fcr alles und jeden geeignet \u2013 Tagg Mifare DESFire<\/strong><\/p>\n<ul>\n<li>Passsystem<\/li>\n<li>Besuchersystem<\/li>\n<li>Reservierung<\/li>\n<li>Alarm- und Sicherheitssystem<\/li>\n<\/ul>\n<p><strong>Vorteile von \u201eABS Pro\u201c \u2013 Tag Mifare DESFire<\/strong><\/p>\n<ul>\n<li>Robuste Konstruktion aus ABS-Material<\/li>\n<li>D\u00fcnnes Profil von nur 2,9 mm<\/li>\n<li>Option zum Gravieren einer Standardnummer oder zum Einf\u00fcgen eines Logos<\/li>\n<li>Gro\u00dfe Auswahl an Chipvarianten f\u00fcr unterschiedliche Anforderungen und immer auf Lager.<\/li>\n<\/ul>\n<ul>\n<li>Gro\u00dfe Auswahl an Chipvarianten f\u00fcr unterschiedliche Anforderungen und immer auf Lager.<\/li>\n<\/ul>","protected":false},"excerpt":{"rendered":"<p>Dieses Produkt verf\u00fcgt \u00fcber einen zertifizierten Chip von NXP\u00ae, einem globalen Technologieunternehmen mit Hauptsitz in den Niederlanden. NXP\u00ae ist auf RFID und NFC spezialisiert und bietet eine Reihe von Produkten in den Bereichen Sicherheit, Konnektivit\u00e4t und eingebettete L\u00f6sungen an. Bitte beachten Sie, dass dieses Produkt nicht mit z. B. Yale-Systemen funktioniert oder wenn Ihr System \u00fcber Rolling Codes verf\u00fcgt.<\/p>","protected":false},"featured_media":163673,"template":"","meta":{"_acf_changed":false},"product_brand":[],"product_cat":[1340,4789],"product_tag":[2314,3137,3136,2074,4806,4146,2095,2958],"class_list":{"0":"post-56929","1":"product","2":"type-product","3":"status-publish","4":"has-post-thumbnail","6":"product_cat-rfid-tagg-abs-pro","7":"product_cat-desfire-4k-tagg","8":"product_tag-desfire-lop-logo","9":"product_tag-desfire-ev2-4k","10":"product_tag-desfire-taggar-kort","11":"product_tag-ej-lagerfraga","12":"product_tag-fungerar-ej-till-yale","13":"product_tag-nxp","14":"product_tag-rfid-500","15":"product_tag-stonehouse-produkt","16":"product_shipping_class-postnord-varubrev","17":"pa_brands-stonehouse-security","18":"pa_chip-teknik-mifare-desfire-4k-minne","19":"pa_farg-svart","20":"pa_sakerhetssystem-rfid-taggar","21":"tm-has-options","23":"first","24":"instock","25":"sale","26":"featured","27":"taxable","28":"shipping-taxable","29":"purchasable","30":"product-type-simple"},"acf":[],"_links":{"self":[{"href":"https:\/\/secureus.se\/de\/wp-json\/wp\/v2\/product\/56929","targetHints":{"allow":["GET"]}}],"collection":[{"href":"https:\/\/secureus.se\/de\/wp-json\/wp\/v2\/product"}],"about":[{"href":"https:\/\/secureus.se\/de\/wp-json\/wp\/v2\/types\/product"}],"wp:featuredmedia":[{"embeddable":true,"href":"https:\/\/secureus.se\/de\/wp-json\/wp\/v2\/media\/163673"}],"wp:attachment":[{"href":"https:\/\/secureus.se\/de\/wp-json\/wp\/v2\/media?parent=56929"}],"wp:term":[{"taxonomy":"product_brand","embeddable":true,"href":"https:\/\/secureus.se\/de\/wp-json\/wp\/v2\/product_brand?post=56929"},{"taxonomy":"product_cat","embeddable":true,"href":"https:\/\/secureus.se\/de\/wp-json\/wp\/v2\/product_cat?post=56929"},{"taxonomy":"product_tag","embeddable":true,"href":"https:\/\/secureus.se\/de\/wp-json\/wp\/v2\/product_tag?post=56929"}],"curies":[{"name":"wp","href":"https:\/\/api.w.org\/{rel}","templated":true}]}}