{"id":56986,"date":"2022-03-10T15:57:00","date_gmt":"2022-03-10T14:57:00","guid":{"rendered":"https:\/\/secureus.se\/produkt\/ackumulator-batteri-12v-1-2-ah\/"},"modified":"2026-04-15T16:16:20","modified_gmt":"2026-04-15T14:16:20","slug":"agm-batteri-12v-12ah-2","status":"publish","type":"product","link":"https:\/\/secureus.se\/de\/agm-batteri-12v-12ah-2\/","title":{"rendered":"Akku 12V 1,2Ah Pro-Version"},"content":{"rendered":"<h1>AGM-Batterie 12V 1,2Ah 12V<\/h1>\n<p>Wartungsfreie Alarmbatterie zur Notstromversorgung in Alarmanlagen, 12 Volt, 1,2 Ah<\/p>\n<p>L=97 mm, B=42 mm, H=52 mm<\/p>\n<p>Gewicht 0,55 kg<\/p>\n<p>Batterien spielen eine entscheidende Rolle in Sicherheits- und Alarmsystemen, wo eine zuverl\u00e4ssige Stromversorgung von gr\u00f6\u00dfter Bedeutung ist. Unter den verschiedenen Optionen auf dem Markt haben sich AGM-Batterien (Absorbent Glass Mat) als zuverl\u00e4ssige und hochwertige L\u00f6sung f\u00fcr solche Anwendungen etabliert.<\/p>\n<p>AGM-Batterien verwenden einen Glasmattenseparator, um den Elektrolyten aufzunehmen und an Ort und Stelle zu halten. Dadurch sind sie ideal f\u00fcr den Einsatz in Umgebungen, in denen es wichtig ist, das Risiko von Leckagen zu minimieren.<\/p>\n<p>Dieses Design bietet auch unter anspruchsvollen Bedingungen ein hohes Ma\u00df an Zuverl\u00e4ssigkeit und Leistung, was f\u00fcr Sicherheits- und Alarmanwendungen, bei denen die Batterien unterbrechungsfrei arbeiten m\u00fcssen, von entscheidender Bedeutung ist.<\/p>\n<p>Eine der am meisten gesch\u00e4tzten Eigenschaften von AGM-Batterien ist ihr geringer Wartungsaufwand.<\/p>\n<p>Sie erfordern nur minimale Wartung und haben eine lange Lebensdauer, was sie auf lange Sicht kosteng\u00fcnstig macht. Dar\u00fcber hinaus hat sich die AGM-Technologie als resistent gegen Tiefentladung erwiesen, die eine h\u00e4ufige Ursache f\u00fcr Batterieausf\u00e4lle in Sicherheitssystemen ist.<\/p>\n<p>Wenn es um Qualit\u00e4t geht, ist es wichtig, AGM-Batterien von zuverl\u00e4ssigen Herstellern zu w\u00e4hlen, die hochwertige Materialien und Herstellungsverfahren verwenden.<\/p>\n<p>Die Investition in qualitativ hochwertige Batterien ist eine vorbeugende Ma\u00dfnahme, um sicherzustellen, dass Sicherheits- und Alarmsysteme ordnungsgem\u00e4\u00df funktionieren, wenn sie wirklich ben\u00f6tigt werden.<\/p>\n<p>Zusammenfassend l\u00e4sst sich sagen, dass AGM-Batterien eine zuverl\u00e4ssige und hochwertige Energiequelle f\u00fcr Sicherheits- und Alarmanwendungen bieten.<\/p>\n<p>Ihr geringer Wartungsaufwand, ihre lange Lebensdauer und ihre Best\u00e4ndigkeit gegen Tiefentladung machen sie zu einer ausgezeichneten Wahl f\u00fcr alle, die bei ihren Systemen Wert auf Zuverl\u00e4ssigkeit und Leistung legen.<\/p>\n<p>AGM-Batterie 12V 1,2Ah 12V<\/p>","protected":false},"excerpt":{"rendered":"<p>AGM-Batterie 1,2 AH f\u00fcr Telekommunikation, Alarm- und Sicherheitssysteme.<\/p>","protected":false},"featured_media":145274,"template":"","meta":{"_acf_changed":false},"product_brand":[],"product_cat":[1596],"product_tag":[2179,2419],"class_list":{"0":"post-56986","1":"product","2":"type-product","3":"status-publish","4":"has-post-thumbnail","6":"product_cat-ackumulatorer-12v-agm-batterier","7":"product_tag-batteri-1-6-ah-2","8":"product_tag-rel-batteri","9":"product_shipping_class-tunga-paket","10":"tm-no-options","12":"first","13":"instock","14":"sale","15":"featured","16":"taxable","17":"shipping-taxable","18":"purchasable","19":"product-type-simple"},"acf":[],"_links":{"self":[{"href":"https:\/\/secureus.se\/de\/wp-json\/wp\/v2\/product\/56986","targetHints":{"allow":["GET"]}}],"collection":[{"href":"https:\/\/secureus.se\/de\/wp-json\/wp\/v2\/product"}],"about":[{"href":"https:\/\/secureus.se\/de\/wp-json\/wp\/v2\/types\/product"}],"wp:featuredmedia":[{"embeddable":true,"href":"https:\/\/secureus.se\/de\/wp-json\/wp\/v2\/media\/145274"}],"wp:attachment":[{"href":"https:\/\/secureus.se\/de\/wp-json\/wp\/v2\/media?parent=56986"}],"wp:term":[{"taxonomy":"product_brand","embeddable":true,"href":"https:\/\/secureus.se\/de\/wp-json\/wp\/v2\/product_brand?post=56986"},{"taxonomy":"product_cat","embeddable":true,"href":"https:\/\/secureus.se\/de\/wp-json\/wp\/v2\/product_cat?post=56986"},{"taxonomy":"product_tag","embeddable":true,"href":"https:\/\/secureus.se\/de\/wp-json\/wp\/v2\/product_tag?post=56986"}],"curies":[{"name":"wp","href":"https:\/\/api.w.org\/{rel}","templated":true}]}}