{"id":56989,"date":"2022-03-10T15:57:00","date_gmt":"2022-03-10T14:57:00","guid":{"rendered":"https:\/\/secureus.se\/produkt\/ackumulator-batteri-12v-3-6-ah\/"},"modified":"2026-04-26T14:13:55","modified_gmt":"2026-04-26T12:13:55","slug":"agm-batteri-12v-36ah","status":"publish","type":"product","link":"https:\/\/secureus.se\/de\/agm-batteri-12v-36ah\/","title":{"rendered":"Akku 12V 3,6Ah Pro-Version"},"content":{"rendered":"<h1>AGM-Batterie 12V 3,6Ah<\/h1>\n<p data-start=\"444\" data-end=\"891\">Die AGM-Batterie 12 V 3,6 Ah ist eine zuverl\u00e4ssige Stromquelle f\u00fcr Sicherheits- und Alarmsysteme, bei denen eine konstante und zuverl\u00e4ssige Stromversorgung entscheidend ist.<\/p>\n<p data-start=\"444\" data-end=\"891\">Die Batterie ist wartungsfrei, erfordert also nur minimale \u00dcberwachung und bietet eine lange Lebensdauer von bis zu drei Jahren.<\/p>\n<p data-start=\"444\" data-end=\"891\">Um sicherzustellen, dass die Batterie weiterhin ausreichend Notstrom liefert, sollte sie unabh\u00e4ngig vom Zustand nach etwa drei Jahren ausgetauscht werden.<\/p>\n<p data-start=\"893\" data-end=\"1268\">Diese AGM-Technologie (Absorbent Glass Mat) verwendet einen Glasmattenseparator, um den Elektrolyten zu absorbieren und an Ort und Stelle zu halten. Dadurch wird die Batterie extrem widerstandsf\u00e4hig gegen Auslaufen und gew\u00e4hrleistet eine hohe Leistung auch in anspruchsvollen Umgebungen.<\/p>\n<p data-start=\"893\" data-end=\"1268\">Dies macht AGM-Batterien zu einer idealen L\u00f6sung f\u00fcr Anwendungen wie Alarm- und Telekommunikationssysteme, bei denen die Zuverl\u00e4ssigkeit der Batterie von gr\u00f6\u00dfter Bedeutung ist.<\/p>\n<p data-start=\"1270\" data-end=\"1543\">Aufgrund ihrer Konstruktion ist die AGM-Batterie zudem widerstandsf\u00e4higer gegen Tiefentladung als herk\u00f6mmliche Blei-S\u00e4ure-Batterien, wodurch das Risiko eines Batterieausfalls in Sicherheitssystemen verringert wird.<\/p>\n<p data-start=\"1270\" data-end=\"1543\">Dar\u00fcber hinaus haben AGM-Batterien im Allgemeinen eine lange Lebensdauer, was sie auf lange Sicht kosteng\u00fcnstig macht.<\/p>\n<p data-start=\"1545\" data-end=\"1788\">Die Batterie ist kompakt und leicht und l\u00e4sst sich daher problemlos in die meisten Alarmsysteme und Sicherheitsger\u00e4te einbauen.<\/p>\n<p data-start=\"1545\" data-end=\"1788\">Die Abmessungen von 134x34x66 mm und ein Gewicht von 0,635 kg machen es mit einer Vielzahl von Sicherheitssystemen kompatibel.<\/p>\n<p data-start=\"1790\" data-end=\"1820\"><strong data-start=\"1790\" data-end=\"1818\">Hauptmerkmale:<\/strong><\/p>\n<ul data-start=\"1821\" data-end=\"2171\">\n<li data-start=\"1821\" data-end=\"1842\">\n<p data-start=\"1823\" data-end=\"1842\"><strong data-start=\"1823\" data-end=\"1836\">Stromspannung:<\/strong> 12V<\/p>\n<\/li>\n<li data-start=\"1843\" data-end=\"1868\">\n<p data-start=\"1845\" data-end=\"1868\"><strong data-start=\"1845\" data-end=\"1859\">Kapazit\u00e4t:<\/strong> 3,6 Ah<\/p>\n<\/li>\n<li data-start=\"1869\" data-end=\"1913\">\n<p data-start=\"1871\" data-end=\"1913\"><strong data-start=\"1871\" data-end=\"1885\">Technologie:<\/strong> AGM (Absorbent Glass Mat)<\/p>\n<\/li>\n<li data-start=\"1914\" data-end=\"1955\">\n<p data-start=\"1916\" data-end=\"1955\"><strong data-start=\"1916\" data-end=\"1928\">Gr\u00f6\u00dfe:<\/strong> 134 x 34 x 66 mm (LxBxH)<\/p>\n<\/li>\n<li data-start=\"1979\" data-end=\"2006\">\n<p data-start=\"1981\" data-end=\"2006\"><strong data-start=\"1981\" data-end=\"2001\">Wartungsfrei:<\/strong> Ja<\/p>\n<\/li>\n<li data-start=\"2007\" data-end=\"2053\">\n<p data-start=\"2009\" data-end=\"2053\"><strong data-start=\"2009\" data-end=\"2024\">Verwenden:<\/strong> Alarm- und Telekommunikationssysteme<\/p>\n<\/li>\n<li data-start=\"2054\" data-end=\"2086\">\n<p data-start=\"2056\" data-end=\"2086\"><strong data-start=\"2056\" data-end=\"2070\">Leben:<\/strong> Bis zu 3 Jahre<\/p>\n<\/li>\n<li data-start=\"2087\" data-end=\"2132\">\n<p data-start=\"2089\" data-end=\"2132\"><strong data-start=\"2089\" data-end=\"2127\">Tiefentladefestigkeit:<\/strong> Ja<\/p>\n<\/li>\n<li data-start=\"2133\" data-end=\"2171\">\n<p data-start=\"2135\" data-end=\"2171\"><strong data-start=\"2135\" data-end=\"2164\">Artikelnummer des Lieferanten:<\/strong> 500036<\/p>\n<\/li>\n<\/ul>\n<p data-start=\"2173\" data-end=\"2188\"><strong data-start=\"2173\" data-end=\"2186\">Vorteile:<\/strong><\/p>\n<ul data-start=\"2189\" data-end=\"2510\">\n<li data-start=\"2189\" data-end=\"2242\">\n<p data-start=\"2191\" data-end=\"2242\"><strong data-start=\"2191\" data-end=\"2210\">Wartungsfrei<\/strong> \u2013 Erfordert nur minimale Aufsicht<\/p>\n<\/li>\n<li data-start=\"2243\" data-end=\"2319\">\n<p data-start=\"2245\" data-end=\"2319\"><strong data-start=\"2245\" data-end=\"2269\">Hohe Zuverl\u00e4ssigkeit<\/strong> \u2013 Ideal f\u00fcr Sicherheits- und Alarmanwendungen<\/p>\n<\/li>\n<li data-start=\"2320\" data-end=\"2419\">\n<p data-start=\"2322\" data-end=\"2419\"><strong data-start=\"2322\" data-end=\"2354\">Auslaufsicher<\/strong> \u2013 Geeignet f\u00fcr den Einsatz in Umgebungen, in denen Zuverl\u00e4ssigkeit entscheidend ist<\/p>\n<\/li>\n<li data-start=\"2420\" data-end=\"2510\">\n<p data-start=\"2422\" data-end=\"2510\"><strong data-start=\"2422\" data-end=\"2440\">Lange Lebensdauer<\/strong> \u2013 Bietet kosteng\u00fcnstige L\u00f6sungen f\u00fcr Systeme mit langfristiger Nutzung<\/p>\n<\/li>\n<\/ul>\n<p data-start=\"2512\" data-end=\"2734\">Zusammenfassend l\u00e4sst sich sagen, dass die AGM-Batterie 12 V 3,6 Ah eine zuverl\u00e4ssige und effiziente L\u00f6sung f\u00fcr Sicherheits- und Alarmsysteme bietet und somit eine ausgezeichnete Wahl f\u00fcr alle ist, die Wert auf Langlebigkeit und Zuverl\u00e4ssigkeit ihrer Systeme legen.<\/p>","protected":false},"excerpt":{"rendered":"<p>Die AGM-Batterie 12 V 3,6 Ah ist eine wartungsfreie Batterie f\u00fcr Alarmsysteme und Telekommunikationssysteme, die eine 12-Volt-Stromquelle ben\u00f6tigen.<\/p>\n<p>Dank seiner langen Lebensdauer und Widerstandsf\u00e4higkeit gegen Tiefentladung gew\u00e4hrleistet es eine zuverl\u00e4ssige Notstromversorgung Ihres Systems f\u00fcr bis zu drei Jahre.<\/p>","protected":false},"featured_media":156159,"template":"","meta":{"_acf_changed":false},"product_brand":[],"product_cat":[1596,1862],"product_tag":[2179,2419,2426],"class_list":{"0":"post-56989","1":"product","2":"type-product","3":"status-publish","4":"has-post-thumbnail","6":"product_cat-ackumulatorer-12v-agm-batterier","7":"product_cat-batterier-knappcell","8":"product_tag-batteri-1-6-ah-2","9":"product_tag-rel-batteri","10":"product_tag-rel-risco","11":"product_shipping_class-tunga-paket","12":"tm-no-options","14":"first","15":"instock","16":"sale","17":"featured","18":"taxable","19":"shipping-taxable","20":"purchasable","21":"product-type-simple"},"acf":[],"_links":{"self":[{"href":"https:\/\/secureus.se\/de\/wp-json\/wp\/v2\/product\/56989","targetHints":{"allow":["GET"]}}],"collection":[{"href":"https:\/\/secureus.se\/de\/wp-json\/wp\/v2\/product"}],"about":[{"href":"https:\/\/secureus.se\/de\/wp-json\/wp\/v2\/types\/product"}],"wp:featuredmedia":[{"embeddable":true,"href":"https:\/\/secureus.se\/de\/wp-json\/wp\/v2\/media\/156159"}],"wp:attachment":[{"href":"https:\/\/secureus.se\/de\/wp-json\/wp\/v2\/media?parent=56989"}],"wp:term":[{"taxonomy":"product_brand","embeddable":true,"href":"https:\/\/secureus.se\/de\/wp-json\/wp\/v2\/product_brand?post=56989"},{"taxonomy":"product_cat","embeddable":true,"href":"https:\/\/secureus.se\/de\/wp-json\/wp\/v2\/product_cat?post=56989"},{"taxonomy":"product_tag","embeddable":true,"href":"https:\/\/secureus.se\/de\/wp-json\/wp\/v2\/product_tag?post=56989"}],"curies":[{"name":"wp","href":"https:\/\/api.w.org\/{rel}","templated":true}]}}