{"id":56992,"date":"2022-03-10T15:57:00","date_gmt":"2022-03-10T14:57:00","guid":{"rendered":"https:\/\/secureus.se\/produkt\/ackumulator-batteri-agm-helios-12v-18ah-med-flatstiftanslutning\/"},"modified":"2026-04-29T15:29:02","modified_gmt":"2026-04-29T13:29:02","slug":"agm-batteri-12v18ah","status":"publish","type":"product","link":"https:\/\/secureus.se\/de\/agm-batteri-12v18ah\/","title":{"rendered":"12V 18Ah HELIOS-Akku mit Flachstecker, 5\u20138 Jahre Lebensdauer, Pro-Version"},"content":{"rendered":"<h2 data-start=\"191\" data-end=\"275\"><strong data-start=\"194\" data-end=\"275\">AGM-Batterie 12V 18Ah \u2013 HELIOS AGM mit Flachstecker (5\u20138 Jahre Lebensdauer)<\/strong><\/h2>\n<p data-start=\"277\" data-end=\"346\"><strong data-start=\"277\" data-end=\"346\">Zuverl\u00e4ssige Stromversorgung f\u00fcr Alarmanlagen, USV-Anlagen und Telekommunikationssysteme<\/strong><\/p>\n<p data-start=\"348\" data-end=\"592\">Helios AGM 12V 18Ah ist eine <strong data-start=\"375\" data-end=\"429\">Wartungsfreie Blei-S\u00e4ure-Batterie mit Flachstecker<\/strong> (keine Schraube), die eine stabile und lang anhaltende Wirkung erzielt. Perfekt f\u00fcr <strong data-start=\"496\" data-end=\"540\">Sicherheitssysteme, Notstromversorgung (USV)<\/strong> und andere Systeme, bei denen Zuverl\u00e4ssigkeit von entscheidender Bedeutung ist.<\/p>\n<hr data-start=\"594\" data-end=\"597\" \/>\n<h3 data-start=\"599\" data-end=\"620\"><strong data-start=\"606\" data-end=\"620\">Eigenschaften<\/strong><\/h3>\n<ul data-start=\"621\" data-end=\"788\">\n<li data-start=\"621\" data-end=\"640\">\n<p data-start=\"623\" data-end=\"640\">Stromspannung: <strong data-start=\"633\" data-end=\"640\">12V<\/strong><\/p>\n<\/li>\n<li data-start=\"641\" data-end=\"662\">\n<p data-start=\"643\" data-end=\"662\">Kapazit\u00e4t: <strong data-start=\"654\" data-end=\"662\">18 Ah<\/strong><\/p>\n<\/li>\n<li data-start=\"663\" data-end=\"704\">\n<p data-start=\"665\" data-end=\"704\">Verbindung: <strong data-start=\"677\" data-end=\"704\">Flachstift (F2 \/ 6,3 mm)<\/strong><\/p>\n<\/li>\n<li data-start=\"705\" data-end=\"728\">\n<p data-start=\"707\" data-end=\"728\">Leben: <strong data-start=\"718\" data-end=\"728\">5\u20138 Jahre<\/strong><\/p>\n<\/li>\n<li data-start=\"729\" data-end=\"769\">\n<p data-start=\"731\" data-end=\"769\">Gr\u00f6\u00dfe: <strong data-start=\"740\" data-end=\"769\">181 \u00d7 77 \u00d7 167 mm (L\u00d7B\u00d7H)<\/strong><\/p>\n<\/li>\n<li data-start=\"770\" data-end=\"788\">\n<p data-start=\"772\" data-end=\"788\">Gewicht: <strong data-start=\"778\" data-end=\"788\">5,1 kg<\/strong><\/p>\n<\/li>\n<\/ul>\n<hr data-start=\"790\" data-end=\"793\" \/>\n<h3 data-start=\"795\" data-end=\"835\"><strong data-start=\"802\" data-end=\"835\">Qualit\u00e4t und Zuverl\u00e4ssigkeit<\/strong><\/h3>\n<p data-start=\"836\" data-end=\"1072\">Helios AGM-Batterien werden mit hoher Pr\u00e4zision hergestellt und <strong data-start=\"890\" data-end=\"921\">niedrige Fehlerrate unter 0,03 %<\/strong> Ab Werk.<br data-start=\"934\" data-end=\"937\" \/>Jede Batterie erf\u00fcllt <strong data-start=\"961\" data-end=\"1009\">CE, UL, RoHS, ISO 9000, ISO 14000 und ISO 18000<\/strong> \u2013 was hohe Qualit\u00e4t, Leistung und sicheren Betrieb gew\u00e4hrleistet.<\/p>\n<hr data-start=\"1074\" data-end=\"1077\" \/>\n<h3 data-start=\"1079\" data-end=\"1098\"><strong data-start=\"1086\" data-end=\"1098\">Vorteile<\/strong><\/h3>\n<ul data-start=\"1099\" data-end=\"1307\">\n<li data-start=\"1099\" data-end=\"1140\">\n<p data-start=\"1101\" data-end=\"1140\">Hohe Leistung und geringe Selbstentladung<\/p>\n<\/li>\n<li data-start=\"1141\" data-end=\"1171\">\n<p data-start=\"1143\" data-end=\"1171\">wartungsfreie Konstruktion<\/p>\n<\/li>\n<li data-start=\"1172\" data-end=\"1216\">\n<p data-start=\"1174\" data-end=\"1216\">Optimiert f\u00fcr <strong data-start=\"1188\" data-end=\"1214\">Backup- und Notfallbetrieb<\/strong><\/p>\n<\/li>\n<li data-start=\"1217\" data-end=\"1257\">\n<p data-start=\"1219\" data-end=\"1257\">H\u00e4lt h\u00e4ufigem Laden und Entladen stand.<\/p>\n<\/li>\n<li data-start=\"1258\" data-end=\"1307\">\n<p data-start=\"1260\" data-end=\"1307\">Stabiler Betrieb auch bei unterschiedlichen Temperaturen<\/p>\n<\/li>\n<\/ul>\n<hr data-start=\"1309\" data-end=\"1312\" \/>\n<h3 data-start=\"1314\" data-end=\"1342\"><strong data-start=\"1320\" data-end=\"1342\">Einsatzgebiete<\/strong><\/h3>\n<ul data-start=\"1343\" data-end=\"1459\">\n<li data-start=\"1343\" data-end=\"1383\">\n<p data-start=\"1345\" data-end=\"1383\">Alarmanlagen und Sicherheitseinrichtungen<\/p>\n<\/li>\n<li data-start=\"1384\" data-end=\"1407\">\n<p data-start=\"1386\" data-end=\"1407\">USV und Notstromversorgung<\/p>\n<\/li>\n<li data-start=\"1408\" data-end=\"1428\">\n<p data-start=\"1410\" data-end=\"1428\">Telekommunikationseinrichtungen<\/p>\n<\/li>\n<li data-start=\"1429\" data-end=\"1459\">\n<p data-start=\"1431\" data-end=\"1459\">Notbeleuchtung und Betriebsalarme<\/p>\n<\/li>\n<\/ul>\n<hr data-start=\"1461\" data-end=\"1464\" \/>\n<p data-start=\"1466\" data-end=\"1697\"><strong data-start=\"1466\" data-end=\"1487\">Helios AGM-Serie<\/strong> Erh\u00e4ltlich in verschiedenen Kapazit\u00e4ten (7\u201345 Ah), um unterschiedlichen Bed\u00fcrfnissen gerecht zu werden.<br data-start=\"1549\" data-end=\"1552\" \/>Egal ob Sie ein Sicherheitsunternehmen f\u00fchren oder USV-Systeme installieren, auf uns k\u00f6nnen Sie z\u00e4hlen <strong data-start=\"1642\" data-end=\"1656\">Helios-Hauptversammlung<\/strong> liefert Energie genau dann, wenn sie am dringendsten ben\u00f6tigt wird.<\/p>","protected":false},"excerpt":{"rendered":"<p>AGM-Batterie 18 AH, 5 Jahre Lebensdauer f\u00fcr Telekommunikations-, Alarm- und Sicherheitssysteme. Ausgestattet mit Stange f\u00fcr Flachstift (keine Schraube)<\/p>\n<p>Willkommen bei unserem Sortiment an Helios AGM-Batterien, auch bekannt als Batterien, die f\u00fcr die Bed\u00fcrfnisse von Alarmanlagen, USV-Anlagen, Telekommunikationssystemen und mehr entwickelt wurden.<\/p>\n<p>Mit einer Kapazit\u00e4t von 18 Ah und einer Spannung von 12 V bieten unsere Batterien eine zuverl\u00e4ssige und langlebige Stromversorgung f\u00fcr verschiedene Anwendungen, einschlie\u00dflich Backup-L\u00f6sungen.<\/p>","protected":false},"featured_media":159064,"template":"","meta":{"_acf_changed":false},"product_brand":[],"product_cat":[1596,2428],"product_tag":[4406,2423,2419,2422],"class_list":{"0":"post-56992","1":"product","2":"type-product","3":"status-publish","4":"has-post-thumbnail","6":"product_cat-ackumulatorer-12v-agm-batterier","7":"product_cat-stromforsorjning-batterier","8":"product_tag-batteri-13-45-ah","9":"product_tag-rel-larm-allman","10":"product_tag-rel-batteri","11":"product_tag-rel-brand","12":"product_shipping_class-tunga-paket","13":"pa_brands-stonehouse-security","14":"tm-no-options","16":"first","17":"onbackorder","18":"sale","19":"featured","20":"taxable","21":"shipping-taxable","22":"purchasable","23":"product-type-simple"},"acf":[],"_links":{"self":[{"href":"https:\/\/secureus.se\/de\/wp-json\/wp\/v2\/product\/56992","targetHints":{"allow":["GET"]}}],"collection":[{"href":"https:\/\/secureus.se\/de\/wp-json\/wp\/v2\/product"}],"about":[{"href":"https:\/\/secureus.se\/de\/wp-json\/wp\/v2\/types\/product"}],"wp:featuredmedia":[{"embeddable":true,"href":"https:\/\/secureus.se\/de\/wp-json\/wp\/v2\/media\/159064"}],"wp:attachment":[{"href":"https:\/\/secureus.se\/de\/wp-json\/wp\/v2\/media?parent=56992"}],"wp:term":[{"taxonomy":"product_brand","embeddable":true,"href":"https:\/\/secureus.se\/de\/wp-json\/wp\/v2\/product_brand?post=56992"},{"taxonomy":"product_cat","embeddable":true,"href":"https:\/\/secureus.se\/de\/wp-json\/wp\/v2\/product_cat?post=56992"},{"taxonomy":"product_tag","embeddable":true,"href":"https:\/\/secureus.se\/de\/wp-json\/wp\/v2\/product_tag?post=56992"}],"curies":[{"name":"wp","href":"https:\/\/api.w.org\/{rel}","templated":true}]}}