{"id":57002,"date":"2022-03-10T15:57:00","date_gmt":"2022-03-10T14:57:00","guid":{"rendered":"https:\/\/secureus.se\/produkt\/ackumulator-batteri-agm-helios-12v-7ah\/"},"modified":"2026-04-28T09:41:19","modified_gmt":"2026-04-28T07:41:19","slug":"12v-7ah-agm-batteri-helios","status":"publish","type":"product","link":"https:\/\/secureus.se\/de\/12v-7ah-agm-batteri-helios\/","title":{"rendered":"Akku 12V 7Ah HELIOS 5 Jahre Pro Version"},"content":{"rendered":"<p data-start=\"1208\" data-end=\"1225\"><strong data-start=\"619\" data-end=\"656\">HELIOS 12V 7Ah AGM-Batterie (VRLA)<\/strong> ist ein zuverl\u00e4ssiges, wartungsfreies <strong data-start=\"691\" data-end=\"716\">Alarm- und USV-Batterie<\/strong> mit einer geplanten Nutzungsdauer von 5 Jahren. Es ersetzt die meisten <strong data-start=\"767\" data-end=\"803\">12V 7Ah\/7,2Ah AGM\/VRLA-Batterien<\/strong> in Standardgr\u00f6\u00dfe <strong data-start=\"821\" data-end=\"837\">151 \u00d7 65 \u00d7 94 mm<\/strong> und sorgt f\u00fcr eine stabile Stromversorgung in allen Bereichen von <strong data-start=\"882\" data-end=\"921\">Von Alarmsystemen bis hin zu Notstroml\u00f6sungen.<\/strong><\/p>\n<h2 data-start=\"1208\" data-end=\"1225\">Warum HELIOS?<\/h2>\n<ul data-start=\"1226\" data-end=\"1607\">\n<li data-start=\"1226\" data-end=\"1326\">\n<p data-start=\"1228\" data-end=\"1326\"><strong data-start=\"1228\" data-end=\"1244\">Stabiler Betrieb<\/strong> \u2013 Konzipiert f\u00fcr den Standby-\/Backup- und zyklischen Einsatz in vielen g\u00e4ngigen Systemen.<\/p>\n<\/li>\n<li data-start=\"1327\" data-end=\"1398\">\n<p data-start=\"1329\" data-end=\"1398\"><strong data-start=\"1329\" data-end=\"1352\">Wartungsfreie AGM<\/strong> \u2013 abgedichtet, vibrations- und auslaufsicher.<\/p>\n<\/li>\n<li data-start=\"1399\" data-end=\"1465\">\n<p data-start=\"1401\" data-end=\"1465\"><strong data-start=\"1401\" data-end=\"1425\">Geplante Lebensdauer 5 Jahre<\/strong> \u2013 kosteng\u00fcnstig f\u00fcr Alarmanlagen und USV-Anlagen.<\/p>\n<\/li>\n<li data-start=\"1466\" data-end=\"1528\">\n<p data-start=\"1468\" data-end=\"1528\"><strong data-start=\"1468\" data-end=\"1486\">Niedrige Ausfallrate<\/strong> ab Werk und durchg\u00e4ngige Qualit\u00e4tskontrolle.<\/p>\n<\/li>\n<li data-start=\"1529\" data-end=\"1607\">\n<p data-start=\"1531\" data-end=\"1607\"><strong data-start=\"1531\" data-end=\"1549\">Standardformat<\/strong> \u2013 einfacher Austausch einer vorhandenen 12V 7Ah-Batterie gleicher Gr\u00f6\u00dfe.<\/p>\n<\/li>\n<\/ul>\n<h2 data-start=\"1609\" data-end=\"1638\">Typische Anwendungen<\/h2>\n<ul data-start=\"1639\" data-end=\"1821\">\n<li data-start=\"1639\" data-end=\"1683\">\n<p data-start=\"1641\" data-end=\"1683\">Alarmanlagen, Sirenen und Zugangssysteme<\/p>\n<\/li>\n<li data-start=\"1684\" data-end=\"1714\">\n<p data-start=\"1686\" data-end=\"1714\">USV- und Notstroml\u00f6sungen<\/p>\n<\/li>\n<li data-start=\"1715\" data-end=\"1744\">\n<p data-start=\"1717\" data-end=\"1744\">Notbeleuchtung\/Fluchtzeichen<\/p>\n<\/li>\n<li data-start=\"1745\" data-end=\"1785\">\n<p data-start=\"1747\" data-end=\"1785\">Telekommunikations-\/Datenger\u00e4te, Modems, Router<\/p>\n<\/li>\n<li data-start=\"1786\" data-end=\"1821\">\n<p data-start=\"1788\" data-end=\"1821\">Elektrozaun und kleinere Energiespeicher<\/p>\n<\/li>\n<\/ul>\n<h2 data-start=\"1823\" data-end=\"1853\">Kompatibilit\u00e4t und Passform<\/h2>\n<p data-start=\"1854\" data-end=\"2065\">Die Batterie ersetzt die meisten <strong data-start=\"1883\" data-end=\"1915\">12V 7Ah\/7,2Ah\/6,5Ah AGM\/VRLA<\/strong> in der Ma\u00dfnahme <strong data-start=\"1925\" data-end=\"1941\">151 \u00d7 65 \u00d7 94 mm<\/strong>.<br data-start=\"1942\" data-end=\"1945\" \/><strong data-start=\"1945\" data-end=\"1958\">Terminal:<\/strong> Faston (F2 6,3 mm) <em data-start=\"1978\" data-end=\"2065\">Wenn Ihr vorhandenes Ger\u00e4t F1 (4,8 mm) verwendet, ist ein Adapter erforderlich \u2013 kontaktieren Sie uns gegebenenfalls.<\/em><\/p>\n<blockquote data-start=\"2067\" data-end=\"2189\">\n<p data-start=\"2069\" data-end=\"2189\">Tipp: Immer vergleichen! <strong data-start=\"2089\" data-end=\"2107\">Spannung (12V)<\/strong>, <strong data-start=\"2109\" data-end=\"2131\">Kapazit\u00e4t (ca. 7 Ah)<\/strong>, <strong data-start=\"2133\" data-end=\"2141\">messen<\/strong> Und <strong data-start=\"2146\" data-end=\"2161\">Terminaltyp<\/strong> im Vergleich zu Ihrer aktuellen Batterie.<\/p>\n<\/blockquote>\n<h2 data-start=\"2191\" data-end=\"2207\">Technische Daten<\/h2>\n<ul data-start=\"2208\" data-end=\"2595\">\n<li data-start=\"2208\" data-end=\"2230\">\n<p data-start=\"2210\" data-end=\"2230\"><strong data-start=\"2210\" data-end=\"2223\">Stromspannung:<\/strong> 12 V<\/p>\n<\/li>\n<li data-start=\"2231\" data-end=\"2254\">\n<p data-start=\"2233\" data-end=\"2254\"><strong data-start=\"2233\" data-end=\"2247\">Kapazit\u00e4t:<\/strong> 7 Ah<\/p>\n<\/li>\n<li data-start=\"2255\" data-end=\"2331\">\n<p data-start=\"2257\" data-end=\"2331\"><strong data-start=\"2257\" data-end=\"2270\">Chemie\/Typ:<\/strong> AGM (ventilgeregelte Blei-S\u00e4ure-Batterie, versiegelt\/wartungsfrei)<\/p>\n<\/li>\n<li data-start=\"2332\" data-end=\"2371\">\n<p data-start=\"2334\" data-end=\"2371\"><strong data-start=\"2334\" data-end=\"2354\">Lebensgestaltung:<\/strong> 5 Jahre (Standby)<\/p>\n<\/li>\n<li data-start=\"2372\" data-end=\"2410\">\n<p data-start=\"2374\" data-end=\"2410\"><strong data-start=\"2374\" data-end=\"2391\">Abmessungen (L\u00d7B\u00d7H):<\/strong> 151 \u00d7 65 \u00d7 94 mm<\/p>\n<\/li>\n<li data-start=\"2411\" data-end=\"2434\">\n<p data-start=\"2413\" data-end=\"2434\"><strong data-start=\"2413\" data-end=\"2422\">Gewicht:<\/strong> etwa 2,1 kg<\/p>\n<\/li>\n<li data-start=\"2435\" data-end=\"2471\">\n<p data-start=\"2437\" data-end=\"2471\"><strong data-start=\"2437\" data-end=\"2450\">Terminal:<\/strong> Faston F2 (6,3 mm)<\/p>\n<\/li>\n<li data-start=\"2472\" data-end=\"2530\">\n<p data-start=\"2474\" data-end=\"2530\"><strong data-start=\"2474\" data-end=\"2493\">Zertifizierungen:<\/strong> CE, UL, RoHS, ISO 9000\/14000\/18000<\/p>\n<\/li>\n<li data-start=\"2531\" data-end=\"2565\">\n<p data-start=\"2533\" data-end=\"2565\"><strong data-start=\"2533\" data-end=\"2557\">Artikelnummer (SKU):<\/strong> 50007<\/p>\n<\/li>\n<li data-start=\"2566\" data-end=\"2595\">\n<p data-start=\"2568\" data-end=\"2595\"><strong data-start=\"2568\" data-end=\"2588\">Marke\/Serie:<\/strong> HELIOS<\/p>\n<\/li>\n<\/ul>\n<p data-start=\"2597\" data-end=\"2730\"><em data-start=\"2597\" data-end=\"2730\">(Ladespannungen und genaue Betriebskennlinien variieren je nach Installation \u2013 befolgen Sie immer die Anweisungen im Ger\u00e4tehandbuch bzw. die Empfehlungen des Ladeger\u00e4ts.)<\/em><\/p>\n<h2 data-start=\"2732\" data-end=\"2768\">Installation \u2013 einfacher Batteriewechsel<\/h2>\n<ol data-start=\"2769\" data-end=\"3100\">\n<li data-start=\"2769\" data-end=\"2833\">\n<p data-start=\"2772\" data-end=\"2833\">Trennen Sie das Ger\u00e4t vom Stromnetz (Sicherheit geht vor).<\/p>\n<\/li>\n<li data-start=\"2834\" data-end=\"2901\">\n<p data-start=\"2837\" data-end=\"2901\">\u00d6ffnen Sie das Batteriefach und <strong data-start=\"2861\" data-end=\"2898\">Fotografieren\/Polarit\u00e4t pr\u00fcfen<\/strong>.<\/p>\n<\/li>\n<li data-start=\"2902\" data-end=\"3001\">\n<p data-start=\"2905\" data-end=\"3001\">Ziehen Sie die Schnellverschlussclips (F2) von der alten Batterie ab und befestigen Sie sie an der neuen Batterie (<strong data-start=\"2975\" data-end=\"2997\">Rot = +, Schwarz = \u2013<\/strong>).<\/p>\n<\/li>\n<li data-start=\"3002\" data-end=\"3073\">\n<p data-start=\"3005\" data-end=\"3073\">Setzen Sie die Batterie sicher in das Batteriefach ein, schlie\u00dfen Sie den Deckel und schlie\u00dfen Sie die Netzspannung wieder an.<\/p>\n<\/li>\n<li data-start=\"3074\" data-end=\"3100\">\n<p data-start=\"3077\" data-end=\"3100\">Funktionstest \u2013 abgeschlossen.<\/p>\n<\/li>\n<\/ol>\n<blockquote data-start=\"3102\" data-end=\"3195\">\n<p data-start=\"3104\" data-end=\"3195\"><strong data-start=\"3104\" data-end=\"3114\">Umfeld:<\/strong> Bitte senden Sie gebrauchte Blei-S\u00e4ure-Batterien zur\u00fcck an <strong data-start=\"3148\" data-end=\"3163\">Recycling<\/strong> (Das Produkt ist recycelbar).<\/p>\n<\/blockquote>\n<hr data-start=\"3197\" data-end=\"3200\" \/>\n<h1 data-start=\"3202\" data-end=\"3207\">FAQ<\/h1>\n<p data-start=\"3209\" data-end=\"3395\"><strong data-start=\"3209\" data-end=\"3237\">Passt es in UPS\/Alarm X?<\/strong><br data-start=\"3237\" data-end=\"3240\" \/>Wenn Ihr Ger\u00e4t dies erfordert <strong data-start=\"3260\" data-end=\"3271\">12V 7Ah<\/strong> in der Gr\u00f6\u00dfe <strong data-start=\"3282\" data-end=\"3298\">151 \u00d7 65 \u00d7 94 mm<\/strong> und hat <strong data-start=\"3307\" data-end=\"3323\">F2-Kontakte<\/strong> Passt in den meisten F\u00e4llen. Vergleichen Sie immer Etikett\/Abmessungen\/Anschluss.<\/p>\n<p data-start=\"3397\" data-end=\"3608\"><strong data-start=\"3397\" data-end=\"3436\">Was bedeutet \u201eausgelegte Nutzungsdauer 5 Jahre\u201c?<\/strong><br data-start=\"3436\" data-end=\"3439\" \/>Der Akku ist f\u00fcr einen Standby-Betrieb von bis zu ca. 5 Jahren unter optimalen Bedingungen (Temperatur, Ladung) ausgelegt. Die tats\u00e4chliche Lebensdauer h\u00e4ngt von der Umgebung und dem Nutzungsverhalten ab.<\/p>\n<p data-start=\"3610\" data-end=\"3764\"><strong data-start=\"3610\" data-end=\"3635\">F1- oder F2-Anschluss?<\/strong><br data-start=\"3635\" data-end=\"3638\" \/>Diese Batterie wird geliefert mit <strong data-start=\"3666\" data-end=\"3681\">F2 (6,3 mm)<\/strong>Halten Sie Ihre Ausr\u00fcstung bereit <strong data-start=\"3702\" data-end=\"3717\">F1 (4,8 mm)<\/strong> Sie k\u00f6nnen einen Adapter verwenden \u2013 wir helfen Ihnen gerne.<\/p>\n<p data-start=\"3766\" data-end=\"3862\"><strong data-start=\"3766\" data-end=\"3793\">Ist es wartungsfrei?<\/strong><br data-start=\"3793\" data-end=\"3796\" \/>Ja, es ist ein <strong data-start=\"3811\" data-end=\"3836\">versiegelte AGM-Batterie<\/strong>Kein Nachf\u00fcllen erforderlich.<\/p>\n<p data-start=\"3766\" data-end=\"3862\"><strong data-start=\"1516\" data-end=\"1551\">Handelt es sich um eine AGM- oder GEL-Batterie?<\/strong><br data-start=\"1551\" data-end=\"1554\" \/>Dies ist ein <strong data-start=\"1569\" data-end=\"1591\">AGM-Batterie (VRLA)<\/strong>d. h. ventilgeregelt und wartungsfrei. Es handelt sich nicht um eine Gelbatterie, sie funktioniert aber in den gleichen Systemen.<\/p>\n<p data-start=\"3766\" data-end=\"3862\"><strong data-start=\"1880\" data-end=\"1899\">Zusammenfassung:<\/strong><br data-start=\"1899\" data-end=\"1902\" \/>Die HELIOS 12V 7Ah AGM-Batterie (VRLA) ist eine zuverl\u00e4ssige, wartungsfreie Batterie mit einer Lebensdauer von f\u00fcnf Jahren. Sie eignet sich ideal als Ersatz f\u00fcr 12V 7Ah\/7,2Ah-Batterien in Alarmanlagen, USV-Anlagen und anderen kritischen Ger\u00e4ten.<\/p>\n<p data-start=\"3766\" data-end=\"3862\"><b>\u00a0<\/b><\/p>","protected":false},"excerpt":{"rendered":"<p><strong data-start=\"1871\" data-end=\"1935\">Wartungsfreie 12V 7Ah AGM-Batterie (VRLA) f\u00fcr Alarmanlagen und USV-Anlagen.<\/strong><br data-start=\"1935\" data-end=\"1938\" \/>Standardabmessungen <strong data-start=\"1951\" data-end=\"1967\">151 \u00d7 65 \u00d7 94 mm<\/strong>, <strong data-start=\"1969\" data-end=\"1984\">F2 (6,3 mm)<\/strong>Ersetzt 12V <strong data-start=\"1999\" data-end=\"2012\">7Ah\/7,2Ah<\/strong> im gleichen Format. <strong data-start=\"2029\" data-end=\"2054\">Geplante Lebensdauer: 5 Jahre.<\/strong> Schnelle Lieferung aus einem schwedischen Gesch\u00e4ft.<\/p>","protected":false},"featured_media":159334,"template":"","meta":{"_acf_changed":false},"product_brand":[],"product_cat":[1596,2428],"product_tag":[4519,2423,2419,2422],"class_list":{"0":"post-57002","1":"product","2":"type-product","3":"status-publish","4":"has-post-thumbnail","6":"product_cat-ackumulatorer-12v-agm-batterier","7":"product_cat-stromforsorjning-batterier","8":"product_tag-batteri-7-12-ah","9":"product_tag-rel-larm-allman","10":"product_tag-rel-batteri","11":"product_tag-rel-brand","12":"product_shipping_class-tunga-paket","13":"pa_brands-stonehouse-security","14":"tm-no-options","16":"first","17":"instock","18":"sale","19":"featured","20":"taxable","21":"shipping-taxable","22":"purchasable","23":"product-type-simple"},"acf":[],"_links":{"self":[{"href":"https:\/\/secureus.se\/de\/wp-json\/wp\/v2\/product\/57002","targetHints":{"allow":["GET"]}}],"collection":[{"href":"https:\/\/secureus.se\/de\/wp-json\/wp\/v2\/product"}],"about":[{"href":"https:\/\/secureus.se\/de\/wp-json\/wp\/v2\/types\/product"}],"wp:featuredmedia":[{"embeddable":true,"href":"https:\/\/secureus.se\/de\/wp-json\/wp\/v2\/media\/159334"}],"wp:attachment":[{"href":"https:\/\/secureus.se\/de\/wp-json\/wp\/v2\/media?parent=57002"}],"wp:term":[{"taxonomy":"product_brand","embeddable":true,"href":"https:\/\/secureus.se\/de\/wp-json\/wp\/v2\/product_brand?post=57002"},{"taxonomy":"product_cat","embeddable":true,"href":"https:\/\/secureus.se\/de\/wp-json\/wp\/v2\/product_cat?post=57002"},{"taxonomy":"product_tag","embeddable":true,"href":"https:\/\/secureus.se\/de\/wp-json\/wp\/v2\/product_tag?post=57002"}],"curies":[{"name":"wp","href":"https:\/\/api.w.org\/{rel}","templated":true}]}}