{"id":57003,"date":"2022-03-10T15:57:00","date_gmt":"2022-03-10T14:57:00","guid":{"rendered":"https:\/\/secureus.se\/produkt\/longlife-aaa-lr03-batteri-4-pack-fran-pk-cell-ej-uppladdningsbart\/"},"modified":"2026-03-13T12:09:03","modified_gmt":"2026-03-13T11:09:03","slug":"longlife-aaa-lr03-batteri-4-pack-fran-pk-cell-ej-uppladdningsbart","status":"publish","type":"product","link":"https:\/\/secureus.se\/de\/longlife-aaa-lr03-batteri-4-pack-fran-pk-cell-ej-uppladdningsbart\/","title":{"rendered":"Batterie AAA LR03 Batterie 4er-Pack Longlife"},"content":{"rendered":"<p>AAA \u2013 LR03 1,5 Volt ist eine sehr vielseitige Batterie und funktioniert in allen Produkttypen, die ein wenig mehr erfordern, wie zum Beispiel Sicherheitsprodukte und andere Produkte, die eine lange Lebensdauer ben\u00f6tigen.<\/p>\n<p>Da dieser Akku im praktischen 4er-Pack geliefert wird, schonen Sie sowohl die Umwelt als auch die Anschaffungskosten.<\/p>\n<p>Die Batterien verf\u00fcgen \u00fcber eine beeindruckende Leistung und die Langlebigkeit, f\u00fcr die PK-Zellen bekannt sind.<\/p>","protected":false},"excerpt":{"rendered":"<p>AAA \u2013 LR03 1,5 Volt ist eine sehr vielseitige Batterie und funktioniert in allen Produkttypen, die ein wenig mehr erfordern, wie zum Beispiel Sicherheitsprodukte und andere Produkte, die eine lange Lebensdauer ben\u00f6tigen. Seit<\/p>","protected":false},"featured_media":145107,"template":"","meta":{"_acf_changed":false},"product_brand":[],"product_cat":[1324,1862],"product_tag":[2419],"class_list":{"0":"post-57003","1":"product","2":"type-product","3":"status-publish","4":"has-post-thumbnail","6":"product_cat-outlet","7":"product_cat-batterier-knappcell","8":"product_tag-rel-batteri","9":"product_shipping_class-postnord-varubrev","10":"pa_brands-pk-cell","11":"tm-no-options","13":"first","14":"outofstock","15":"sale","16":"featured","17":"taxable","18":"shipping-taxable","19":"purchasable","20":"product-type-simple"},"acf":[],"_links":{"self":[{"href":"https:\/\/secureus.se\/de\/wp-json\/wp\/v2\/product\/57003","targetHints":{"allow":["GET"]}}],"collection":[{"href":"https:\/\/secureus.se\/de\/wp-json\/wp\/v2\/product"}],"about":[{"href":"https:\/\/secureus.se\/de\/wp-json\/wp\/v2\/types\/product"}],"wp:featuredmedia":[{"embeddable":true,"href":"https:\/\/secureus.se\/de\/wp-json\/wp\/v2\/media\/145107"}],"wp:attachment":[{"href":"https:\/\/secureus.se\/de\/wp-json\/wp\/v2\/media?parent=57003"}],"wp:term":[{"taxonomy":"product_brand","embeddable":true,"href":"https:\/\/secureus.se\/de\/wp-json\/wp\/v2\/product_brand?post=57003"},{"taxonomy":"product_cat","embeddable":true,"href":"https:\/\/secureus.se\/de\/wp-json\/wp\/v2\/product_cat?post=57003"},{"taxonomy":"product_tag","embeddable":true,"href":"https:\/\/secureus.se\/de\/wp-json\/wp\/v2\/product_tag?post=57003"}],"curies":[{"name":"wp","href":"https:\/\/api.w.org\/{rel}","templated":true}]}}