{"id":57048,"date":"2022-03-10T15:48:00","date_gmt":"2022-03-10T14:48:00","guid":{"rendered":"https:\/\/secureus.se\/produkt\/skyddskapa-larmknapp-rod-for-lk-50r\/"},"modified":"2025-12-31T19:56:43","modified_gmt":"2025-12-31T18:56:43","slug":"skyddskapa-larmknapp-rod-for-lk-50r","status":"publish","type":"product","link":"https:\/\/secureus.se\/de\/skyddskapa-larmknapp-rod-for-lk-50r\/","title":{"rendered":"Schutzh\u00fclle Alarmknopf rot (f\u00fcr LK-50R)"},"content":{"rendered":"<p>Schutzhaube aus UV-best\u00e4ndigem Polycarbonat zum Schutz der Alarmkn\u00f6pfe vor Vandalismus und Vandalismus.<\/p>\n<p>F\u00fcr die Aufputzmontage vorgesehen und f\u00fcr verschiedene Zwecke einsetzbar.<\/p>","protected":false},"excerpt":{"rendered":"<p>Feueralarmtaster \u2013 Feuertaster \u2013 Schutzabdeckung als Zubeh\u00f6r \u2013 Rote\/gr\u00fcne Alarmtaster f\u00fcr die Evakuierung <\/p>","protected":false},"featured_media":145136,"template":"","meta":{"_acf_changed":false},"product_brand":[],"product_cat":[1830,4828],"product_tag":[2938,2958,3130],"class_list":{"0":"post-57048","1":"product","2":"type-product","3":"status-publish","4":"has-post-thumbnail","6":"product_cat-brandknappar","7":"product_cat-nodknappar","8":"product_tag-brandknappar","9":"product_tag-stonehouse-produkt","10":"product_tag-tillbehor-oppna-brandknappar","11":"product_shipping_class-postnord-varubrev","12":"pa_brands-stonehouse-security","13":"tm-no-options","15":"first","16":"instock","17":"sale","18":"featured","19":"taxable","20":"shipping-taxable","21":"purchasable","22":"product-type-simple"},"acf":[],"_links":{"self":[{"href":"https:\/\/secureus.se\/de\/wp-json\/wp\/v2\/product\/57048","targetHints":{"allow":["GET"]}}],"collection":[{"href":"https:\/\/secureus.se\/de\/wp-json\/wp\/v2\/product"}],"about":[{"href":"https:\/\/secureus.se\/de\/wp-json\/wp\/v2\/types\/product"}],"wp:featuredmedia":[{"embeddable":true,"href":"https:\/\/secureus.se\/de\/wp-json\/wp\/v2\/media\/145136"}],"wp:attachment":[{"href":"https:\/\/secureus.se\/de\/wp-json\/wp\/v2\/media?parent=57048"}],"wp:term":[{"taxonomy":"product_brand","embeddable":true,"href":"https:\/\/secureus.se\/de\/wp-json\/wp\/v2\/product_brand?post=57048"},{"taxonomy":"product_cat","embeddable":true,"href":"https:\/\/secureus.se\/de\/wp-json\/wp\/v2\/product_cat?post=57048"},{"taxonomy":"product_tag","embeddable":true,"href":"https:\/\/secureus.se\/de\/wp-json\/wp\/v2\/product_tag?post=57048"}],"curies":[{"name":"wp","href":"https:\/\/api.w.org\/{rel}","templated":true}]}}