{"id":57078,"date":"2022-03-10T15:47:00","date_gmt":"2022-03-10T14:47:00","guid":{"rendered":"https:\/\/secureus.se\/produkt\/overfallsknapp-mekanisk-hb-105-m-alarmtech\/"},"modified":"2026-04-01T13:18:44","modified_gmt":"2026-04-01T11:18:44","slug":"overfallsknapp-mekanisk-hb-105-m-alarmtech","status":"publish","type":"product","link":"https:\/\/secureus.se\/de\/overfallsknapp-mekanisk-hb-105-m-alarmtech\/","title":{"rendered":"Angriffsknopf mechanisch HB-105-M Alarmtech"},"content":{"rendered":"<p>HB 105-M ist ein mechanischer \u00dcberfallkontakt, der f\u00fcr verschiedene Anwendungen in einer Alarmanlage eingesetzt werden kann.<\/p>\n<p>Der HB105 verf\u00fcgt \u00fcber zwei federbelastete Drucktaster mit wechselnder Schlie\u00dfer-\/\u00d6ffnerfunktion in einer Klemmenleiste. Je nach Anschluss kann er f\u00fcr Doppelklicks oder f\u00fcr separate Funktionen pro Taster verwendet werden. Zus\u00e4tzlich ist ein Eingang zur Ansteuerung der integrierten LED vorhanden.<\/p>\n<p>Sabotageschalter zum Schutz vor \u00d6ffnung.<\/p>","protected":false},"excerpt":{"rendered":"<p>Produkte aus dem Profimarkt - Alarmtech - Immer g\u00fcnstiger Preis<\/p>\n<p>&nbsp;<\/p>","protected":false},"featured_media":145149,"template":"","meta":{"_acf_changed":false},"product_brand":[],"product_cat":[3221,4092],"product_tag":[],"class_list":{"0":"post-57078","1":"product","2":"type-product","3":"status-publish","4":"has-post-thumbnail","6":"product_cat-tradade-larmenheter","7":"product_cat-overfallsknappar","8":"product_shipping_class-postnord-varubrev","9":"pa_brands-alarmtech","10":"tm-no-options","12":"first","13":"instock","14":"sale","15":"featured","16":"taxable","17":"shipping-taxable","18":"purchasable","19":"product-type-simple"},"acf":[],"_links":{"self":[{"href":"https:\/\/secureus.se\/de\/wp-json\/wp\/v2\/product\/57078","targetHints":{"allow":["GET"]}}],"collection":[{"href":"https:\/\/secureus.se\/de\/wp-json\/wp\/v2\/product"}],"about":[{"href":"https:\/\/secureus.se\/de\/wp-json\/wp\/v2\/types\/product"}],"wp:featuredmedia":[{"embeddable":true,"href":"https:\/\/secureus.se\/de\/wp-json\/wp\/v2\/media\/145149"}],"wp:attachment":[{"href":"https:\/\/secureus.se\/de\/wp-json\/wp\/v2\/media?parent=57078"}],"wp:term":[{"taxonomy":"product_brand","embeddable":true,"href":"https:\/\/secureus.se\/de\/wp-json\/wp\/v2\/product_brand?post=57078"},{"taxonomy":"product_cat","embeddable":true,"href":"https:\/\/secureus.se\/de\/wp-json\/wp\/v2\/product_cat?post=57078"},{"taxonomy":"product_tag","embeddable":true,"href":"https:\/\/secureus.se\/de\/wp-json\/wp\/v2\/product_tag?post=57078"}],"curies":[{"name":"wp","href":"https:\/\/api.w.org\/{rel}","templated":true}]}}