{"id":57106,"date":"2022-03-10T15:42:00","date_gmt":"2022-03-10T14:42:00","guid":{"rendered":"https:\/\/secureus.se\/produkt\/dsc-neo-knappsats-tradbunden-hs2lcd-engelsk-text\/"},"modified":"2026-04-15T13:59:52","modified_gmt":"2026-04-15T11:59:52","slug":"dsc-hardwired-keypad-hs2lcd-eng","status":"publish","type":"product","link":"https:\/\/secureus.se\/de\/dsc-hardwired-keypad-hs2lcd-eng\/","title":{"rendered":"DSC Hardwired Keypad HS2LCD unterst\u00fctzt Englisch, Franz\u00f6sisch, Italienisch, Deutsch, Niederl\u00e4ndisch und Polnisch."},"content":{"rendered":"<h1>DSC Hardwired Keypad HS2LCD \u2013 Modernes und benutzerfreundliches Keypad f\u00fcr DSC NEO<\/h1>\n<p><strong>DSC HS2LCD<\/strong> ist einer <strong>kabelgebundene Tastatur<\/strong> wurde f\u00fcr eine einfache und effektive Kontrolle \u00fcber <strong>DSC NEO Alarmsystem<\/strong>.<\/p>\n<p>Mit modernem LCD-Display und Unterst\u00fctzung f\u00fcr <strong>6 verschiedene Sprachen<\/strong>, einschlie\u00dflich Englisch, eignet es sich ideal f\u00fcr die Installation sowohl in Wohn- als auch in Gesch\u00e4ftsr\u00e4umen.<\/p>\n<h5>Hauptfunktionen<\/h5>\n<ul>\n<li><strong>\u00dcbersichtliches LCD-Display<\/strong>: Zeigt Systemstatus- und Alarminformationen mit Unterst\u00fctzung f\u00fcr Englisch, Franz\u00f6sisch, Italienisch, Deutsch, Niederl\u00e4ndisch und Polnisch an.<\/li>\n<li><strong>Programmierbare Texte<\/strong>: Passen Sie Texte f\u00fcr Zonen und Alarmbereiche f\u00fcr ein personalisiertes Benutzererlebnis an.<\/li>\n<li><strong>Funktionstasten<\/strong>: F\u00fcnf Schnellzugriffstasten und drei Notfalltasten f\u00fcr schnellen Zugriff auf wichtige Funktionen.<\/li>\n<li><strong>Schlankes Design<\/strong>: Passt mit seinem modernen und diskreten Design in jede Umgebung.<\/li>\n<li><strong>Wei\u00df beleuchtete Tasten<\/strong>: Einfache Verwendung bei schwachem Licht.<\/li>\n<\/ul>\n<h5>Vorteile<\/h5>\n<ul>\n<li><strong>Internationaler Einsatz<\/strong>: Perfekt f\u00fcr Benutzer, die mehrsprachige Funktionen ben\u00f6tigen.<\/li>\n<li><strong>Benutzerfreundlichkeit<\/strong>: Intuitive Benutzeroberfl\u00e4che und programmierbare Funktionen erleichtern die Bedienung.<\/li>\n<li><strong>Elegantes Design<\/strong>: Stilvoll und kompakt, geeignet f\u00fcr zu Hause und das B\u00fcro.<\/li>\n<\/ul>\n<h5>Einsatzgebiete<\/h5>\n<ul>\n<li><strong>Residenzen<\/strong>: Zur \u00dcberpr\u00fcfung der Sicherheit zu Hause.<\/li>\n<li><strong>Gesch\u00e4ft<\/strong>: Ideal f\u00fcr Gesch\u00e4ftsgeb\u00e4ude und B\u00fcros.<\/li>\n<li><strong>\u00d6ffentliche R\u00e4ume<\/strong>: Perfekt f\u00fcr Schulen und andere Einrichtungen mit mehrsprachigen Benutzern.<\/li>\n<\/ul>\n<p>Mit <strong>DSC-festverdrahtete Tastatur HS2LCD<\/strong> Sie erhalten eine benutzerfreundliche und <strong>stilvolle L\u00f6sung<\/strong> zur Steuerung und \u00dcberwachung Ihrer Sicherheitssysteme.<\/p>","protected":false},"excerpt":{"rendered":"<p>Die festverdrahtete DSC-Tastatur HS2LCD ist eine kabelgebundene Tastatur mit LCD-Display und Unterst\u00fctzung f\u00fcr 6 Sprachen.<\/p>\n<p>Perfekt zur Steuerung und \u00dcberwachung von DSC NEO-Alarmsystemen.<\/p>","protected":false},"featured_media":145086,"template":"","meta":{"_acf_changed":false},"product_brand":[],"product_cat":[3329,1322],"product_tag":[3311,3028,3029],"class_list":{"0":"post-57106","1":"product","2":"type-product","3":"status-publish","4":"has-post-thumbnail","6":"product_cat-knappsats-kod","7":"product_cat-dsc-larm-neo-power-hybridlarm","8":"product_tag-dsc-neo-svensk-manual","9":"product_tag-neo-knappsats-manoverpaneler","10":"product_tag-neo-dsc-knappsats-manoverpaneler","11":"product_shipping_class-tunga-paket","12":"pa_brands-4dsc","13":"pa_dsc-neo-hybridlarm-knappsatser","14":"tm-has-options","16":"first","17":"instock","18":"sale","19":"featured","20":"taxable","21":"shipping-taxable","22":"purchasable","23":"product-type-simple"},"acf":[],"_links":{"self":[{"href":"https:\/\/secureus.se\/de\/wp-json\/wp\/v2\/product\/57106","targetHints":{"allow":["GET"]}}],"collection":[{"href":"https:\/\/secureus.se\/de\/wp-json\/wp\/v2\/product"}],"about":[{"href":"https:\/\/secureus.se\/de\/wp-json\/wp\/v2\/types\/product"}],"wp:featuredmedia":[{"embeddable":true,"href":"https:\/\/secureus.se\/de\/wp-json\/wp\/v2\/media\/145086"}],"wp:attachment":[{"href":"https:\/\/secureus.se\/de\/wp-json\/wp\/v2\/media?parent=57106"}],"wp:term":[{"taxonomy":"product_brand","embeddable":true,"href":"https:\/\/secureus.se\/de\/wp-json\/wp\/v2\/product_brand?post=57106"},{"taxonomy":"product_cat","embeddable":true,"href":"https:\/\/secureus.se\/de\/wp-json\/wp\/v2\/product_cat?post=57106"},{"taxonomy":"product_tag","embeddable":true,"href":"https:\/\/secureus.se\/de\/wp-json\/wp\/v2\/product_tag?post=57106"}],"curies":[{"name":"wp","href":"https:\/\/api.w.org\/{rel}","templated":true}]}}