{"id":57109,"date":"2022-03-10T15:42:00","date_gmt":"2022-03-10T14:42:00","guid":{"rendered":"https:\/\/secureus.se\/produkt\/kapsling-small-till-neo-multi-40-va-trafo\/"},"modified":"2026-04-01T13:28:14","modified_gmt":"2026-04-01T11:28:14","slug":"dsc-kapsling-small-40-va","status":"publish","type":"product","link":"https:\/\/secureus.se\/de\/dsc-kapsling-small-40-va\/","title":{"rendered":"Geh\u00e4use Multi kleiner 40 VA Transformator f\u00fcr DSC \u2013 Paradox und Risco AWO150"},"content":{"rendered":"<h1><strong>DSC-Geh\u00e4use Multi (Klein) 40 VA<\/strong> ist eine vielseitige und praktische L\u00f6sung f\u00fcr die Installation und den Schutz der Elektronik der Alarmanlage.<\/h1>\n<p>Dieses Geh\u00e4use ist f\u00fcr die Aufnahme eines 40-VA-Transformators ausgelegt und bietet eine zuverl\u00e4ssige Stromversorgung f\u00fcr verschiedene Sicherheitsger\u00e4te, darunter DSC NEO, Paradox und Risco.<\/p>\n<p>Mit seiner kompakten Gr\u00f6\u00dfe (280 x 290 x 80 mm) ist es ideal f\u00fcr private und gesch\u00e4ftliche Umgebungen, in denen der Platz begrenzt sein kann.<\/p>\n<p>Das Geh\u00e4use besteht aus robustem Blech und verf\u00fcgt \u00fcber die IP-Schutzart IP 20, wodurch es f\u00fcr die Innenaufstellung geeignet ist.<\/p>\n<p>Dar\u00fcber hinaus ist es mit einem Sabotagekontakt ausgestattet, der f\u00fcr zus\u00e4tzliche Sicherheit vor unbefugtem Zugriff sorgt. Mit zwei mitgelieferten Schl\u00fcsseln k\u00f6nnen Sie das Geh\u00e4use einfach abschlie\u00dfen, um die empfindliche Ausr\u00fcstung im Inneren zu sch\u00fctzen.<\/p>\n<p>Der Transformator hat eine Stromkapazit\u00e4t von 2,2 A\/16 VAC und 2 A\/18 VAC und ist somit eine effiziente und leistungsstarke Stromversorgungskomponente.<\/p>\n<p>Das Geh\u00e4use unterst\u00fctzt au\u00dferdem eine 7-Ah-Pufferbatterie, die daf\u00fcr sorgt, dass das System auch bei einem Stromausfall aktiv bleibt.<\/p>\n<p>Unabh\u00e4ngig davon, ob Sie ein Alarmsystem in einem Wohn- oder Gewerbegeb\u00e4ude installieren, bietet das DSC Enclosure Multi (Small) eine zuverl\u00e4ssige und sichere L\u00f6sung zum Schutz Ihrer elektronischen Ger\u00e4te und Sicherheitsl\u00f6sungen.<\/p>","protected":false},"excerpt":{"rendered":"<p>Das DSC-Geh\u00e4use mit Schloss und Transformator ist universell und passt zu allen Alarmsystemen oder Ger\u00e4ten, die eine Stromversorgung ben\u00f6tigen.<\/p>\n<p>Dieses Geh\u00e4use dient zum Schutz und zur \u00dcberwachung von Elektronik in verschiedenen Installationsumgebungen.<\/p>","protected":false},"featured_media":145206,"template":"","meta":{"_acf_changed":false},"product_brand":[],"product_cat":[3323,1322],"product_tag":[3311,3022],"class_list":{"0":"post-57109","1":"product","2":"type-product","3":"status-publish","4":"has-post-thumbnail","6":"product_cat-kapsling","7":"product_cat-dsc-larm-neo-power-hybridlarm","8":"product_tag-dsc-neo-svensk-manual","9":"product_tag-neo-central-kapslingar","10":"product_shipping_class-postnord-varubrev","11":"pa_brands-pulsar","12":"pa_dsc-neo-hybridlarm-kapslingar-boxar","13":"tm-has-options","15":"first","16":"instock","17":"sale","18":"featured","19":"taxable","20":"shipping-taxable","21":"purchasable","22":"product-type-simple"},"acf":[],"_links":{"self":[{"href":"https:\/\/secureus.se\/de\/wp-json\/wp\/v2\/product\/57109","targetHints":{"allow":["GET"]}}],"collection":[{"href":"https:\/\/secureus.se\/de\/wp-json\/wp\/v2\/product"}],"about":[{"href":"https:\/\/secureus.se\/de\/wp-json\/wp\/v2\/types\/product"}],"wp:featuredmedia":[{"embeddable":true,"href":"https:\/\/secureus.se\/de\/wp-json\/wp\/v2\/media\/145206"}],"wp:attachment":[{"href":"https:\/\/secureus.se\/de\/wp-json\/wp\/v2\/media?parent=57109"}],"wp:term":[{"taxonomy":"product_brand","embeddable":true,"href":"https:\/\/secureus.se\/de\/wp-json\/wp\/v2\/product_brand?post=57109"},{"taxonomy":"product_cat","embeddable":true,"href":"https:\/\/secureus.se\/de\/wp-json\/wp\/v2\/product_cat?post=57109"},{"taxonomy":"product_tag","embeddable":true,"href":"https:\/\/secureus.se\/de\/wp-json\/wp\/v2\/product_tag?post=57109"}],"curies":[{"name":"wp","href":"https:\/\/api.w.org\/{rel}","templated":true}]}}