{"id":57163,"date":"2022-03-10T15:28:00","date_gmt":"2022-03-10T14:28:00","guid":{"rendered":"https:\/\/secureus.se\/produkt\/dubbelsidig-eko-serie-id-korthallare-liggande-for-cr80-kort-100-pack-farg-svart\/"},"modified":"2026-01-02T12:16:31","modified_gmt":"2026-01-02T11:16:31","slug":"id-korthallare-passerkortshallare-svart-dubbel-liggande-100-pack","status":"publish","type":"product","link":"https:\/\/secureus.se\/de\/id-korthallare-passerkortshallare-svart-dubbel-liggande-100-pack\/","title":{"rendered":"Kartenhalter f\u00fcr\n  Eko BioBadge CR80 Querformat, doppelseitig, schwarz\n  (100 St\u00fcck)"},"content":{"rendered":"<div id=\"Product-Description\">\n<p>Unser schwarzer doppelseitiger Ausweishalter im Querformat ist eine nachhaltige Wahl aus oxo-abbaubarem Kunststoff und hilft Unternehmen, ihren CO2-Fu\u00dfabdruck zu reduzieren. Das intelligente Design mit geformten Kanten sch\u00fctzt die Karten vor Verbiegen oder Rissen, sodass weniger Karten ausgetauscht werden m\u00fcssen und Zeit und Geld gespart werden.<\/p>\n<ul>\n<li><strong>Verkauft in Packungen mit 100 St\u00fcck<\/strong><\/li>\n<li><strong>Messen:<\/strong> 86 x 54 mm<\/li>\n<li><strong>Passend f\u00fcr Karten im Standardformat CR80<\/strong><\/li>\n<li><strong>Doppelseitig zum gleichzeitigen Pr\u00e4sentieren mehrerer Karten<\/strong><\/li>\n<li>Perfekt f\u00fcr Ausweise, Zutrittskarten und andere Karten im gleichen Format.<\/li>\n<\/ul>\n<p>Eine zuverl\u00e4ssige und umweltfreundliche Alternative f\u00fcr Arbeitspl\u00e4tze, Veranstaltungen und andere Umgebungen, in denen mehrere Karten gleichzeitig angezeigt werden m\u00fcssen.<\/p>\n<p>Kontaktieren Sie uns f\u00fcr weitere Farben und Modelle!<\/p>\n<\/div>","protected":false},"excerpt":{"rendered":"<p>Schwarzer doppelseitiger Ausweishalter im Querformat aus oxo-abbaubarem Kunststoff. Perfekt f\u00fcr die Pr\u00e4sentation von Standard-Passkarten im CR80-Format (86 x 54 mm). Lieferung in 100er-Packungen.<\/p>","protected":false},"featured_media":145611,"template":"","meta":{"_acf_changed":false},"product_brand":[],"product_cat":[4885,1667],"product_tag":[4528,2847,4524,2958,4526],"class_list":{"0":"post-57163","1":"product","2":"type-product","3":"status-publish","4":"has-post-thumbnail","6":"product_cat-dubbelsidig-liggande-korthallare","7":"product_cat-korthallare-passerkort-idkort","8":"product_tag-dubbelsidig-korthallare","9":"product_tag-korthallare-liggande-eko","10":"product_tag-liggande-korthallare","11":"product_tag-stonehouse-produkt","12":"product_tag-svart-korthallare","13":"product_shipping_class-tunga-paket","14":"pa_brands-stonehouse-security","15":"pa_farg-svart","16":"pa_rfid-tillbehor-korthallare","17":"tm-no-options","19":"first","20":"instock","21":"sale","22":"taxable","23":"shipping-taxable","24":"purchasable","25":"product-type-simple"},"acf":[],"_links":{"self":[{"href":"https:\/\/secureus.se\/de\/wp-json\/wp\/v2\/product\/57163","targetHints":{"allow":["GET"]}}],"collection":[{"href":"https:\/\/secureus.se\/de\/wp-json\/wp\/v2\/product"}],"about":[{"href":"https:\/\/secureus.se\/de\/wp-json\/wp\/v2\/types\/product"}],"wp:featuredmedia":[{"embeddable":true,"href":"https:\/\/secureus.se\/de\/wp-json\/wp\/v2\/media\/145611"}],"wp:attachment":[{"href":"https:\/\/secureus.se\/de\/wp-json\/wp\/v2\/media?parent=57163"}],"wp:term":[{"taxonomy":"product_brand","embeddable":true,"href":"https:\/\/secureus.se\/de\/wp-json\/wp\/v2\/product_brand?post=57163"},{"taxonomy":"product_cat","embeddable":true,"href":"https:\/\/secureus.se\/de\/wp-json\/wp\/v2\/product_cat?post=57163"},{"taxonomy":"product_tag","embeddable":true,"href":"https:\/\/secureus.se\/de\/wp-json\/wp\/v2\/product_tag?post=57163"}],"curies":[{"name":"wp","href":"https:\/\/api.w.org\/{rel}","templated":true}]}}