{"id":57170,"date":"2022-03-10T15:28:00","date_gmt":"2022-03-10T14:28:00","guid":{"rendered":"https:\/\/secureus.se\/produkt\/nyckelband-15mm-visitor-sakerhetspannne-hummerklamma-i-metall-100-pack-farg-rod\/"},"modified":"2025-12-31T19:54:06","modified_gmt":"2025-12-31T18:54:06","slug":"nyckelband-15mm-visitor-sakerhetspannne-hummerklamma-i-metall-100-pack-farg-rod","status":"publish","type":"product","link":"https:\/\/secureus.se\/de\/nyckelband-15mm-visitor-sakerhetspannne-hummerklamma-i-metall-100-pack-farg-rod\/","title":{"rendered":"Schl\u00fcsselanh\u00e4nger, 15 mm, rot, Karabinerhaken mit Sicherheitsschnalle, 100 St\u00fcck"},"content":{"rendered":"<div>\n<div id=\"Product-Description\">\n<p>Schl\u00fcsselanh\u00e4nger 15mm \u201eBesucher\u201c Sicherheitsschnalle \u201eHummerclip\u201c aus Metall (100er-Pack)<\/p>\n<p>15-mm-Lanyard mit fertigem wei\u00dfem Text \u201eVISITOR\u201c<\/p>\n<p>&nbsp;<\/p>\n<p>&nbsp;<\/p>\n<\/div>\n<\/div>","protected":false},"excerpt":{"rendered":"<p>Schl\u00fcsselband 15 mm \u201eVisitor\u201c Sicherheitsschnalle \u201eHummerclip\u201c aus Metall (100er-Pack) 15 mm Schl\u00fcsselband mit fertigem wei\u00dfem Text \u201eVISITOR\u201c &nbsp; &nbsp;<\/p>","protected":false},"featured_media":145452,"template":"","meta":{"_acf_changed":false},"product_brand":[],"product_cat":[1875],"product_tag":[4360,4358,2958],"class_list":{"0":"post-57170","1":"product","2":"type-product","3":"status-publish","4":"has-post-thumbnail","6":"product_cat-nyckelband","7":"product_tag-15mm","8":"product_tag-roda-nyckelband","9":"product_tag-stonehouse-produkt","10":"product_shipping_class-tunga-paket","11":"pa_brands-stonehouse-security","12":"pa_farg-rod","13":"pa_farg-nyckelband-rod","14":"pa_rfid-tillbehor-clips-montering","15":"pa_rfid-tillbehor-jojo","16":"pa_rfid-tillbehor-korthallare","17":"pa_rfid-tillbehor-nyckelband-halsband","18":"pa_rfid-tillbehor-nyckelringar","19":"pa_rfid-tillbehor-plastfickor","20":"pa_rfid-tillbehor-populara-kombinationer","21":"tm-no-options","23":"first","24":"instock","25":"sale","26":"featured","27":"taxable","28":"shipping-taxable","29":"purchasable","30":"product-type-simple"},"acf":[],"_links":{"self":[{"href":"https:\/\/secureus.se\/de\/wp-json\/wp\/v2\/product\/57170","targetHints":{"allow":["GET"]}}],"collection":[{"href":"https:\/\/secureus.se\/de\/wp-json\/wp\/v2\/product"}],"about":[{"href":"https:\/\/secureus.se\/de\/wp-json\/wp\/v2\/types\/product"}],"wp:featuredmedia":[{"embeddable":true,"href":"https:\/\/secureus.se\/de\/wp-json\/wp\/v2\/media\/145452"}],"wp:attachment":[{"href":"https:\/\/secureus.se\/de\/wp-json\/wp\/v2\/media?parent=57170"}],"wp:term":[{"taxonomy":"product_brand","embeddable":true,"href":"https:\/\/secureus.se\/de\/wp-json\/wp\/v2\/product_brand?post=57170"},{"taxonomy":"product_cat","embeddable":true,"href":"https:\/\/secureus.se\/de\/wp-json\/wp\/v2\/product_cat?post=57170"},{"taxonomy":"product_tag","embeddable":true,"href":"https:\/\/secureus.se\/de\/wp-json\/wp\/v2\/product_tag?post=57170"}],"curies":[{"name":"wp","href":"https:\/\/api.w.org\/{rel}","templated":true}]}}