{"id":57193,"date":"2022-03-10T15:27:00","date_gmt":"2022-03-10T14:27:00","guid":{"rendered":"https:\/\/secureus.se\/produkt\/nyckelband-eko-regnbage-med-j-klamma-i-metall-100-pack\/"},"modified":"2025-12-31T19:39:02","modified_gmt":"2025-12-31T18:39:02","slug":"nyckelband-eko-regnbage-med-j-klamma-i-metall-100-pack","status":"publish","type":"product","link":"https:\/\/secureus.se\/de\/nyckelband-eko-regnbage-med-j-klamma-i-metall-100-pack\/","title":{"rendered":"Schl\u00fcsselanh\u00e4nger Eco Rainbow mit J-Clip aus Metall, 100er-Pack"},"content":{"rendered":"<div>\n<div id=\"Product-Description\">\n<p>\u201eRainbow\u201c-Lanyards sind entweder mit einem \u201eMetall-Karabinerverschluss\u201c oder einem Kunststoff-J-Haken erh\u00e4ltlich.<\/p>\n<p>Diese Regenbogenb\u00e4nder haben die gleichen Farben wie die Pride-Flagge und erm\u00f6glichen Ihren Kunden, die LGBT+-Community zu unterst\u00fctzen und so Gleichberechtigung und Vielfalt zu st\u00e4rken.<\/p>\n<p>Diese Schl\u00fcsselb\u00e4nder bestehen aus rPET, einem Material, das aus recycelten Plastikflaschen hergestellt wird, was sie zu einer umweltfreundlicheren Alternative zu Polyester macht.<\/p>\n<\/div>\n<\/div>","protected":false},"excerpt":{"rendered":"<p>\u201eRainbow\u201c-Lanyards sind entweder mit einem \u201eMetall-Karabinerverschluss\u201c oder einem Kunststoff-J-Haken erh\u00e4ltlich. Diese Regenbogenb\u00e4nder haben die gleichen Farben wie die Pride-Flagge und erm\u00f6glichen Ihren Kunden, LGBT+ zu unterst\u00fctzen<\/p>","protected":false},"featured_media":145289,"template":"","meta":{"_acf_changed":false},"product_brand":[],"product_cat":[1875],"product_tag":[2958],"class_list":{"0":"post-57193","1":"product","2":"type-product","3":"status-publish","4":"has-post-thumbnail","6":"product_cat-nyckelband","7":"product_tag-stonehouse-produkt","8":"product_shipping_class-tunga-paket","9":"pa_brands-stonehouse-security","10":"pa_farg-regnbage","11":"pa_farg-nyckelband-regnbage","12":"pa_rfid-tillbehor-nyckelband-halsband","13":"tm-no-options","15":"first","16":"instock","17":"sale","18":"featured","19":"taxable","20":"shipping-taxable","21":"purchasable","22":"product-type-simple"},"acf":[],"_links":{"self":[{"href":"https:\/\/secureus.se\/de\/wp-json\/wp\/v2\/product\/57193","targetHints":{"allow":["GET"]}}],"collection":[{"href":"https:\/\/secureus.se\/de\/wp-json\/wp\/v2\/product"}],"about":[{"href":"https:\/\/secureus.se\/de\/wp-json\/wp\/v2\/types\/product"}],"wp:featuredmedia":[{"embeddable":true,"href":"https:\/\/secureus.se\/de\/wp-json\/wp\/v2\/media\/145289"}],"wp:attachment":[{"href":"https:\/\/secureus.se\/de\/wp-json\/wp\/v2\/media?parent=57193"}],"wp:term":[{"taxonomy":"product_brand","embeddable":true,"href":"https:\/\/secureus.se\/de\/wp-json\/wp\/v2\/product_brand?post=57193"},{"taxonomy":"product_cat","embeddable":true,"href":"https:\/\/secureus.se\/de\/wp-json\/wp\/v2\/product_cat?post=57193"},{"taxonomy":"product_tag","embeddable":true,"href":"https:\/\/secureus.se\/de\/wp-json\/wp\/v2\/product_tag?post=57193"}],"curies":[{"name":"wp","href":"https:\/\/api.w.org\/{rel}","templated":true}]}}