{"id":57199,"date":"2022-03-10T15:27:00","date_gmt":"2022-03-10T14:27:00","guid":{"rendered":"https:\/\/secureus.se\/produkt\/ensidig-eko-serie-id-korthallare-liggande-for-cr80-kort-100-pack-farg-vit\/"},"modified":"2025-12-31T19:51:00","modified_gmt":"2025-12-31T18:51:00","slug":"id-korthallare-passerkortshallare-transparent-enkel-liggande-100-pack","status":"publish","type":"product","link":"https:\/\/secureus.se\/de\/id-korthallare-passerkortshallare-transparent-enkel-liggande-100-pack\/","title":{"rendered":"Kartenhalter f\u00fcr Zugangskarten \/ Ausweise \u2013 Eko BioBadge CR80 Querformat, einseitig, transparent (100er-Packung)"},"content":{"rendered":"<div id=\"Product-Description\">\n<p>Unser transparenter, einseitiger Ausweishalter im Querformat ist eine nachhaltige Wahl aus oxo-abbaubarem Kunststoff und hilft Unternehmen, ihren CO2-Fu\u00dfabdruck zu reduzieren. Das intelligente Design des Kartenhalters mit geformten Kanten sch\u00fctzt die Karten vor Verbiegen oder Rissen, sodass die Karten weniger ausgetauscht werden m\u00fcssen und Zeit und Geld gespart werden.<\/p>\n<ul>\n<li><strong>Verkauft in Packungen mit 100 St\u00fcck<\/strong><\/li>\n<li><strong>Messen:<\/strong> 86 x 54 mm<\/li>\n<li><strong>Passend f\u00fcr Karten im Standardformat CR80<\/strong><\/li>\n<li><strong>Einseitig f\u00fcr eine einfache und \u00fcbersichtliche Kartendarstellung<\/strong><\/li>\n<li>Perfekt f\u00fcr Ausweise, Zutrittskarten und andere Karten im gleichen Format.<\/li>\n<\/ul>\n<p>Eine hervorragende Option f\u00fcr B\u00fcros, Veranstaltungen und andere Umgebungen, in denen h\u00e4ufig Karten und Zugangskarten verwendet werden.<\/p>\n<p>Kontaktieren Sie uns f\u00fcr weitere Farben und Modelle! Kombinieren Sie mit unserem <strong>Schl\u00fcsselband<\/strong> f\u00fcr eine Komplettl\u00f6sung!<\/p>\n<\/div>","protected":false},"excerpt":{"rendered":"<p>Transparenter einseitiger Ausweishalter im Querformat aus oxo-abbaubarem Kunststoff. Perfekt f\u00fcr die Pr\u00e4sentation von Standard-Passkarten im CR80-Format (86 x 54 mm). Lieferung in 100er-Packungen.<\/p>","protected":false},"featured_media":145468,"template":"","meta":{"_acf_changed":false},"product_brand":[],"product_cat":[4886,1667],"product_tag":[4523,2847,4524,2958,4525],"class_list":{"0":"post-57199","1":"product","2":"type-product","3":"status-publish","4":"has-post-thumbnail","6":"product_cat-enkelsidig-liggande-korthallare","7":"product_cat-korthallare-passerkort-idkort","8":"product_tag-enkelsidig-korthallare","9":"product_tag-korthallare-liggande-eko","10":"product_tag-liggande-korthallare","11":"product_tag-stonehouse-produkt","12":"product_tag-transparent-korthallare","13":"product_shipping_class-tunga-paket","14":"pa_brands-stonehouse-security","15":"pa_farg-transparent","16":"pa_rfid-tillbehor-korthallare","17":"tm-no-options","19":"first","20":"instock","21":"sale","22":"taxable","23":"shipping-taxable","24":"purchasable","25":"product-type-simple"},"acf":[],"_links":{"self":[{"href":"https:\/\/secureus.se\/de\/wp-json\/wp\/v2\/product\/57199","targetHints":{"allow":["GET"]}}],"collection":[{"href":"https:\/\/secureus.se\/de\/wp-json\/wp\/v2\/product"}],"about":[{"href":"https:\/\/secureus.se\/de\/wp-json\/wp\/v2\/types\/product"}],"wp:featuredmedia":[{"embeddable":true,"href":"https:\/\/secureus.se\/de\/wp-json\/wp\/v2\/media\/145468"}],"wp:attachment":[{"href":"https:\/\/secureus.se\/de\/wp-json\/wp\/v2\/media?parent=57199"}],"wp:term":[{"taxonomy":"product_brand","embeddable":true,"href":"https:\/\/secureus.se\/de\/wp-json\/wp\/v2\/product_brand?post=57199"},{"taxonomy":"product_cat","embeddable":true,"href":"https:\/\/secureus.se\/de\/wp-json\/wp\/v2\/product_cat?post=57199"},{"taxonomy":"product_tag","embeddable":true,"href":"https:\/\/secureus.se\/de\/wp-json\/wp\/v2\/product_tag?post=57199"}],"curies":[{"name":"wp","href":"https:\/\/api.w.org\/{rel}","templated":true}]}}