{"id":57200,"date":"2022-03-10T15:27:00","date_gmt":"2022-03-10T14:27:00","guid":{"rendered":"https:\/\/secureus.se\/produkt\/dubbelsidig-eko-serie-id-korthallare-liggande-for-cr80-kort-100-pack-farg-violett\/"},"modified":"2026-01-02T12:15:56","modified_gmt":"2026-01-02T11:15:56","slug":"dubbelsidig-eko-serie-id-korthallare-liggande-for-cr80-kort-100-pack-farg-violett","status":"publish","type":"product","link":"https:\/\/secureus.se\/de\/dubbelsidig-eko-serie-id-korthallare-liggande-for-cr80-kort-100-pack-farg-violett\/","title":{"rendered":"Kartenhalter f\u00fcr Zugangskarten \/ Ausweise \u2013 Eko BioBadge CR80 Querformat, doppelseitig, Lila (100er-Packung)"},"content":{"rendered":"<div>\n<div id=\"Product-Description\">\n<p>Unser neues Sortiment an \u00f6kologisch abbaubaren einseitigen Ausweish\u00fcllen, die aus biologisch abbaubarem Kunststoff hergestellt werden.<\/p>\n<p>Diese Karteninhaber tragen wesentlich dazu bei, dass wir unseren CO2-Fu\u00dfabdruck reduzieren.<\/p>\n<p>Das geformte Kantendesign reduziert die Belastung der Karten und Risse, was zu weniger Kartenausgaben f\u00fchrt und Ihren Kunden Zeit und Geld spart.<\/p>\n<p>86 mm x 54 mm<\/p>\n<p>Passend f\u00fcr die Standard-Kreditgr\u00f6\u00dfe CR80<\/p>\n<p>Verkauft in Packungen mit 100 St\u00fcck<\/p>\n<\/div>\n<\/div>","protected":false},"excerpt":{"rendered":"<p>Unser neues Sortiment an \u00f6kologisch abbaubaren einseitigen Ausweish\u00fcllen, die aus biologisch abbaubarem Kunststoff hergestellt werden. Diese Karteninhaber tragen wesentlich dazu bei, dass wir unseren CO2-Fu\u00dfabdruck reduzieren. Der<\/p>","protected":false},"featured_media":145515,"template":"","meta":{"_acf_changed":false},"product_brand":[],"product_cat":[4885,1667],"product_tag":[2847],"class_list":{"0":"post-57200","1":"product","2":"type-product","3":"status-publish","4":"has-post-thumbnail","6":"product_cat-dubbelsidig-liggande-korthallare","7":"product_cat-korthallare-passerkort-idkort","8":"product_tag-korthallare-liggande-eko","9":"product_shipping_class-tunga-paket","10":"pa_brands-stonehouse-security","11":"pa_farg-violett","12":"pa_rfid-tillbehor-korthallare","13":"tm-no-options","15":"first","16":"instock","17":"sale","18":"taxable","19":"shipping-taxable","20":"purchasable","21":"product-type-simple"},"acf":[],"_links":{"self":[{"href":"https:\/\/secureus.se\/de\/wp-json\/wp\/v2\/product\/57200","targetHints":{"allow":["GET"]}}],"collection":[{"href":"https:\/\/secureus.se\/de\/wp-json\/wp\/v2\/product"}],"about":[{"href":"https:\/\/secureus.se\/de\/wp-json\/wp\/v2\/types\/product"}],"wp:featuredmedia":[{"embeddable":true,"href":"https:\/\/secureus.se\/de\/wp-json\/wp\/v2\/media\/145515"}],"wp:attachment":[{"href":"https:\/\/secureus.se\/de\/wp-json\/wp\/v2\/media?parent=57200"}],"wp:term":[{"taxonomy":"product_brand","embeddable":true,"href":"https:\/\/secureus.se\/de\/wp-json\/wp\/v2\/product_brand?post=57200"},{"taxonomy":"product_cat","embeddable":true,"href":"https:\/\/secureus.se\/de\/wp-json\/wp\/v2\/product_cat?post=57200"},{"taxonomy":"product_tag","embeddable":true,"href":"https:\/\/secureus.se\/de\/wp-json\/wp\/v2\/product_tag?post=57200"}],"curies":[{"name":"wp","href":"https:\/\/api.w.org\/{rel}","templated":true}]}}