{"id":57215,"date":"2022-03-10T15:27:00","date_gmt":"2022-03-10T14:27:00","guid":{"rendered":"https:\/\/secureus.se\/produkt\/ensidig-eko-serie-id-korthallare-staende-for-cr80-kort-100-pack-farg-rod\/"},"modified":"2026-01-02T12:22:09","modified_gmt":"2026-01-02T11:22:09","slug":"ensidig-eko-serie-id-korthallare-staende-for-cr80-kort-100-pack-farg-rod","status":"publish","type":"product","link":"https:\/\/secureus.se\/de\/ensidig-eko-serie-id-korthallare-staende-for-cr80-kort-100-pack-farg-rod\/","title":{"rendered":"Kartenhalter f\u00fcr Zugangskarten \/ Ausweise \u2013 Eko BioBadge CR80 Vertikal, einseitig, Rot (100er-Packung)"},"content":{"rendered":"<p>Unser neues Sortiment an \u00f6kologisch abbaubaren einseitigen Ausweish\u00fcllen, die aus biologisch abbaubarem Kunststoff hergestellt werden.<\/p>\n<p>Diese Karteninhaber tragen wesentlich dazu bei, dass wir unseren CO2-Fu\u00dfabdruck reduzieren.<\/p>\n<p>Durch die geformte Kante werden Spannungen und Risse im Kartenmaterial reduziert, was zu weniger Kartenproblemen f\u00fchrt und Ihren Kunden Zeit und Geld spart.<\/p>\n<p>86 mm x 54 mm<\/p>\n<p>Passend f\u00fcr die Standard-Kreditgr\u00f6\u00dfe CR80<\/p>\n<p>Verkauft in Packungen mit 100 St\u00fcck<\/p>","protected":false},"excerpt":{"rendered":"<p>Unser neues Sortiment an \u00f6kologisch abbaubaren einseitigen Ausweish\u00fcllen, die aus biologisch abbaubarem Kunststoff hergestellt werden. Diese Karteninhaber tragen wesentlich dazu bei, dass wir unseren CO2-Fu\u00dfabdruck reduzieren. Der<\/p>","protected":false},"featured_media":145630,"template":"","meta":{"_acf_changed":false},"product_brand":[],"product_cat":[1667,4886],"product_tag":[2851],"class_list":{"0":"post-57215","1":"product","2":"type-product","3":"status-publish","4":"has-post-thumbnail","6":"product_cat-korthallare-passerkort-idkort","7":"product_cat-enkelsidig-liggande-korthallare","8":"product_tag-korthallare-staende-eko","9":"product_shipping_class-tunga-paket","10":"pa_brands-stonehouse-security","11":"pa_farg-rod","12":"pa_rfid-tillbehor-korthallare","13":"tm-no-options","15":"first","16":"instock","17":"sale","18":"taxable","19":"shipping-taxable","20":"purchasable","21":"product-type-simple"},"acf":[],"_links":{"self":[{"href":"https:\/\/secureus.se\/de\/wp-json\/wp\/v2\/product\/57215","targetHints":{"allow":["GET"]}}],"collection":[{"href":"https:\/\/secureus.se\/de\/wp-json\/wp\/v2\/product"}],"about":[{"href":"https:\/\/secureus.se\/de\/wp-json\/wp\/v2\/types\/product"}],"wp:featuredmedia":[{"embeddable":true,"href":"https:\/\/secureus.se\/de\/wp-json\/wp\/v2\/media\/145630"}],"wp:attachment":[{"href":"https:\/\/secureus.se\/de\/wp-json\/wp\/v2\/media?parent=57215"}],"wp:term":[{"taxonomy":"product_brand","embeddable":true,"href":"https:\/\/secureus.se\/de\/wp-json\/wp\/v2\/product_brand?post=57215"},{"taxonomy":"product_cat","embeddable":true,"href":"https:\/\/secureus.se\/de\/wp-json\/wp\/v2\/product_cat?post=57215"},{"taxonomy":"product_tag","embeddable":true,"href":"https:\/\/secureus.se\/de\/wp-json\/wp\/v2\/product_tag?post=57215"}],"curies":[{"name":"wp","href":"https:\/\/api.w.org\/{rel}","templated":true}]}}