{"id":57216,"date":"2022-03-10T15:27:00","date_gmt":"2022-03-10T14:27:00","guid":{"rendered":"https:\/\/secureus.se\/produkt\/ensidig-eko-serie-id-korthallare-liggande-for-cr80-kort-100-pack-farg-ljus-bla\/"},"modified":"2025-12-31T19:51:53","modified_gmt":"2025-12-31T18:51:53","slug":"id-korthallare-passerkortshallare-ljusbla-enkel-liggande-100-pack","status":"publish","type":"product","link":"https:\/\/secureus.se\/de\/id-korthallare-passerkortshallare-ljusbla-enkel-liggande-100-pack\/","title":{"rendered":"Kartenhalter f\u00fcr Zugangskarten \/ Ausweise \u2013 Eko BioBadge CR80 Querformat, einseitig, Hellblau (100er-Packung)"},"content":{"rendered":"<div id=\"Product-Description\">\n<p>Unser hellblauer einseitiger Ausweishalter im Querformat ist eine umweltfreundliche und nachhaltige Wahl, hergestellt aus oxo-abbaubarem Kunststoff. Das durchdachte Design mit geformten Kanten sch\u00fctzt die Karten vor Verbiegen oder Rissen und spart Zeit und Geld, da weniger Karten ausgetauscht werden m\u00fcssen.<\/p>\n<ul>\n<li><strong>Verkauft in Packungen mit 100 St\u00fcck<\/strong><\/li>\n<li><strong>Messen:<\/strong> 86 x 54 mm<\/li>\n<li><strong>Passend f\u00fcr Karten im Standardformat CR80<\/strong><\/li>\n<li><strong>Einseitiges Design f\u00fcr eine \u00fcbersichtliche Pr\u00e4sentation der Karten<\/strong><\/li>\n<li>Perfekt f\u00fcr Ausweise, Zutrittskarten und andere Karten im gleichen Format.<\/li>\n<\/ul>\n<p>Eine intelligente und umweltfreundliche Wahl f\u00fcr Arbeitspl\u00e4tze, Veranstaltungen und andere Umgebungen, in denen Ausweise und Zugangskarten t\u00e4glich verwendet werden.<\/p>\n<p>Kontaktieren Sie uns f\u00fcr weitere Farben und Modelle! Komplettiert mit unseren Schl\u00fcsselanh\u00e4ngern, um das Ganze zu vervollst\u00e4ndigen!<\/p>\n<\/div>","protected":false},"excerpt":{"rendered":"<p>Hellblauer einseitiger Ausweishalter im Querformat aus oxo-abbaubarem Kunststoff. Perfekt f\u00fcr die Pr\u00e4sentation von Standard-Passkarten im CR80-Format (86 x 54 mm). Lieferung in 100er-Packungen.<\/p>","protected":false},"featured_media":145110,"template":"","meta":{"_acf_changed":false},"product_brand":[],"product_cat":[4886,1667],"product_tag":[4523,2847,4524,2958],"class_list":{"0":"post-57216","1":"product","2":"type-product","3":"status-publish","4":"has-post-thumbnail","6":"product_cat-enkelsidig-liggande-korthallare","7":"product_cat-korthallare-passerkort-idkort","8":"product_tag-enkelsidig-korthallare","9":"product_tag-korthallare-liggande-eko","10":"product_tag-liggande-korthallare","11":"product_tag-stonehouse-produkt","12":"product_shipping_class-tunga-paket","13":"pa_brands-stonehouse-security","14":"pa_farg-bla","15":"pa_rfid-tillbehor-korthallare","16":"tm-no-options","18":"first","19":"instock","20":"sale","21":"taxable","22":"shipping-taxable","23":"purchasable","24":"product-type-simple"},"acf":[],"_links":{"self":[{"href":"https:\/\/secureus.se\/de\/wp-json\/wp\/v2\/product\/57216","targetHints":{"allow":["GET"]}}],"collection":[{"href":"https:\/\/secureus.se\/de\/wp-json\/wp\/v2\/product"}],"about":[{"href":"https:\/\/secureus.se\/de\/wp-json\/wp\/v2\/types\/product"}],"wp:featuredmedia":[{"embeddable":true,"href":"https:\/\/secureus.se\/de\/wp-json\/wp\/v2\/media\/145110"}],"wp:attachment":[{"href":"https:\/\/secureus.se\/de\/wp-json\/wp\/v2\/media?parent=57216"}],"wp:term":[{"taxonomy":"product_brand","embeddable":true,"href":"https:\/\/secureus.se\/de\/wp-json\/wp\/v2\/product_brand?post=57216"},{"taxonomy":"product_cat","embeddable":true,"href":"https:\/\/secureus.se\/de\/wp-json\/wp\/v2\/product_cat?post=57216"},{"taxonomy":"product_tag","embeddable":true,"href":"https:\/\/secureus.se\/de\/wp-json\/wp\/v2\/product_tag?post=57216"}],"curies":[{"name":"wp","href":"https:\/\/api.w.org\/{rel}","templated":true}]}}