{"id":57227,"date":"2022-03-10T15:27:00","date_gmt":"2022-03-10T14:27:00","guid":{"rendered":"https:\/\/secureus.se\/produkt\/ensidig-eko-serie-id-korthallare-staende-for-cr80-kort-100-pack-farg-svart\/"},"modified":"2026-04-16T10:20:00","modified_gmt":"2026-04-16T08:20:00","slug":"id-korthallare-passerkortshallare-svart-enkel-staende-100-pack","status":"publish","type":"product","link":"https:\/\/secureus.se\/de\/id-korthallare-passerkortshallare-svart-enkel-staende-100-pack\/","title":{"rendered":"Ausweis \/ ID-Kartenhalter - Eko BioBadge CR80 Upright, einseitig, schwarz (100er-Pack)"},"content":{"rendered":"<p>Der schwarze einseitige Ausweishalter im Hochformat ist eine langlebige und umweltfreundliche M\u00f6glichkeit zur Pr\u00e4sentation von Ausweisen, Zugangskarten und anderen wichtigen Karten. Dieser Kartenhalter besteht aus oxo-abbaubarem Kunststoff und tr\u00e4gt dazu bei, den CO2-Fu\u00dfabdruck zu reduzieren, ohne Kompromisse bei Qualit\u00e4t oder Funktionalit\u00e4t einzugehen.<\/p>\n<ul>\n<li><strong>Verkauft in Packungen mit 100 St\u00fcck<\/strong><\/li>\n<li><strong>Messen:<\/strong> 86 x 54 mm<\/li>\n<li><strong>Passend f\u00fcr Karten im Standardformat CR80<\/strong><\/li>\n<li><strong>Einseitiges Design f\u00fcr klare und sichere Kartenpr\u00e4sentation<\/strong><\/li>\n<li>Geformte Kanten sch\u00fctzen die Karten vor Verbiegen und Rissen<\/li>\n<\/ul>\n<p>Perfekt f\u00fcr Arbeitspl\u00e4tze, Veranstaltungen und andere Umgebungen, in denen ein praktischer und langlebiger Kartenhalter erforderlich ist. Treffen Sie eine umweltbewusste Wahl, ohne Kompromisse bei der Funktionalit\u00e4t einzugehen.<\/p>\n<p><strong>W\u00e4hlen Sie noch heute diesen langlebigen und umweltfreundlichen Kartenhalter f\u00fcr Ihre Bed\u00fcrfnisse!<\/strong><\/p>","protected":false},"excerpt":{"rendered":"<p>Schwarzer einseitiger Ausweishalter im Hochformat aus oxo-abbaubarem Kunststoff. Passend f\u00fcr Standardkarten im CR80-Format (86\u00d754 mm). Lieferung in 100er-Packungen.<\/p>","protected":false},"featured_media":145229,"template":"","meta":{"_acf_changed":false},"product_brand":[],"product_cat":[4888,1667],"product_tag":[4523,2869,2851,4526],"class_list":{"0":"post-57227","1":"product","2":"type-product","3":"status-publish","4":"has-post-thumbnail","6":"product_cat-enkelsidig-staende-korthallare","7":"product_cat-korthallare-passerkort-idkort","8":"product_tag-enkelsidig-korthallare","9":"product_tag-korthallare-staende","10":"product_tag-korthallare-staende-eko","11":"product_tag-svart-korthallare","12":"product_shipping_class-tunga-paket","13":"pa_brands-stonehouse-security","14":"pa_farg-svart","15":"pa_rfid-tillbehor-korthallare","16":"tm-no-options","18":"first","19":"instock","20":"sale","21":"taxable","22":"shipping-taxable","23":"purchasable","24":"product-type-simple"},"acf":[],"_links":{"self":[{"href":"https:\/\/secureus.se\/de\/wp-json\/wp\/v2\/product\/57227","targetHints":{"allow":["GET"]}}],"collection":[{"href":"https:\/\/secureus.se\/de\/wp-json\/wp\/v2\/product"}],"about":[{"href":"https:\/\/secureus.se\/de\/wp-json\/wp\/v2\/types\/product"}],"wp:featuredmedia":[{"embeddable":true,"href":"https:\/\/secureus.se\/de\/wp-json\/wp\/v2\/media\/145229"}],"wp:attachment":[{"href":"https:\/\/secureus.se\/de\/wp-json\/wp\/v2\/media?parent=57227"}],"wp:term":[{"taxonomy":"product_brand","embeddable":true,"href":"https:\/\/secureus.se\/de\/wp-json\/wp\/v2\/product_brand?post=57227"},{"taxonomy":"product_cat","embeddable":true,"href":"https:\/\/secureus.se\/de\/wp-json\/wp\/v2\/product_cat?post=57227"},{"taxonomy":"product_tag","embeddable":true,"href":"https:\/\/secureus.se\/de\/wp-json\/wp\/v2\/product_tag?post=57227"}],"curies":[{"name":"wp","href":"https:\/\/api.w.org\/{rel}","templated":true}]}}