{"id":57233,"date":"2022-03-10T15:27:00","date_gmt":"2022-03-10T14:27:00","guid":{"rendered":"https:\/\/secureus.se\/produkt\/nyckelband-bambu-sakerhetspanne-hummerklamma-i-metall-100-pack\/"},"modified":"2025-12-31T19:38:50","modified_gmt":"2025-12-31T18:38:50","slug":"nyckelband-bambu-sakerhetspanne-hummerklamma-i-metall-100-pack","status":"publish","type":"product","link":"https:\/\/secureus.se\/de\/nyckelband-bambu-sakerhetspanne-hummerklamma-i-metall-100-pack\/","title":{"rendered":"Schl\u00fcsselanh\u00e4nger, wei\u00dfer Bambus, Karabinerverschluss mit Sicherheitsschnalle, aus Metall, 100 St\u00fcck"},"content":{"rendered":"<div>\n<div id=\"Product-Description\">\n<p>Diese hochwertigen wei\u00dfen \u201eBambus-Lanyards\u201c eignen sich perfekt f\u00fcr Karteninhaber und helfen Unternehmen dabei, ihren CO2-Fu\u00dfabdruck zu reduzieren.<\/p>\n<p>Die Bambusfasern sind 100% biologisch abbaubar. Wenn das Schl\u00fcsselband nicht mehr ben\u00f6tigt wird, zersetzt es sich auf nat\u00fcrliche Weise, ohne dass giftige R\u00fcckst\u00e4nde in die Atmosph\u00e4re gelangen.<\/p>\n<p>Diese Schl\u00fcsselanh\u00e4nger aus Bambus sind mit einem Karabinerverschluss aus Metall und einer Sicherheitsschnalle ausgestattet.<\/p>\n<\/div>\n<\/div>","protected":false},"excerpt":{"rendered":"<p>Diese hochwertigen wei\u00dfen \u201eBambus-Lanyards\u201c eignen sich perfekt f\u00fcr Karteninhaber und helfen Unternehmen dabei, ihren CO2-Fu\u00dfabdruck zu reduzieren. Die Bambusfasern sind 100% biologisch abbaubar, so dass das Schl\u00fcsselband, wenn es nicht mehr ben\u00f6tigt wird, es wird<\/p>","protected":false},"featured_media":145153,"template":"","meta":{"_acf_changed":false},"product_brand":[],"product_cat":[1875],"product_tag":[4348,2958,4356],"class_list":{"0":"post-57233","1":"product","2":"type-product","3":"status-publish","4":"has-post-thumbnail","6":"product_cat-nyckelband","7":"product_tag-10mm","8":"product_tag-stonehouse-produkt","9":"product_tag-vita-nyckelband","10":"product_shipping_class-tunga-paket","11":"pa_brands-stonehouse-security","12":"pa_farg-vit-bambu","13":"pa_farg-nyckelband-vit-bambu","14":"pa_rfid-tillbehor-nyckelband-halsband","15":"tm-no-options","17":"first","18":"instock","19":"sale","20":"featured","21":"taxable","22":"shipping-taxable","23":"purchasable","24":"product-type-simple"},"acf":[],"_links":{"self":[{"href":"https:\/\/secureus.se\/de\/wp-json\/wp\/v2\/product\/57233","targetHints":{"allow":["GET"]}}],"collection":[{"href":"https:\/\/secureus.se\/de\/wp-json\/wp\/v2\/product"}],"about":[{"href":"https:\/\/secureus.se\/de\/wp-json\/wp\/v2\/types\/product"}],"wp:featuredmedia":[{"embeddable":true,"href":"https:\/\/secureus.se\/de\/wp-json\/wp\/v2\/media\/145153"}],"wp:attachment":[{"href":"https:\/\/secureus.se\/de\/wp-json\/wp\/v2\/media?parent=57233"}],"wp:term":[{"taxonomy":"product_brand","embeddable":true,"href":"https:\/\/secureus.se\/de\/wp-json\/wp\/v2\/product_brand?post=57233"},{"taxonomy":"product_cat","embeddable":true,"href":"https:\/\/secureus.se\/de\/wp-json\/wp\/v2\/product_cat?post=57233"},{"taxonomy":"product_tag","embeddable":true,"href":"https:\/\/secureus.se\/de\/wp-json\/wp\/v2\/product_tag?post=57233"}],"curies":[{"name":"wp","href":"https:\/\/api.w.org\/{rel}","templated":true}]}}