{"id":57237,"date":"2022-03-10T15:27:00","date_gmt":"2022-03-10T14:27:00","guid":{"rendered":"https:\/\/secureus.se\/produkt\/nyckelband-20-mm-sakerhetsspanne-och-spanne-av-metall-100-pack-farg-svart\/"},"modified":"2026-01-02T12:13:15","modified_gmt":"2026-01-02T11:13:15","slug":"nyckelband-20mm-svart-sakerhetsspanne-metallklamma-100-pack","status":"publish","type":"product","link":"https:\/\/secureus.se\/de\/nyckelband-20mm-svart-sakerhetsspanne-metallklamma-100-pack\/","title":{"rendered":"Schl\u00fcsselanh\u00e4nger 20 mm schwarz \u2013 Sicherheitsschnalle und Metallclip \u2013 100 St\u00fcck"},"content":{"rendered":"<div id=\"Product-Description\">\n<p>Diese langlebigen Schl\u00fcsselanh\u00e4nger bestehen aus recyceltem PET-Material und haben eine Breite von 20 mm und eine L\u00e4nge von 90 cm. Mit ihrer robusten Konstruktion und der flachen Sicherheitsschnalle eignen sie sich ideal f\u00fcr den sicheren und komfortablen Einsatz sowohl im Arbeitsumfeld als auch bei Veranstaltungen. Durch die integrierte Metallschnalle lassen sich Ausweise, Schl\u00fcsselanh\u00e4nger oder andere Gegenst\u00e4nde einfach anbringen und \u00fcbersichtlich pr\u00e4sentieren.<\/p>\n<p><strong>Funktionen und Vorteile:<\/strong><\/p>\n<ul>\n<li><strong>Langlebiges Material:<\/strong> Recyceltes PET-Material, das Umweltfreundlichkeit mit langer Lebensdauer verbindet.<\/li>\n<li><strong>Sicherheitsschnalle:<\/strong> F\u00fcr eine sichere Verwendung und einfache Entfernung bei Bedarf.<\/li>\n<li><strong>Metallclip:<\/strong> Robuster Ausl\u00f6seclip aus Metall, um Gegenst\u00e4nde an Ort und Stelle zu halten.<\/li>\n<li><strong>Benutzerdefinierte Verwendungen:<\/strong> Perfekt f\u00fcr Ausweise, Visitenkarten, Schl\u00fcsselanh\u00e4nger, USB-Sticks und Mobiltelefone.<\/li>\n<\/ul>\n<p><strong>Spezifikationen:<\/strong><\/p>\n<ul>\n<li><strong>Breite:<\/strong> 20 mm<\/li>\n<li><strong>L\u00e4nge:<\/strong> 90 cm<\/li>\n<li><strong>Farben:<\/strong> Schwarz (auch in Rot, Blau und Wei\u00df erh\u00e4ltlich)<\/li>\n<li><strong>Verpackung:<\/strong> Verkauft in 100er-Sets<\/li>\n<\/ul>\n<p>Diese Schl\u00fcsselb\u00e4nder sind ein Muss f\u00fcr Unternehmen, Schulen und Veranstaltungen, bei denen Sicherheit und einfache Identifizierung Priorit\u00e4t haben. Bestellen Sie noch heute, um Ihren Mitarbeitern oder G\u00e4sten eine praktische und zuverl\u00e4ssige L\u00f6sung zu bieten!<\/p>\n<\/div>","protected":false},"excerpt":{"rendered":"<p>Schl\u00fcsselanh\u00e4nger 20 mm aus strapazierf\u00e4higem recyceltem PET-Material mit Sicherheitsschnalle und Metallclip. Perfekt f\u00fcr Ausweise, Schl\u00fcsselanh\u00e4nger und Speichersticks. Verkauft in Packungen mit 100 und 20 mm, auch in Rot, Blau und Wei\u00df erh\u00e4ltlich.<\/p>","protected":false},"featured_media":145162,"template":"","meta":{"_acf_changed":false},"product_brand":[],"product_cat":[1875],"product_tag":[4359,2958,4349],"class_list":{"0":"post-57237","1":"product","2":"type-product","3":"status-publish","4":"has-post-thumbnail","6":"product_cat-nyckelband","7":"product_tag-20mm","8":"product_tag-stonehouse-produkt","9":"product_tag-svart-nyckelband","10":"product_shipping_class-tunga-paket","11":"pa_brands-stonehouse-security","12":"pa_farg-svart","13":"pa_farg-nyckelband-svart","14":"pa_rfid-tillbehor-nyckelband-halsband","15":"tm-no-options","17":"first","18":"instock","19":"sale","20":"featured","21":"taxable","22":"shipping-taxable","23":"purchasable","24":"product-type-simple"},"acf":[],"_links":{"self":[{"href":"https:\/\/secureus.se\/de\/wp-json\/wp\/v2\/product\/57237","targetHints":{"allow":["GET"]}}],"collection":[{"href":"https:\/\/secureus.se\/de\/wp-json\/wp\/v2\/product"}],"about":[{"href":"https:\/\/secureus.se\/de\/wp-json\/wp\/v2\/types\/product"}],"wp:featuredmedia":[{"embeddable":true,"href":"https:\/\/secureus.se\/de\/wp-json\/wp\/v2\/media\/145162"}],"wp:attachment":[{"href":"https:\/\/secureus.se\/de\/wp-json\/wp\/v2\/media?parent=57237"}],"wp:term":[{"taxonomy":"product_brand","embeddable":true,"href":"https:\/\/secureus.se\/de\/wp-json\/wp\/v2\/product_brand?post=57237"},{"taxonomy":"product_cat","embeddable":true,"href":"https:\/\/secureus.se\/de\/wp-json\/wp\/v2\/product_cat?post=57237"},{"taxonomy":"product_tag","embeddable":true,"href":"https:\/\/secureus.se\/de\/wp-json\/wp\/v2\/product_tag?post=57237"}],"curies":[{"name":"wp","href":"https:\/\/api.w.org\/{rel}","templated":true}]}}