{"id":57247,"date":"2022-03-10T15:26:00","date_gmt":"2022-03-10T14:26:00","guid":{"rendered":"https:\/\/secureus.se\/produkt\/nyckelband-eko-10-mm-sakerhetsspanne-hummerklamma-i-metall-100-pack-farg-violett\/"},"modified":"2026-01-02T12:11:28","modified_gmt":"2026-01-02T11:11:28","slug":"nyckelband-eko-10-mm-sakerhetsspanne-hummerklamma-i-metall-100-pack-farg-violett","status":"publish","type":"product","link":"https:\/\/secureus.se\/de\/nyckelband-eko-10-mm-sakerhetsspanne-hummerklamma-i-metall-100-pack-farg-violett\/","title":{"rendered":"Schl\u00fcsselanh\u00e4nger Eco Lila 10 mm Sicherheitsschnalle Karabinerverschluss 100er Pack"},"content":{"rendered":"<p>Luxuri\u00f6ses rotes 10-mm-Polyesterarmband mit Sicherheitsschnallenverschluss \u201eHummerclip\u201c aus Metall.<\/p>\n<p>Lieferung in Packungen mit 100 Schl\u00fcsseln<\/p>\n<p>Die Sicherheitsschnalle sorgt f\u00fcr erh\u00f6hte Sicherheit, indem sie sich l\u00f6st, wenn sie gezogen oder festgesteckt wird, z.B. Maschinen.<\/p>\n<p>Das Lanyard kann nach dem Abnehmen einfach wieder befestigt werden.<\/p>\n<p>Perfekt zum Pr\u00e4sentieren von Ausweisen, Besucherkarten oder zum Befestigen anderer Gegenst\u00e4nde wie Mobiltelefone, Pfeifen, USB-Sticks etc.<\/p>","protected":false},"excerpt":{"rendered":"<p>Luxuri\u00f6ses rotes 10-mm-Polyesterarmband mit Sicherheitsschnallenverschluss \u201eHummerclip\u201c aus Metall. Lieferung in Packungen mit 100 Schl\u00fcsseln. Die Sicherheitsschnalle sorgt f\u00fcr erh\u00f6hte Sicherheit, indem sie sich beim Ziehen oder Einklemmen l\u00f6st<\/p>","protected":false},"featured_media":145583,"template":"","meta":{"_acf_changed":false},"product_brand":[],"product_cat":[1875],"product_tag":[4348,4355],"class_list":{"0":"post-57247","1":"product","2":"type-product","3":"status-publish","4":"has-post-thumbnail","6":"product_cat-nyckelband","7":"product_tag-10mm","8":"product_tag-lila-nyckelband","9":"product_shipping_class-tunga-paket","10":"pa_brands-stonehouse-security","11":"pa_farg-lila","12":"pa_farg-nyckelband-lila","13":"pa_rfid-tillbehor-nyckelband-halsband","14":"tm-no-options","16":"first","17":"instock","18":"sale","19":"featured","20":"taxable","21":"shipping-taxable","22":"purchasable","23":"product-type-simple"},"acf":[],"_links":{"self":[{"href":"https:\/\/secureus.se\/de\/wp-json\/wp\/v2\/product\/57247","targetHints":{"allow":["GET"]}}],"collection":[{"href":"https:\/\/secureus.se\/de\/wp-json\/wp\/v2\/product"}],"about":[{"href":"https:\/\/secureus.se\/de\/wp-json\/wp\/v2\/types\/product"}],"wp:featuredmedia":[{"embeddable":true,"href":"https:\/\/secureus.se\/de\/wp-json\/wp\/v2\/media\/145583"}],"wp:attachment":[{"href":"https:\/\/secureus.se\/de\/wp-json\/wp\/v2\/media?parent=57247"}],"wp:term":[{"taxonomy":"product_brand","embeddable":true,"href":"https:\/\/secureus.se\/de\/wp-json\/wp\/v2\/product_brand?post=57247"},{"taxonomy":"product_cat","embeddable":true,"href":"https:\/\/secureus.se\/de\/wp-json\/wp\/v2\/product_cat?post=57247"},{"taxonomy":"product_tag","embeddable":true,"href":"https:\/\/secureus.se\/de\/wp-json\/wp\/v2\/product_tag?post=57247"}],"curies":[{"name":"wp","href":"https:\/\/api.w.org\/{rel}","templated":true}]}}