{"id":57251,"date":"2022-03-10T15:26:00","date_gmt":"2022-03-10T14:26:00","guid":{"rendered":"https:\/\/secureus.se\/produkt\/nyckelband-eko-10-mm-sakerhetsspanne-hummerklamma-i-metall-100-pack-farg-vit\/"},"modified":"2025-12-31T19:47:15","modified_gmt":"2025-12-31T18:47:15","slug":"nyckelband-10mm-vit-metallklamma-100-pack","status":"publish","type":"product","link":"https:\/\/secureus.se\/de\/nyckelband-10mm-vit-metallklamma-100-pack\/","title":{"rendered":"Schl\u00fcsselanh\u00e4nger 10 mm wei\u00df \u2013 Karabinerhaken aus Metall und Sicherheitsschnalle \u2013 100 St\u00fcck"},"content":{"rendered":"<p>Diese wei\u00dfen Schl\u00fcsselb\u00e4nder mit einer Breite von 10 mm sind eine stilvolle und funktionale Wahl zum Organisieren und Pr\u00e4sentieren von Ausweisen, Passkarten oder Schl\u00fcsselanh\u00e4ngern. Mit einem nachhaltigen recycelten PET-Material und praktischen Funktionen vereinen sie Umweltbewusstsein und Komfort.<\/p>\n<ul>\n<li><strong>Langlebige Materialien:<\/strong> Hergestellt aus recyceltem PET-Material f\u00fcr eine umweltfreundliche und langlebige L\u00f6sung.<\/li>\n<li><strong>Karabinerklammer aus Metall:<\/strong> Robust und sicher zur Befestigung von Ausweisen, Schl\u00fcsselanh\u00e4ngern oder Zugangskarten.<\/li>\n<li><strong>Sicherheitsschnalle:<\/strong> Entwickelt f\u00fcr schnelles L\u00f6sen, was die Sicherheit des Benutzers erh\u00f6ht.<\/li>\n<li><strong>Neutrale Farbe:<\/strong> Die wei\u00dfe Farbe vermittelt einen professionellen und eleganten Eindruck.<\/li>\n<li><strong>Vielseitige Funktionalit\u00e4t:<\/strong> Perfekt zum Pr\u00e4sentieren von Ausweisen, Visitenkarten, Schl\u00fcsselanh\u00e4ngern, USB-Sticks und Mobiltelefonen.<\/li>\n<\/ul>\n<p><strong>Spezifikationen:<\/strong><\/p>\n<ul>\n<li><strong>Breite:<\/strong> 10 mm<\/li>\n<li><strong>L\u00e4nge:<\/strong> 90 cm (45 cm Falll\u00e4nge)<\/li>\n<li><strong>Material:<\/strong> Recyceltes PET-Material<\/li>\n<li><strong>Malen:<\/strong> Wei\u00df<\/li>\n<li><strong>Verpackung:<\/strong> 100 St\u00fcck pro Packung<\/li>\n<li><strong>Gewicht:<\/strong> 1,20 kg<\/li>\n<\/ul>\n<p>W\u00e4hlen Sie diese wei\u00dfen Schl\u00fcsselanh\u00e4nger f\u00fcr eine langlebige, sichere und stilvolle L\u00f6sung. Perfekt f\u00fcr Arbeitspl\u00e4tze, Veranstaltungen oder den t\u00e4glichen Gebrauch \u2013 praktisch und zuverl\u00e4ssig!<\/p>","protected":false},"excerpt":{"rendered":"<p>Wei\u00dfe Schl\u00fcsselb\u00e4nder in 10 mm Breite, hergestellt aus recyceltem PET-Material. Ausgestattet mit Sicherheitsschnalle und Karabinerverschluss aus Metall. Verkauft in Packungen mit 100 St\u00fcck.<\/p>","protected":false},"featured_media":145589,"template":"","meta":{"_acf_changed":false},"product_brand":[],"product_cat":[1875],"product_tag":[4348,4356],"class_list":{"0":"post-57251","1":"product","2":"type-product","3":"status-publish","4":"has-post-thumbnail","6":"product_cat-nyckelband","7":"product_tag-10mm","8":"product_tag-vita-nyckelband","9":"product_shipping_class-tunga-paket","10":"pa_brands-stonehouse-security","11":"pa_farg-vit","12":"pa_farg-nyckelband-vit","13":"pa_rfid-tillbehor-nyckelband-halsband","14":"tm-no-options","16":"first","17":"instock","18":"sale","19":"featured","20":"taxable","21":"shipping-taxable","22":"purchasable","23":"product-type-simple"},"acf":[],"_links":{"self":[{"href":"https:\/\/secureus.se\/de\/wp-json\/wp\/v2\/product\/57251","targetHints":{"allow":["GET"]}}],"collection":[{"href":"https:\/\/secureus.se\/de\/wp-json\/wp\/v2\/product"}],"about":[{"href":"https:\/\/secureus.se\/de\/wp-json\/wp\/v2\/types\/product"}],"wp:featuredmedia":[{"embeddable":true,"href":"https:\/\/secureus.se\/de\/wp-json\/wp\/v2\/media\/145589"}],"wp:attachment":[{"href":"https:\/\/secureus.se\/de\/wp-json\/wp\/v2\/media?parent=57251"}],"wp:term":[{"taxonomy":"product_brand","embeddable":true,"href":"https:\/\/secureus.se\/de\/wp-json\/wp\/v2\/product_brand?post=57251"},{"taxonomy":"product_cat","embeddable":true,"href":"https:\/\/secureus.se\/de\/wp-json\/wp\/v2\/product_cat?post=57251"},{"taxonomy":"product_tag","embeddable":true,"href":"https:\/\/secureus.se\/de\/wp-json\/wp\/v2\/product_tag?post=57251"}],"curies":[{"name":"wp","href":"https:\/\/api.w.org\/{rel}","templated":true}]}}