{"id":57254,"date":"2022-03-10T15:26:00","date_gmt":"2022-03-10T14:26:00","guid":{"rendered":"https:\/\/secureus.se\/produkt\/plastficka-korthallare-svart-kant-liggande-95x77-5-pack\/"},"modified":"2025-12-31T19:36:07","modified_gmt":"2025-12-31T18:36:07","slug":"plastficka-korthallare-svart-kant-liggande-95x77-5-pack","status":"publish","type":"product","link":"https:\/\/secureus.se\/de\/plastficka-korthallare-svart-kant-liggande-95x77-5-pack\/","title":{"rendered":"Plastiktaschen-\/Kartenhalter Black Edge Landscape 95\u00d777"},"content":{"rendered":"<p>Weichplastiktasche aus CR80 im Hochformat.<\/p>\n<div>\n<p>Jeder Clip l\u00e4sst sich leicht anbringen.<\/p>\n<p>Farbe: Schwarzer Streifen mit transparentem Geh\u00e4use.<\/p>\n<p>Au\u00dfenbreite: 95 mm H\u00f6he: 77 mm<\/p>\n<p>Innenbreite: 88 mm H\u00f6he: 57 mm<\/p>\n<\/div>","protected":false},"excerpt":{"rendered":"<p>Weiche Kunststofftasche im CR80-Format. Jeder Clip l\u00e4sst sich leicht anbringen. Farbe: Schwarzer Streifen mit transparentem Geh\u00e4use. Au\u00dfenbreite: 95 mm H\u00f6he: 77 mm Innen<\/p>","protected":false},"featured_media":147656,"template":"","meta":{"_acf_changed":false},"product_brand":[],"product_cat":[1679],"product_tag":[2416],"class_list":{"0":"post-57254","1":"product","2":"type-product","3":"status-publish","4":"has-post-thumbnail","6":"product_cat-plastfickor","7":"product_tag-rel-rfid-tillbehor","8":"product_shipping_class-postnord-varubrev","9":"pa_brands-stonehouse-security","10":"pa_farg-svart","11":"pa_rfid-tillbehor-plastfickor","12":"tm-no-options","14":"first","15":"instock","16":"sale","17":"featured","18":"taxable","19":"shipping-taxable","20":"purchasable","21":"product-type-simple"},"acf":[],"_links":{"self":[{"href":"https:\/\/secureus.se\/de\/wp-json\/wp\/v2\/product\/57254","targetHints":{"allow":["GET"]}}],"collection":[{"href":"https:\/\/secureus.se\/de\/wp-json\/wp\/v2\/product"}],"about":[{"href":"https:\/\/secureus.se\/de\/wp-json\/wp\/v2\/types\/product"}],"wp:featuredmedia":[{"embeddable":true,"href":"https:\/\/secureus.se\/de\/wp-json\/wp\/v2\/media\/147656"}],"wp:attachment":[{"href":"https:\/\/secureus.se\/de\/wp-json\/wp\/v2\/media?parent=57254"}],"wp:term":[{"taxonomy":"product_brand","embeddable":true,"href":"https:\/\/secureus.se\/de\/wp-json\/wp\/v2\/product_brand?post=57254"},{"taxonomy":"product_cat","embeddable":true,"href":"https:\/\/secureus.se\/de\/wp-json\/wp\/v2\/product_cat?post=57254"},{"taxonomy":"product_tag","embeddable":true,"href":"https:\/\/secureus.se\/de\/wp-json\/wp\/v2\/product_tag?post=57254"}],"curies":[{"name":"wp","href":"https:\/\/api.w.org\/{rel}","templated":true}]}}