{"id":57261,"date":"2022-03-10T15:26:00","date_gmt":"2022-03-10T14:26:00","guid":{"rendered":"https:\/\/secureus.se\/produkt\/jojo-mini-svart\/"},"modified":"2026-04-13T16:26:20","modified_gmt":"2026-04-13T14:26:20","slug":"utdragbar-nyckelring-jojo-abs-30mm-flera-farger","status":"publish","type":"product","link":"https:\/\/secureus.se\/de\/utdragbar-nyckelring-jojo-abs-30mm-flera-farger\/","title":{"rendered":"Einziehbarer Schl\u00fcsselanh\u00e4nger mit Jojo und Clip \u2013 Schwarz 30mm"},"content":{"rendered":"<p>Dieses beliebte flexible Yo-Yo besteht aus robustem ABS-Kunststoff und wird mit einem Schl\u00fcsselring aus Metall geliefert. Mit einer Gr\u00f6\u00dfe von 30 mm Durchmesser und 10 mm Dicke ist es kompakt und dennoch robust, perfekt f\u00fcr den t\u00e4glichen Gebrauch. Ausgestattet mit einem langlebigen 60 cm langen Kabel bietet es sowohl Komfort als auch Funktionalit\u00e4t.<\/p>\n<h4>Funktionen und Vorteile:<\/h4>\n<ul>\n<li><strong>Nachhaltiges Design:<\/strong> Hergestellt aus robustem ABS-Kunststoff f\u00fcr eine lange Nutzungsdauer.<\/li>\n<li><strong>Starker G\u00fcrtelclip:<\/strong> Stabile Befestigungsvorrichtung zur sicheren Befestigung an G\u00fcrteln, Taschen oder Taschen.<\/li>\n<li><strong>Stabiler Schl\u00fcsselanh\u00e4nger aus Metall:<\/strong> Robuster Schl\u00fcsselanh\u00e4nger aus Metall f\u00fcr zus\u00e4tzliche Haltbarkeit.<\/li>\n<li><strong>Mehrere Farboptionen:<\/strong> Erh\u00e4ltlich in Schwarz, Gelb, Wei\u00df, Blau und Gr\u00fcn, passend zu Ihrem Stil und Ihren Bed\u00fcrfnissen.<\/li>\n<li><strong>Lange Saitenl\u00e4nge:<\/strong> Ausgestattet mit einer 60 cm langen Nylonschnur f\u00fcr einfachen Zugang.<\/li>\n<\/ul>\n<h4>Einsatzgebiete:<\/h4>\n<ul>\n<li><strong>B\u00fcropersonal:<\/strong> Perfekt, um Schl\u00fcssel oder Ausweise leicht zug\u00e4nglich aufzubewahren.<\/li>\n<li><strong>Sicherheitspersonal:<\/strong> Ideal zum Tragen von Sicherheitsausr\u00fcstung oder Schl\u00fcsseln.<\/li>\n<li><strong>Veranstaltungspersonal:<\/strong> Praktisch, um Ausweise oder Zugangskarten sichtbar und leicht zug\u00e4nglich aufzubewahren.<\/li>\n<li><strong>T\u00e4glicher Gebrauch:<\/strong> Eine praktische L\u00f6sung f\u00fcr alle, die schnellen und einfachen Zugriff auf ihre Schl\u00fcssel oder Karten ben\u00f6tigen.<\/li>\n<\/ul>\n<h4>Technische Spezifikation:<\/h4>\n<ul>\n<li><strong>Material:<\/strong> ABS-Kunststoff<\/li>\n<li><strong>Gr\u00f6\u00dfe:<\/strong> 30 mm Durchmesser, 10 mm Dicke<\/li>\n<li><strong>Kabell\u00e4nge:<\/strong> 60 cm<\/li>\n<li><strong>Malen:<\/strong> Schwarz, Gelb, Wei\u00df, Blau, Gr\u00fcn<\/li>\n<\/ul>\n<h3>Vorteile des ausziehbaren Schl\u00fcsselanh\u00e4ngers:<\/h3>\n<ul>\n<li>Einfache und unkomplizierte Installation<\/li>\n<li>Kein Bohren erforderlich<\/li>\n<li>Schnelle Installation<\/li>\n<li>Ideal f\u00fcr feste D\u00e4cher wie Beton, bei denen das Bohren schwierig oder unerw\u00fcnscht sein kann<\/li>\n<\/ul>","protected":false},"excerpt":{"rendered":"<p>Dieser praktische ausziehbare Schl\u00fcsselanh\u00e4nger mit Jo-Jo aus ABS-Kunststoff eignet sich perfekt f\u00fcr den einfachen und sicheren Zugriff auf Ihre Schl\u00fcssel oder Ausweise. Es wird mit einem Schl\u00fcsselring aus Metall und einem robusten Clip zur sicheren Befestigung geliefert.<\/p>","protected":false},"featured_media":147641,"template":"","meta":{"_acf_changed":false},"product_brand":[],"product_cat":[1676,2901,1324],"product_tag":[2416,2958],"class_list":{"0":"post-57261","1":"product","2":"type-product","3":"status-publish","4":"has-post-thumbnail","6":"product_cat-jojos-och-nyckelringar","7":"product_cat-jojo-yoyo-alltid-i-lager","8":"product_cat-outlet","9":"product_tag-rel-rfid-tillbehor","10":"product_tag-stonehouse-produkt","11":"product_shipping_class-postnord-varubrev","12":"pa_brands-stonehouse-security","13":"pa_farg-svart","14":"pa_rfid-tillbehor-jojo","15":"tm-no-options","17":"first","18":"instock","19":"sale","20":"featured","21":"taxable","22":"shipping-taxable","23":"purchasable","24":"product-type-simple"},"acf":[],"_links":{"self":[{"href":"https:\/\/secureus.se\/de\/wp-json\/wp\/v2\/product\/57261","targetHints":{"allow":["GET"]}}],"collection":[{"href":"https:\/\/secureus.se\/de\/wp-json\/wp\/v2\/product"}],"about":[{"href":"https:\/\/secureus.se\/de\/wp-json\/wp\/v2\/types\/product"}],"wp:featuredmedia":[{"embeddable":true,"href":"https:\/\/secureus.se\/de\/wp-json\/wp\/v2\/media\/147641"}],"wp:attachment":[{"href":"https:\/\/secureus.se\/de\/wp-json\/wp\/v2\/media?parent=57261"}],"wp:term":[{"taxonomy":"product_brand","embeddable":true,"href":"https:\/\/secureus.se\/de\/wp-json\/wp\/v2\/product_brand?post=57261"},{"taxonomy":"product_cat","embeddable":true,"href":"https:\/\/secureus.se\/de\/wp-json\/wp\/v2\/product_cat?post=57261"},{"taxonomy":"product_tag","embeddable":true,"href":"https:\/\/secureus.se\/de\/wp-json\/wp\/v2\/product_tag?post=57261"}],"curies":[{"name":"wp","href":"https:\/\/api.w.org\/{rel}","templated":true}]}}