{"id":57263,"date":"2022-03-10T15:26:00","date_gmt":"2022-03-10T14:26:00","guid":{"rendered":"https:\/\/secureus.se\/produkt\/nyckelband-eko-10-mm-sakerhetsspanne-hummerklamma-i-metall-100-pack-farg-navy-bla\/"},"modified":"2026-01-02T12:12:04","modified_gmt":"2026-01-02T11:12:04","slug":"nyckelband-10mm-marinbla-metallklamma-100-pack","status":"publish","type":"product","link":"https:\/\/secureus.se\/de\/nyckelband-10mm-marinbla-metallklamma-100-pack\/","title":{"rendered":"Schl\u00fcsselanh\u00e4nger 10 mm Marineblau Eco \u2013 Karabinerhaken aus Metall und Sicherheitsschnalle \u2013 100 St\u00fcck"},"content":{"rendered":"<p>Diese marineblauen Lanyards in 10 mm Breite sind die optimale Wahl f\u00fcr eine professionelle und langlebige L\u00f6sung. Sie bestehen aus robustem, recyceltem PET-Material und vereinen ein umweltfreundliches Profil mit hoher Funktionalit\u00e4t. Das Standardl\u00e4ngendesign von 90 cm (45 cm Falll\u00e4nge f\u00fcr Erwachsene) erm\u00f6glicht eine komfortable Verwendung in vielen verschiedenen Kontexten, von Arbeitspl\u00e4tzen und Schulen bis hin zu Veranstaltungen und Konferenzen.<\/p>\n<ul>\n<li><strong>Recycelte Materialien:<\/strong> Hergestellt aus langlebigem und umweltfreundlichem PET-Material.<\/li>\n<li><strong>Karabinerklammer aus Metall:<\/strong> Perfekt zur Sicherung von Ausweisen, Schl\u00fcsselanh\u00e4ngern oder Zugangskarten.<\/li>\n<li><strong>Sicherheitsschnalle:<\/strong> F\u00fcr sicheres und schnelles L\u00f6sen bei Bedarf.<\/li>\n<li><strong>Flexible Einsatzgebiete:<\/strong> Hervorragend geeignet f\u00fcr die Pr\u00e4sentation von Ausweisen, Visitenkarten, Schl\u00fcsselanh\u00e4ngern, Speichersticks und Mobiltelefonen.<\/li>\n<li><strong>Verf\u00fcgbare Farben:<\/strong> Auch in den Farben Schwarz, Hellblau, Gr\u00fcn, Orange, Pink, Rot, Wei\u00df und Gelb erh\u00e4ltlich.<\/li>\n<\/ul>\n<p><strong>Spezifikationen:<\/strong><\/p>\n<ul>\n<li><strong>Breite:<\/strong> 10 mm<\/li>\n<li><strong>L\u00e4nge:<\/strong> 90 cm (45 cm Falll\u00e4nge)<\/li>\n<li><strong>Material:<\/strong> Recyceltes PET-Material<\/li>\n<li><strong>Verpackung:<\/strong> 100 St\u00fcck pro Packung<\/li>\n<\/ul>\n<p>Diese marineblauen Schl\u00fcsselb\u00e4nder bieten sowohl Stil als auch Haltbarkeit und sind somit ideal f\u00fcr Unternehmen, die hochwertige und umweltbewusste Produkte suchen.<\/p>","protected":false},"excerpt":{"rendered":"<p>Strapazierf\u00e4hige marineblaue Lanyards in 10 mm Breite, hergestellt aus recyceltem PET-Material. Ausgestattet mit Metallkarabinerverschluss und Sicherheitsschnalle. Verkauft in Packungen mit 100 St\u00fcck.<\/p>","protected":false},"featured_media":145642,"template":"","meta":{"_acf_changed":false},"product_brand":[],"product_cat":[1875],"product_tag":[4348,4352],"class_list":{"0":"post-57263","1":"product","2":"type-product","3":"status-publish","4":"has-post-thumbnail","6":"product_cat-nyckelband","7":"product_tag-10mm","8":"product_tag-blaa-nyckelband","9":"product_shipping_class-tunga-paket","10":"pa_brands-stonehouse-security","11":"pa_farg-bla-navy","12":"pa_farg-nyckelband-navybla","13":"pa_rfid-tillbehor-nyckelband-halsband","14":"tm-no-options","16":"first","17":"instock","18":"sale","19":"featured","20":"taxable","21":"shipping-taxable","22":"purchasable","23":"product-type-simple"},"acf":[],"_links":{"self":[{"href":"https:\/\/secureus.se\/de\/wp-json\/wp\/v2\/product\/57263","targetHints":{"allow":["GET"]}}],"collection":[{"href":"https:\/\/secureus.se\/de\/wp-json\/wp\/v2\/product"}],"about":[{"href":"https:\/\/secureus.se\/de\/wp-json\/wp\/v2\/types\/product"}],"wp:featuredmedia":[{"embeddable":true,"href":"https:\/\/secureus.se\/de\/wp-json\/wp\/v2\/media\/145642"}],"wp:attachment":[{"href":"https:\/\/secureus.se\/de\/wp-json\/wp\/v2\/media?parent=57263"}],"wp:term":[{"taxonomy":"product_brand","embeddable":true,"href":"https:\/\/secureus.se\/de\/wp-json\/wp\/v2\/product_brand?post=57263"},{"taxonomy":"product_cat","embeddable":true,"href":"https:\/\/secureus.se\/de\/wp-json\/wp\/v2\/product_cat?post=57263"},{"taxonomy":"product_tag","embeddable":true,"href":"https:\/\/secureus.se\/de\/wp-json\/wp\/v2\/product_tag?post=57263"}],"curies":[{"name":"wp","href":"https:\/\/api.w.org\/{rel}","templated":true}]}}