{"id":57267,"date":"2022-03-10T15:26:00","date_gmt":"2022-03-10T14:26:00","guid":{"rendered":"https:\/\/secureus.se\/produkt\/nyckelband-standard-med-j-klamma-i-plast-100-pack-farg-svart\/"},"modified":"2026-01-02T12:12:20","modified_gmt":"2026-01-02T11:12:20","slug":"nyckelband-standard-med-j-klamma-i-plast-100-pack-farg-svart","status":"publish","type":"product","link":"https:\/\/secureus.se\/de\/nyckelband-standard-med-j-klamma-i-plast-100-pack-farg-svart\/","title":{"rendered":"Schl\u00fcsselanh\u00e4nger 10 mm schwarz \u2013 Kunststoff-J-Klemme und Sicherheitsschnalle \u2013 100er-Pack"},"content":{"rendered":"<p>Diese schwarzen Schl\u00fcsselb\u00e4nder mit einer Breite von 10 mm sind die perfekte Wahl f\u00fcr die Pr\u00e4sentation von Ausweisen, Passkarten oder Schl\u00fcsselanh\u00e4ngern. Mit langlebigem recyceltem PET-Material und einer praktischen J-Klemme aus Kunststoff werden Funktionalit\u00e4t und Umweltfreundlichkeit vereint.<\/p>\n<ul>\n<li><strong>Langlebige Materialien:<\/strong> Hergestellt aus langlebigem, recyceltem PET-Material f\u00fcr eine umweltfreundliche und zuverl\u00e4ssige L\u00f6sung.<\/li>\n<li><strong>Kunststoff-J-Klemme:<\/strong> Breit und abgewinkelt f\u00fcr eine klare und sichere Pr\u00e4sentation von Karten und Zugangskarten.<\/li>\n<li><strong>Sicherheitsschnalle:<\/strong> Entwickelt f\u00fcr schnelles L\u00f6sen, was die Sicherheit bei der Verwendung erh\u00f6ht.<\/li>\n<li><strong>Professionelles Design:<\/strong> Die schwarze Farbe vermittelt einen stilvollen und professionellen Eindruck.<\/li>\n<li><strong>Vielseitige Funktionalit\u00e4t:<\/strong> Geeignet f\u00fcr Ausweise, Schl\u00fcsselanh\u00e4nger, USB-Sticks, Visitenkarten und Mobiltelefone.<\/li>\n<\/ul>\n<p><strong>Spezifikationen:<\/strong><\/p>\n<ul>\n<li><strong>Breite:<\/strong> 10 mm<\/li>\n<li><strong>L\u00e4nge:<\/strong> 90 cm (45 cm Falll\u00e4nge)<\/li>\n<li><strong>Material:<\/strong> Recyceltes PET-Material<\/li>\n<li><strong>Malen:<\/strong> Schwarz<\/li>\n<li><strong>Verpackung:<\/strong> 100 St\u00fcck pro Packung<\/li>\n<\/ul>\n<p>W\u00e4hlen Sie diese schwarzen Schl\u00fcsselb\u00e4nder f\u00fcr eine langlebige und praktische L\u00f6sung. Perfekt f\u00fcr Arbeitspl\u00e4tze, Veranstaltungen und den t\u00e4glichen Gebrauch \u2013 umweltfreundlich und zuverl\u00e4ssig zugleich!<\/p>","protected":false},"excerpt":{"rendered":"<p>Schwarze Schl\u00fcsselb\u00e4nder in 10 mm Breite, hergestellt aus recyceltem PET-Material. Ausgestattet mit Kunststoff-J-Klemme und Sicherheitsschnalle. Verkauft in Packungen mit 100 St\u00fcck.<\/p>","protected":false},"featured_media":145422,"template":"","meta":{"_acf_changed":false},"product_brand":[],"product_cat":[1875],"product_tag":[4348,4349],"class_list":{"0":"post-57267","1":"product","2":"type-product","3":"status-publish","4":"has-post-thumbnail","6":"product_cat-nyckelband","7":"product_tag-10mm","8":"product_tag-svart-nyckelband","9":"product_shipping_class-tunga-paket","10":"pa_brands-stonehouse-security","11":"pa_farg-svart","12":"pa_farg-nyckelband-svart","13":"pa_rfid-tillbehor-nyckelband-halsband","14":"tm-no-options","16":"first","17":"instock","18":"sale","19":"featured","20":"taxable","21":"shipping-taxable","22":"purchasable","23":"product-type-simple"},"acf":[],"_links":{"self":[{"href":"https:\/\/secureus.se\/de\/wp-json\/wp\/v2\/product\/57267","targetHints":{"allow":["GET"]}}],"collection":[{"href":"https:\/\/secureus.se\/de\/wp-json\/wp\/v2\/product"}],"about":[{"href":"https:\/\/secureus.se\/de\/wp-json\/wp\/v2\/types\/product"}],"wp:featuredmedia":[{"embeddable":true,"href":"https:\/\/secureus.se\/de\/wp-json\/wp\/v2\/media\/145422"}],"wp:attachment":[{"href":"https:\/\/secureus.se\/de\/wp-json\/wp\/v2\/media?parent=57267"}],"wp:term":[{"taxonomy":"product_brand","embeddable":true,"href":"https:\/\/secureus.se\/de\/wp-json\/wp\/v2\/product_brand?post=57267"},{"taxonomy":"product_cat","embeddable":true,"href":"https:\/\/secureus.se\/de\/wp-json\/wp\/v2\/product_cat?post=57267"},{"taxonomy":"product_tag","embeddable":true,"href":"https:\/\/secureus.se\/de\/wp-json\/wp\/v2\/product_tag?post=57267"}],"curies":[{"name":"wp","href":"https:\/\/api.w.org\/{rel}","templated":true}]}}