{"id":57272,"date":"2022-03-10T15:26:00","date_gmt":"2022-03-10T14:26:00","guid":{"rendered":"https:\/\/secureus.se\/produkt\/korthallare-standard-for-1-kort-2\/"},"modified":"2026-02-05T11:56:11","modified_gmt":"2026-02-05T10:56:11","slug":"korthallare-classic-svart-staende-for-1-kort","status":"publish","type":"product","link":"https:\/\/secureus.se\/de\/korthallare-classic-svart-staende-for-1-kort\/","title":{"rendered":"Kartenhalter Classic Black Stehend f\u00fcr 1 Karte"},"content":{"rendered":"<div>\n<p>Der Kartenhalter ist das perfekte Werkzeug, um Ausweise, Zugangskarten und Besucherausweise immer sichtbar und leicht zug\u00e4nglich zu haben (Lieferung ohne Clips).<\/p>\n<p>Gr\u00f6\u00dfe 91x 64 mm&nbsp;<\/p>\n<\/div>","protected":false},"excerpt":{"rendered":"<p>Der Kartenhalter ist das perfekte Werkzeug, um Ausweise, Zugangskarten und Besucherausweise immer sichtbar und leicht zug\u00e4nglich zu haben (Lieferung ohne Clips). Gr\u00f6\u00dfe 91 x 64 mm&nbsp;<\/p>","protected":false},"featured_media":145532,"template":"","meta":{"_acf_changed":false},"product_brand":[],"product_cat":[4888],"product_tag":[2869],"class_list":{"0":"post-57272","1":"product","2":"type-product","3":"status-publish","4":"has-post-thumbnail","6":"product_cat-enkelsidig-staende-korthallare","7":"product_tag-korthallare-staende","8":"product_shipping_class-postnord-varubrev","9":"pa_brands-stonehouse-security","10":"pa_farg-svart","11":"pa_rfid-tillbehor-nyckelringar","12":"tm-no-options","14":"first","15":"outofstock","16":"sale","17":"featured","18":"taxable","19":"shipping-taxable","20":"purchasable","21":"product-type-simple"},"acf":[],"_links":{"self":[{"href":"https:\/\/secureus.se\/de\/wp-json\/wp\/v2\/product\/57272","targetHints":{"allow":["GET"]}}],"collection":[{"href":"https:\/\/secureus.se\/de\/wp-json\/wp\/v2\/product"}],"about":[{"href":"https:\/\/secureus.se\/de\/wp-json\/wp\/v2\/types\/product"}],"wp:featuredmedia":[{"embeddable":true,"href":"https:\/\/secureus.se\/de\/wp-json\/wp\/v2\/media\/145532"}],"wp:attachment":[{"href":"https:\/\/secureus.se\/de\/wp-json\/wp\/v2\/media?parent=57272"}],"wp:term":[{"taxonomy":"product_brand","embeddable":true,"href":"https:\/\/secureus.se\/de\/wp-json\/wp\/v2\/product_brand?post=57272"},{"taxonomy":"product_cat","embeddable":true,"href":"https:\/\/secureus.se\/de\/wp-json\/wp\/v2\/product_cat?post=57272"},{"taxonomy":"product_tag","embeddable":true,"href":"https:\/\/secureus.se\/de\/wp-json\/wp\/v2\/product_tag?post=57272"}],"curies":[{"name":"wp","href":"https:\/\/api.w.org\/{rel}","templated":true}]}}