{"id":57282,"date":"2022-03-10T15:26:00","date_gmt":"2022-03-10T14:26:00","guid":{"rendered":"https:\/\/secureus.se\/produkt\/nyckelband-eko-10-mm-sakerhetsspanne-hummerklamma-i-metall-100-pack-farg-svart\/"},"modified":"2026-01-02T12:10:12","modified_gmt":"2026-01-02T11:10:12","slug":"nyckelband-10mm-svart-metallklamma-100-pack","status":"publish","type":"product","link":"https:\/\/secureus.se\/de\/nyckelband-10mm-svart-metallklamma-100-pack\/","title":{"rendered":"Schl\u00fcsselanh\u00e4nger 10 mm, schwarz, umweltfreundlich, Karabinerhaken aus Metall und Sicherheitsschnalle, 100 St\u00fcck"},"content":{"rendered":"<p>Diese 10 mm breiten Schl\u00fcsselb\u00e4nder sind sowohl auf Haltbarkeit als auch auf Funktionalit\u00e4t ausgelegt. Sie bestehen aus recyceltem PET-Material und sind sowohl umweltfreundlich als auch robust. Mit einer Standardl\u00e4nge von 90 cm (45 cm Falll\u00e4nge) und einer Sicherheitsschnalle eignen sich diese Schl\u00fcsselb\u00e4nder perfekt f\u00fcr den t\u00e4glichen Gebrauch am Arbeitsplatz, bei Veranstaltungen oder in der Schule.<\/p>\n<ul>\n<li><strong>Hochwertiges Material:<\/strong> Hergestellt aus langlebigem, recyceltem PET-Material.<\/li>\n<li><strong>Karabinerklammer aus Metall:<\/strong> Bietet eine sichere Befestigung f\u00fcr Ausweise, Schl\u00fcsselanh\u00e4nger oder USB-Sticks.<\/li>\n<li><strong>Sicherheitsschnalle:<\/strong> Zum einfachen und schnellen Entfernen.<\/li>\n<li><strong>Weit verbreitet:<\/strong> Geeignet f\u00fcr Ausweise, Visitenkarten, Schl\u00fcsselanh\u00e4nger, Memory Sticks und Mobiltelefone.<\/li>\n<li><strong>Gro\u00dfe Farbauswahl:<\/strong> Erh\u00e4ltlich in Schwarz, Dunkelblau, Hellblau, Marineblau, Dunkelgr\u00fcn, Hellgr\u00fcn, Grau, Orange, Pink, Lila, Rot, Wei\u00df und Gelb.<\/li>\n<\/ul>\n<p><strong>Spezifikationen:<\/strong><\/p>\n<ul>\n<li><strong>Breite:<\/strong> 10 mm<\/li>\n<li><strong>L\u00e4nge:<\/strong> 90 cm (45 cm Falll\u00e4nge)<\/li>\n<li><strong>Material:<\/strong> Recyceltes PET-Material<\/li>\n<li><strong>Verpackung:<\/strong> 100 St\u00fcck pro Packung<\/li>\n<\/ul>\n<p>Investieren Sie in diese praktischen und umweltfreundlichen Schl\u00fcsselb\u00e4nder, um den Alltag reibungsloser und organisierter zu gestalten. Eine perfekte Wahl f\u00fcr Unternehmen und Veranstalter.<\/p>","protected":false},"excerpt":{"rendered":"<p>Strapazierf\u00e4hige Schl\u00fcsselb\u00e4nder aus 10 mm starkem, recyceltem PET-Material mit Karabinerverschluss aus Metall und Sicherheitsschnalle. Perfekt f\u00fcr Ausweise, Schl\u00fcsselanh\u00e4nger und Speichersticks. Verkauft in Packungen mit 100 St\u00fcck.<\/p>","protected":false},"featured_media":145278,"template":"","meta":{"_acf_changed":false},"product_brand":[],"product_cat":[1875],"product_tag":[4348,4349],"class_list":{"0":"post-57282","1":"product","2":"type-product","3":"status-publish","4":"has-post-thumbnail","6":"product_cat-nyckelband","7":"product_tag-10mm","8":"product_tag-svart-nyckelband","9":"product_shipping_class-tunga-paket","10":"pa_brands-stonehouse-security","11":"pa_farg-svart","12":"pa_farg-nyckelband-svart","13":"pa_rfid-tillbehor-nyckelband-halsband","14":"tm-no-options","16":"first","17":"instock","18":"sale","19":"featured","20":"taxable","21":"shipping-taxable","22":"purchasable","23":"product-type-simple"},"acf":[],"_links":{"self":[{"href":"https:\/\/secureus.se\/de\/wp-json\/wp\/v2\/product\/57282","targetHints":{"allow":["GET"]}}],"collection":[{"href":"https:\/\/secureus.se\/de\/wp-json\/wp\/v2\/product"}],"about":[{"href":"https:\/\/secureus.se\/de\/wp-json\/wp\/v2\/types\/product"}],"wp:featuredmedia":[{"embeddable":true,"href":"https:\/\/secureus.se\/de\/wp-json\/wp\/v2\/media\/145278"}],"wp:attachment":[{"href":"https:\/\/secureus.se\/de\/wp-json\/wp\/v2\/media?parent=57282"}],"wp:term":[{"taxonomy":"product_brand","embeddable":true,"href":"https:\/\/secureus.se\/de\/wp-json\/wp\/v2\/product_brand?post=57282"},{"taxonomy":"product_cat","embeddable":true,"href":"https:\/\/secureus.se\/de\/wp-json\/wp\/v2\/product_cat?post=57282"},{"taxonomy":"product_tag","embeddable":true,"href":"https:\/\/secureus.se\/de\/wp-json\/wp\/v2\/product_tag?post=57282"}],"curies":[{"name":"wp","href":"https:\/\/api.w.org\/{rel}","templated":true}]}}