{"id":57285,"date":"2022-03-10T15:26:00","date_gmt":"2022-03-10T14:26:00","guid":{"rendered":"https:\/\/secureus.se\/produkt\/nyckelband-eko-10-mm-sakerhetsspanne-hummerklamma-i-metall-100-pack-farg-gron\/"},"modified":"2026-02-19T14:34:53","modified_gmt":"2026-02-19T13:34:53","slug":"nyckelband-10mm-morkgron-metallklamma-100-pack","status":"publish","type":"product","link":"https:\/\/secureus.se\/de\/nyckelband-10mm-morkgron-metallklamma-100-pack\/","title":{"rendered":"Schl\u00fcsselanh\u00e4nger 10 mm Dunkelgr\u00fcn \u2013 Karabinerhaken aus Metall und Sicherheitsschnalle \u2013 100er-Pack"},"content":{"rendered":"<p>Diese dunkelgr\u00fcnen 10 mm breiten Schl\u00fcsselb\u00e4nder vereinen Haltbarkeit und praktisches Design f\u00fcr den professionellen und privaten Gebrauch. Sie bestehen aus recyceltem PET-Material und sind eine umweltfreundliche Alternative, die gleichzeitig eine hohe Haltbarkeit und Zuverl\u00e4ssigkeit bietet.<\/p>\n<ul>\n<li><strong>Langlebige Materialien:<\/strong> Hergestellt aus recyceltem PET-Material f\u00fcr eine umweltfreundliche L\u00f6sung.<\/li>\n<li><strong>Karabinerklammer aus Metall:<\/strong> Sicher und langlebig zur Befestigung von Ausweisen, Schl\u00fcsselanh\u00e4ngern oder Zugangskarten.<\/li>\n<li><strong>Sicherheitsschnalle:<\/strong> Erm\u00f6glicht bei Bedarf ein schnelles L\u00f6sen und erh\u00f6ht die Sicherheit des Benutzers.<\/li>\n<li><strong>Elegantes Design:<\/strong> Die dunkelgr\u00fcne Farbe verleiht einen professionellen Look und l\u00e4sst sich leicht mit Uniformen oder Arbeitskleidung kombinieren.<\/li>\n<li><strong>Vielseitige Einsatzgebiete:<\/strong> Perfekt f\u00fcr Ausweise, Visitenkarten, Schl\u00fcsselanh\u00e4nger, Speichersticks und Mobiltelefone.<\/li>\n<\/ul>\n<p><strong>Spezifikationen:<\/strong><\/p>\n<ul>\n<li><strong>Breite:<\/strong> 10 mm<\/li>\n<li><strong>L\u00e4nge:<\/strong> 90 cm (45 cm Falll\u00e4nge)<\/li>\n<li><strong>Material:<\/strong> Recyceltes PET-Material<\/li>\n<li><strong>Malen:<\/strong> Dunkelgr\u00fcn<\/li>\n<li><strong>Verpackung:<\/strong> 100 St\u00fcck pro Packung<\/li>\n<\/ul>\n<p>Diese dunkelgr\u00fcnen Schl\u00fcsselb\u00e4nder sind sowohl funktional als auch langlebig und eignen sich perfekt f\u00fcr Unternehmen, Veranstaltungen oder den t\u00e4glichen Gebrauch. Mit ihrem stilvollen Design und den hochwertigen Materialien sind sie f\u00fcr jeden Bedarf eine hervorragende Wahl.<\/p>","protected":false},"excerpt":{"rendered":"<p>Strapazierf\u00e4hige dunkelgr\u00fcne Lanyards in 10 mm Breite, hergestellt aus recyceltem PET-Material. Ausgestattet mit Karabinerverschluss aus Metall und Sicherheitsschnalle. Verkauft in Packungen mit 100 St\u00fcck.<\/p>","protected":false},"featured_media":145570,"template":"","meta":{"_acf_changed":false},"product_brand":[],"product_cat":[1875],"product_tag":[4348,4350],"class_list":{"0":"post-57285","1":"product","2":"type-product","3":"status-publish","4":"has-post-thumbnail","6":"product_cat-nyckelband","7":"product_tag-10mm","8":"product_tag-grona-nyckelband","9":"product_shipping_class-tunga-paket","10":"pa_brands-stonehouse-security","11":"pa_farg-gron","12":"pa_farg-nyckelband-gron","13":"pa_rfid-tillbehor-nyckelband-halsband","14":"tm-no-options","16":"first","17":"instock","18":"sale","19":"featured","20":"taxable","21":"shipping-taxable","22":"purchasable","23":"product-type-simple"},"acf":[],"_links":{"self":[{"href":"https:\/\/secureus.se\/de\/wp-json\/wp\/v2\/product\/57285","targetHints":{"allow":["GET"]}}],"collection":[{"href":"https:\/\/secureus.se\/de\/wp-json\/wp\/v2\/product"}],"about":[{"href":"https:\/\/secureus.se\/de\/wp-json\/wp\/v2\/types\/product"}],"wp:featuredmedia":[{"embeddable":true,"href":"https:\/\/secureus.se\/de\/wp-json\/wp\/v2\/media\/145570"}],"wp:attachment":[{"href":"https:\/\/secureus.se\/de\/wp-json\/wp\/v2\/media?parent=57285"}],"wp:term":[{"taxonomy":"product_brand","embeddable":true,"href":"https:\/\/secureus.se\/de\/wp-json\/wp\/v2\/product_brand?post=57285"},{"taxonomy":"product_cat","embeddable":true,"href":"https:\/\/secureus.se\/de\/wp-json\/wp\/v2\/product_cat?post=57285"},{"taxonomy":"product_tag","embeddable":true,"href":"https:\/\/secureus.se\/de\/wp-json\/wp\/v2\/product_tag?post=57285"}],"curies":[{"name":"wp","href":"https:\/\/api.w.org\/{rel}","templated":true}]}}