{"id":57291,"date":"2022-03-10T15:26:00","date_gmt":"2022-03-10T14:26:00","guid":{"rendered":"https:\/\/secureus.se\/produkt\/nyckelband-eko-10-mm-sakerhetsspanne-hummerklamma-i-metall-100-pack-farg-bla\/"},"modified":"2025-12-31T19:37:30","modified_gmt":"2025-12-31T18:37:30","slug":"nyckelband-10mm-ljusbla-metallklamma-100-pack","status":"publish","type":"product","link":"https:\/\/secureus.se\/de\/nyckelband-10mm-ljusbla-metallklamma-100-pack\/","title":{"rendered":"Schl\u00fcsselanh\u00e4nger 10 mm, hellblau, umweltfreundlich, Karabinerhaken aus Metall und Sicherheitsschnalle, 100 St\u00fcck"},"content":{"rendered":"<p>Diese hellblauen 10 mm breiten Schl\u00fcsselb\u00e4nder sind die perfekte Wahl f\u00fcr Haltbarkeit und Praktikabilit\u00e4t. Sie bestehen aus langlebigem, recyceltem PET-Material und vereinen Umweltbewusstsein mit Funktionalit\u00e4t. Mit einer Standardl\u00e4nge von 90 cm (45 cm Falll\u00e4nge f\u00fcr Erwachsene) und einer Sicherheitsschnalle sind sie f\u00fcr eine Vielzahl von Einsatzzwecken wie Arbeitspl\u00e4tze, Veranstaltungen und Schulen konzipiert.<\/p>\n<ul>\n<li><strong>Recycelte Materialien:<\/strong> Strapazierf\u00e4higes PET-Material, das die Umwelt schont.<\/li>\n<li><strong>Karabinerklammer aus Metall:<\/strong> Sicher und robust f\u00fcr Ausweise, Schl\u00fcsselanh\u00e4nger oder Zutrittskarten.<\/li>\n<li><strong>Sicherheitsschnalle:<\/strong> Leicht abnehmbar f\u00fcr mehr Sicherheit und Komfort.<\/li>\n<li><strong>Einsatzgebiete:<\/strong> Perfekt f\u00fcr Ausweise, Visitenkarten, Schl\u00fcsselanh\u00e4nger, Speichersticks und Mobiltelefone.<\/li>\n<li><strong>Farben:<\/strong> Auch in anderen Farben wie Schwarz, Blau, Gr\u00fcn, Orange, Pink, Rot, Wei\u00df und Gelb erh\u00e4ltlich.<\/li>\n<\/ul>\n<p><strong>Spezifikationen:<\/strong><\/p>\n<ul>\n<li><strong>Breite:<\/strong> 10 mm<\/li>\n<li><strong>L\u00e4nge:<\/strong> 90 cm (45 cm Falll\u00e4nge)<\/li>\n<li><strong>Material:<\/strong> Recyceltes PET-Material<\/li>\n<li><strong>Verpackung:<\/strong> 100 St\u00fcck pro Packung<\/li>\n<\/ul>\n<p>Diese hellblauen Schl\u00fcsselb\u00e4nder bieten eine Kombination aus Stil und Funktionalit\u00e4t und sind somit die perfekte Wahl f\u00fcr Organisationen, die Wert auf Qualit\u00e4t und Haltbarkeit legen.<\/p>","protected":false},"excerpt":{"rendered":"<p>Strapazierf\u00e4hige, hellblaue Schl\u00fcsselb\u00e4nder in 10 mm Breite mit Karabinerverschluss aus Metall und Sicherheitsschnalle. Hergestellt aus recyceltem PET-Material und in 100er-Packungen erh\u00e4ltlich.<\/p>","protected":false},"featured_media":145290,"template":"","meta":{"_acf_changed":false},"product_brand":[],"product_cat":[1875],"product_tag":[4348,4352],"class_list":{"0":"post-57291","1":"product","2":"type-product","3":"status-publish","4":"has-post-thumbnail","6":"product_cat-nyckelband","7":"product_tag-10mm","8":"product_tag-blaa-nyckelband","9":"product_shipping_class-tunga-paket","10":"pa_brands-stonehouse-security","11":"pa_farg-bla","12":"pa_farg-nyckelband-bla","13":"pa_rfid-tillbehor-nyckelband-halsband","14":"tm-no-options","16":"first","17":"instock","18":"sale","19":"featured","20":"taxable","21":"shipping-taxable","22":"purchasable","23":"product-type-simple"},"acf":[],"_links":{"self":[{"href":"https:\/\/secureus.se\/de\/wp-json\/wp\/v2\/product\/57291","targetHints":{"allow":["GET"]}}],"collection":[{"href":"https:\/\/secureus.se\/de\/wp-json\/wp\/v2\/product"}],"about":[{"href":"https:\/\/secureus.se\/de\/wp-json\/wp\/v2\/types\/product"}],"wp:featuredmedia":[{"embeddable":true,"href":"https:\/\/secureus.se\/de\/wp-json\/wp\/v2\/media\/145290"}],"wp:attachment":[{"href":"https:\/\/secureus.se\/de\/wp-json\/wp\/v2\/media?parent=57291"}],"wp:term":[{"taxonomy":"product_brand","embeddable":true,"href":"https:\/\/secureus.se\/de\/wp-json\/wp\/v2\/product_brand?post=57291"},{"taxonomy":"product_cat","embeddable":true,"href":"https:\/\/secureus.se\/de\/wp-json\/wp\/v2\/product_cat?post=57291"},{"taxonomy":"product_tag","embeddable":true,"href":"https:\/\/secureus.se\/de\/wp-json\/wp\/v2\/product_tag?post=57291"}],"curies":[{"name":"wp","href":"https:\/\/api.w.org\/{rel}","templated":true}]}}