{"id":57293,"date":"2022-03-10T15:26:00","date_gmt":"2022-03-10T14:26:00","guid":{"rendered":"https:\/\/secureus.se\/produkt\/jojo-zink-abs-med-modern-design-svart\/"},"modified":"2026-04-23T16:19:22","modified_gmt":"2026-04-23T14:19:22","slug":"utdragbar-nyckelring-jojo-zink-abs-modern-design-svart","status":"publish","type":"product","link":"https:\/\/secureus.se\/de\/utdragbar-nyckelring-jojo-zink-abs-modern-design-svart\/","title":{"rendered":"Einziehbarer Schl\u00fcsselanh\u00e4nger mit Jo-Jo-Schnur und Clip \u2013 Modernes Design \u2013 Schwarz"},"content":{"rendered":"<div>\n<p><strong>Einziehbarer Schl\u00fcsselanh\u00e4nger mit Jojo \u2013 Zink\/ABS, modernes Design, Schwarz<\/strong><\/p>\n<p>Dieser moderne, ausziehbare Jo-Jo-Schl\u00fcsselanh\u00e4nger ist perfekt f\u00fcr den sicheren und einfachen Zugriff auf Ihre Schl\u00fcssel oder Ausweise. Es besteht aus hochwertigem Zink und ABS-Kunststoff und bietet ein robustes und stilvolles Design. Ausgestattet mit einer stabilen Befestigungsvorrichtung und Clips l\u00e4sst es sich leicht an G\u00fcrteln, Taschen oder Taschen befestigen.<\/p>\n<h4><strong>Funktionen und Vorteile<\/strong><\/h4>\n<ul>\n<li><strong>Nachhaltiges Design:<\/strong> Hergestellt aus Zink und ABS-Kunststoff f\u00fcr lange Haltbarkeit.<\/li>\n<li><strong>Stabile Befestigungsvorrichtung:<\/strong> Clips zur sicheren Befestigung an G\u00fcrteln, Taschen oder Taschen.<\/li>\n<li><strong>Einziehbares Yo-Yo:<\/strong> 70 cm lange Nylonschnur f\u00fcr einfachen und schnellen Zugriff.<\/li>\n<li><strong>Modern und stilvoll:<\/strong> Schwarze Farbe und modernes Design, das sowohl f\u00fcr berufliche als auch f\u00fcr allt\u00e4gliche Umgebungen geeignet ist.<\/li>\n<li><strong>Anpassbar:<\/strong> Auch in Rot erh\u00e4ltlich.<\/li>\n<\/ul>\n<h4><strong>Einsatzgebiete<\/strong><\/h4>\n<ul>\n<li><strong>B\u00fcropersonal:<\/strong> Perfekt, um Schl\u00fcssel oder Ausweise leicht zug\u00e4nglich aufzubewahren.<\/li>\n<li><strong>Sicherheitspersonal:<\/strong> Robust genug, um Sicherheitsausr\u00fcstung oder Schl\u00fcssel zu tragen.<\/li>\n<li><strong>Veranstaltungspersonal:<\/strong> Ideal, um Ausweise oder Zugangskarten sichtbar und leicht zug\u00e4nglich aufzubewahren.<\/li>\n<li><strong>T\u00e4glicher Gebrauch:<\/strong> Eine praktische L\u00f6sung f\u00fcr alle, die schnellen und einfachen Zugriff auf ihre Schl\u00fcssel oder Karten ben\u00f6tigen.<\/li>\n<\/ul>\n<h4><strong>Technische Spezifikation<\/strong><\/h4>\n<ul>\n<li><strong>Gr\u00f6\u00dfe:<\/strong> 33\u00d752 mm<\/li>\n<li><strong>Kabell\u00e4nge:<\/strong> 70 cm<\/li>\n<li><strong>Material:<\/strong> Zink\/ABS<\/li>\n<li><strong>Malen:<\/strong> Schwarz (auch in Rot erh\u00e4ltlich)<\/li>\n<\/ul>\n<\/div>","protected":false},"excerpt":{"rendered":"<p>Ausziehbarer Schl\u00fcsselanh\u00e4nger mit Jojo aus hochwertigem Zink\/ABS-Kunststoff, ideal f\u00fcr den sicheren und einfachen Zugriff auf Schl\u00fcssel oder Ausweise. Stilvolles schwarzes Design mit stabilem Clip zur einfachen Befestigung.<\/p>","protected":false},"featured_media":147650,"template":"","meta":{"_acf_changed":false},"product_brand":[],"product_cat":[1676,2901,1324],"product_tag":[2958],"class_list":{"0":"post-57293","1":"product","2":"type-product","3":"status-publish","4":"has-post-thumbnail","6":"product_cat-jojos-och-nyckelringar","7":"product_cat-jojo-yoyo-alltid-i-lager","8":"product_cat-outlet","9":"product_tag-stonehouse-produkt","10":"product_shipping_class-postnord-varubrev","11":"pa_brands-stonehouse-security","12":"pa_farg-svart","13":"pa_rfid-tillbehor-jojo","14":"tm-no-options","16":"first","17":"onbackorder","18":"sale","19":"featured","20":"taxable","21":"shipping-taxable","22":"purchasable","23":"product-type-simple"},"acf":[],"_links":{"self":[{"href":"https:\/\/secureus.se\/de\/wp-json\/wp\/v2\/product\/57293","targetHints":{"allow":["GET"]}}],"collection":[{"href":"https:\/\/secureus.se\/de\/wp-json\/wp\/v2\/product"}],"about":[{"href":"https:\/\/secureus.se\/de\/wp-json\/wp\/v2\/types\/product"}],"wp:featuredmedia":[{"embeddable":true,"href":"https:\/\/secureus.se\/de\/wp-json\/wp\/v2\/media\/147650"}],"wp:attachment":[{"href":"https:\/\/secureus.se\/de\/wp-json\/wp\/v2\/media?parent=57293"}],"wp:term":[{"taxonomy":"product_brand","embeddable":true,"href":"https:\/\/secureus.se\/de\/wp-json\/wp\/v2\/product_brand?post=57293"},{"taxonomy":"product_cat","embeddable":true,"href":"https:\/\/secureus.se\/de\/wp-json\/wp\/v2\/product_cat?post=57293"},{"taxonomy":"product_tag","embeddable":true,"href":"https:\/\/secureus.se\/de\/wp-json\/wp\/v2\/product_tag?post=57293"}],"curies":[{"name":"wp","href":"https:\/\/api.w.org\/{rel}","templated":true}]}}