{"id":57365,"date":"2022-03-10T15:15:00","date_gmt":"2022-03-10T14:15:00","guid":{"rendered":"https:\/\/secureus.se\/produkt\/2-vags-tradlos-lumin8-utomhus-siren-orange-wicomm-pro-och-agility\/"},"modified":"2026-01-30T08:07:36","modified_gmt":"2026-01-30T07:07:36","slug":"risco-siren-2-vags-lumin8-utomhus-105db","status":"publish","type":"product","link":"https:\/\/secureus.se\/de\/risco-siren-2-vags-lumin8-utomhus-105db\/","title":{"rendered":"Risco Sirene 2-Wege LUMIN8 \u2013 Au\u00dfenbereich 105dB"},"content":{"rendered":"<h1>Risco Sirene 2-Wege LUMIN8 \u2013 Au\u00dfenbereich 105dB<\/h1>\n<p data-start=\"441\" data-end=\"848\">Die kabellose Au\u00dfensirene Risco LUMIN8 RWS401 ist eine leistungsstarke Sicherheitsl\u00f6sung, die sowohl eine akustische als auch eine visuelle Warnung ausgibt, wenn ein Alarm ausgel\u00f6st wird.<\/p>\n<p data-start=\"441\" data-end=\"848\">Mit einem Schallpegel von 105 dB und einem leistungsstarken Blitzlicht sorgt diese Sirene f\u00fcr eine klare und h\u00f6rbare Warnung in allen Au\u00dfenbereichen.<\/p>\n<p data-start=\"441\" data-end=\"848\">Es handelt sich um eine vollst\u00e4ndig batteriebetriebene und kabellose Sirene, die eine einfache Installation ohne externe Kabel oder komplizierte Installationen erm\u00f6glicht.<\/p>\n<p data-start=\"850\" data-end=\"1233\">Die Sirene ist f\u00fcr eine vollst\u00e4ndige \u00dcberwachung ausgelegt und bietet zahlreiche Funktionen, die die Sicherheit und das Benutzererlebnis verbessern.<\/p>\n<p data-start=\"850\" data-end=\"1233\">Es verf\u00fcgt \u00fcber eine Voralarmfunktion, die w\u00e4hrend des Countdowns der Eingangsverz\u00f6gerung aktiviert wird und einen Alarm sendet, wenn die Sirene w\u00e4hrend dieser Zeit besch\u00e4digt wird.<\/p>\n<p data-start=\"850\" data-end=\"1233\">Dadurch kann die Sirene unabh\u00e4ngig vom Bedienfeld agieren, was die Gesamtsicherheit des Systems verbessert.<\/p>\n<p data-start=\"1235\" data-end=\"1552\">Ein weiteres wichtiges Merkmal der LUMIN8-Sirene ist ihre drahtlose Zweiwegekommunikation, die eine vollst\u00e4ndige Integration in RISCO-Sicherheitssysteme wie Agility\u2122 und WisDom erm\u00f6glicht.<\/p>\n<p data-start=\"1235\" data-end=\"1552\">Dadurch wird sichergestellt, dass die Sirene aus der Ferne programmiert werden kann und Selbsttests durchf\u00fchrt, um sicherzustellen, dass sie voll funktionsf\u00e4hig ist.<\/p>\n<p data-start=\"1554\" data-end=\"1973\">Die Sirene ist au\u00dferdem so konzipiert, dass sie beim Scharf- oder Unscharfschalten des Systems verschiedene Audiomeldungen ausgibt, darunter eine Meldung aus 4 Signalt\u00f6nen, die anzeigt, dass der Alarm ausgel\u00f6st wurde.<\/p>\n<p data-start=\"1554\" data-end=\"1973\">Dies ist eine wichtige Funktion, um schnell zu erkennen, ob ein Einbruch stattgefunden hat oder das System sabotiert wurde.<\/p>\n<p data-start=\"1554\" data-end=\"1973\">Es verf\u00fcgt au\u00dferdem \u00fcber einen lokalen Manipulationsalarm, der nach der Eingangsverz\u00f6gerung ausgel\u00f6st wird und so zus\u00e4tzlichen Schutz f\u00fcr die Installation bietet.<\/p>\n<p data-start=\"1975\" data-end=\"2176\">Mit einem Temperaturbereich von -25 \u00b0C bis 60 \u00b0C ist diese Sirene robust genug, um bei unterschiedlichsten Wetterbedingungen eingesetzt zu werden. Sie verf\u00fcgt \u00fcber die Schutzart IP44 und ist somit wasserdicht sowie vor Staub und Schmutz gesch\u00fctzt.<\/p>\n<p data-start=\"2178\" data-end=\"2208\"><strong data-start=\"2178\" data-end=\"2206\">Haupteigenschaften:<\/strong><\/p>\n<ul data-start=\"2209\" data-end=\"2877\">\n<li data-start=\"2209\" data-end=\"2276\">\n<p data-start=\"2211\" data-end=\"2276\"><strong data-start=\"2211\" data-end=\"2235\">Vollst\u00e4ndig batteriebetrieben:<\/strong> Ben\u00f6tigt 5 x CR123, 3V Lithiumbatterien<\/p>\n<\/li>\n<li data-start=\"2277\" data-end=\"2329\">\n<p data-start=\"2279\" data-end=\"2329\"><strong data-start=\"2279\" data-end=\"2292\">Schallpegel:<\/strong> 105 dB @ 1 Meter (einstellbare Lautst\u00e4rke)<\/p>\n<\/li>\n<li data-start=\"2330\" data-end=\"2432\">\n<p data-start=\"2332\" data-end=\"2432\"><strong data-start=\"2332\" data-end=\"2357\">Visuelle Indikatoren:<\/strong> Polycarbonatlinse mit Stroboskoplicht, Blitzfrequenz 60 Mal pro Minute<\/p>\n<\/li>\n<li data-start=\"2433\" data-end=\"2513\">\n<p data-start=\"2435\" data-end=\"2513\"><strong data-start=\"2435\" data-end=\"2454\">Alarmanzeige:<\/strong> Inklusive Manipulationsanzeige und Anzeige f\u00fcr niedrigen Batteriestand<\/p>\n<\/li>\n<li data-start=\"2514\" data-end=\"2576\">\n<p data-start=\"2516\" data-end=\"2576\"><strong data-start=\"2516\" data-end=\"2535\">Kompatibilit\u00e4t:<\/strong> RISCO Agility\u2122, WisDom-Sicherheitssystem<\/p>\n<\/li>\n<li data-start=\"2577\" data-end=\"2645\">\n<p data-start=\"2579\" data-end=\"2645\"><strong data-start=\"2579\" data-end=\"2599\">Voralarmfunktion:<\/strong> Vandalismusalarm bei Eingangsverz\u00f6gerung<\/p>\n<\/li>\n<li data-start=\"2646\" data-end=\"2690\">\n<p data-start=\"2648\" data-end=\"2690\"><strong data-start=\"2648\" data-end=\"2672\">Temperaturbereich:<\/strong> -25 \u00b0C bis 60 \u00b0C<\/p>\n<\/li>\n<li data-start=\"2691\" data-end=\"2747\">\n<p data-start=\"2693\" data-end=\"2747\"><strong data-start=\"2693\" data-end=\"2710\">IP-Schutzart:<\/strong> IP44 \u2013 wasserbest\u00e4ndig und staubgesch\u00fctzt<\/p>\n<\/li>\n<li data-start=\"2748\" data-end=\"2822\">\n<p data-start=\"2750\" data-end=\"2822\"><strong data-start=\"2750\" data-end=\"2767\">Installation:<\/strong> Einfache drahtlose Installation mit minimaler Verkabelung<\/p>\n<\/li>\n<li data-start=\"2823\" data-end=\"2877\">\n<p data-start=\"2825\" data-end=\"2877\"><strong data-start=\"2825\" data-end=\"2840\">Akkulaufzeit:<\/strong> Bis zu 3 Jahre, je nach Nutzung<\/p>\n<\/li>\n<\/ul>\n<p data-start=\"2879\" data-end=\"2910\"><strong data-start=\"2879\" data-end=\"2908\">Technische Spezifikationen:<\/strong><\/p>\n<ul data-start=\"2911\" data-end=\"3153\">\n<li data-start=\"2911\" data-end=\"2945\">\n<p data-start=\"2913\" data-end=\"2945\"><strong data-start=\"2913\" data-end=\"2925\">Gr\u00f6\u00dfe:<\/strong> 273 x 230 x 64 mm<\/p>\n<\/li>\n<li data-start=\"2946\" data-end=\"2986\">\n<p data-start=\"2948\" data-end=\"2986\"><strong data-start=\"2948\" data-end=\"2957\">Gewicht:<\/strong> 1 kg (inkl. Batterien)<\/p>\n<\/li>\n<li data-start=\"2987\" data-end=\"3012\">\n<p data-start=\"2989\" data-end=\"3012\"><strong data-start=\"2989\" data-end=\"3002\">Frequenz:<\/strong> 868 MHz<\/p>\n<\/li>\n<li data-start=\"3013\" data-end=\"3062\">\n<p data-start=\"3015\" data-end=\"3062\"><strong data-start=\"3015\" data-end=\"3030\">Akku-Typ:<\/strong> 5 x CR123, 3 V Lithiumbatterien<\/p>\n<\/li>\n<li data-start=\"3063\" data-end=\"3111\">\n<p data-start=\"3065\" data-end=\"3111\"><strong data-start=\"3065\" data-end=\"3084\">Sicherheitsklasse:<\/strong> Klasse IV f\u00fcr den Au\u00dfenbereich<\/p>\n<\/li>\n<li data-start=\"3112\" data-end=\"3153\">\n<p data-start=\"3114\" data-end=\"3153\"><strong data-start=\"3114\" data-end=\"3137\">Lagertemperatur:<\/strong> -20 \u00b0C bis 60 \u00b0C<\/p>\n<\/li>\n<\/ul>\n<p data-start=\"3155\" data-end=\"3437\">Der Risco LUMIN8 RWS401 ist die perfekte L\u00f6sung f\u00fcr die Sicherheit im Au\u00dfenbereich und bietet im Alarmfall sowohl einen hohen Schallpegel als auch eine sichtbare Warnung.<\/p>\n<p data-start=\"3155\" data-end=\"3437\">Dank der drahtlosen Zweiwegekommunikation und der einfachen Installation ist diese Sirene f\u00fcr alle Arten von Sicherheitsinstallationen flexibel und zuverl\u00e4ssig.<\/p>","protected":false},"excerpt":{"rendered":"<p>Die Risco LUMIN8 RWS401 ist eine kabellose, batteriebetriebene Au\u00dfensirene mit einem Schallpegel von 105 dB und einem Blitzlicht f\u00fcr hohe Sichtbarkeit.<\/p>\n<p>Es wurde f\u00fcr Agility WiComm Pro entwickelt und eignet sich perfekt f\u00fcr eine schnelle und flexible Installation in jeder Au\u00dfenumgebung.<\/p>","protected":false},"featured_media":145316,"template":"","meta":{"_acf_changed":false},"product_brand":[],"product_cat":[2731,3190],"product_tag":[3152,2266,2262,2420,3070],"class_list":{"0":"post-57365","1":"product","2":"type-product","3":"status-publish","4":"has-post-thumbnail","6":"product_cat-risco-larm","7":"product_cat-sirener-risco-larm","8":"product_tag-cr123-tillbehor","9":"product_tag-larmdon-blixtljus-blixtljus-i-samma-enhet","10":"product_tag-larmdon-siren-utomhus","11":"product_tag-rel-larmdonblixt","12":"product_tag-wicomm-pro-siren","13":"product_shipping_class-postnord-varubrev","14":"pa_brands-4risco","15":"pa_risco-produkter-agility-3","16":"pa_risco-produkter-agility-4","17":"pa_wicomm-pro-kategorier-sinerer","18":"tm-no-options","20":"first","21":"instock","22":"sale","23":"featured","24":"taxable","25":"shipping-taxable","26":"purchasable","27":"product-type-simple"},"acf":[],"_links":{"self":[{"href":"https:\/\/secureus.se\/de\/wp-json\/wp\/v2\/product\/57365","targetHints":{"allow":["GET"]}}],"collection":[{"href":"https:\/\/secureus.se\/de\/wp-json\/wp\/v2\/product"}],"about":[{"href":"https:\/\/secureus.se\/de\/wp-json\/wp\/v2\/types\/product"}],"wp:featuredmedia":[{"embeddable":true,"href":"https:\/\/secureus.se\/de\/wp-json\/wp\/v2\/media\/145316"}],"wp:attachment":[{"href":"https:\/\/secureus.se\/de\/wp-json\/wp\/v2\/media?parent=57365"}],"wp:term":[{"taxonomy":"product_brand","embeddable":true,"href":"https:\/\/secureus.se\/de\/wp-json\/wp\/v2\/product_brand?post=57365"},{"taxonomy":"product_cat","embeddable":true,"href":"https:\/\/secureus.se\/de\/wp-json\/wp\/v2\/product_cat?post=57365"},{"taxonomy":"product_tag","embeddable":true,"href":"https:\/\/secureus.se\/de\/wp-json\/wp\/v2\/product_tag?post=57365"}],"curies":[{"name":"wp","href":"https:\/\/api.w.org\/{rel}","templated":true}]}}