{"id":57366,"date":"2022-03-10T15:15:00","date_gmt":"2022-03-10T14:15:00","guid":{"rendered":"https:\/\/secureus.se\/produkt\/2-vags-tradlos-panda-keyfob-fjarrkontroll-agililty4-och-wicomm-pro\/"},"modified":"2026-03-14T12:52:33","modified_gmt":"2026-03-14T11:52:33","slug":"risco-fjarrkontroll-2-vags","status":"publish","type":"product","link":"https:\/\/secureus.se\/de\/risco-fjarrkontroll-2-vags\/","title":{"rendered":"Risco Fernbedienung 2-Wege"},"content":{"rendered":"<h1>Risco Fernbedienung 2-Wege<\/h1>\n<p data-start=\"478\" data-end=\"845\">Die RISCO Panda 2-Wege-Fernbedienung (Mod. RWX332KF800B) ist die neuste Innovation der RISCO Group und wurde entwickelt, um Benutzern von RISCO-Einbruchmeldesystemen maximalen Komfort und Sicherheit zu bieten.<\/p>\n<p data-start=\"478\" data-end=\"845\">Die Fernbedienung kombiniert ein modernes und stromlinienf\u00f6rmiges Design mit fortschrittlicher drahtloser Zweiwegekommunikation und ist somit eine ausgezeichnete Wahl sowohl f\u00fcr Privathaushalte als auch f\u00fcr kleine B\u00fcros.<\/p>\n<p data-start=\"847\" data-end=\"1241\">Die Panda 2-Wege-Fernbedienung ist besonders benutzerfreundlich und einfach zu konfigurieren.<\/p>\n<p data-start=\"847\" data-end=\"1241\">Es ist mit allen drahtlosen und hybriden Sicherheitssystemen von RISCO kompatibel und bietet Benutzern eine bequeme M\u00f6glichkeit, ihre Alarm- und Sicherheitssysteme zu steuern.<\/p>\n<p data-start=\"847\" data-end=\"1241\">Die Fernbedienung ist mit gro\u00dfen Tasten ausgestattet und erm\u00f6glicht so eine einfache Bedienung zum Scharf- und Unscharfschalten des Systems sowie zum Senden von Panikalarmen.<\/p>\n<p data-start=\"1243\" data-end=\"1561\">Eine der praktischsten Funktionen der Panda-Fernbedienung ist die drahtlose Zweiwegekommunikation.<\/p>\n<p data-start=\"1243\" data-end=\"1561\">Wenn ein Befehl an das Panel gesendet wird, erh\u00e4lt der Benutzer \u00fcber die LED auf der Fernbedienung eine Statusbest\u00e4tigung zur\u00fcck.<\/p>\n<p data-start=\"1243\" data-end=\"1561\">Dies gibt Sicherheit und best\u00e4tigt, dass der Befehl vom Sicherheitssystem empfangen und verarbeitet wurde.<\/p>\n<p data-start=\"1563\" data-end=\"1831\">Die Fernbedienung l\u00e4sst sich zudem bequem transportieren, da sie an einer Kette befestigt oder als Anh\u00e4nger getragen werden kann und ist somit praktisch f\u00fcr den t\u00e4glichen Gebrauch.<\/p>\n<p data-start=\"1563\" data-end=\"1831\">Durch den einfachen Batteriewechsel kann der Benutzer das Ger\u00e4t problemlos warten, ohne sich um Ausfallzeiten oder Schwierigkeiten sorgen zu m\u00fcssen.<\/p>\n<p data-start=\"1833\" data-end=\"1863\"><strong data-start=\"1833\" data-end=\"1861\">Haupteigenschaften:<\/strong><\/p>\n<ul data-start=\"1864\" data-end=\"2462\">\n<li data-start=\"1864\" data-end=\"1938\">\n<p data-start=\"1866\" data-end=\"1938\"><strong data-start=\"1866\" data-end=\"1900\">Drahtlose Zweiwegekommunikation:<\/strong> Erh\u00e4lt den Best\u00e4tigungsstatus vom System<\/p>\n<\/li>\n<li data-start=\"1939\" data-end=\"2022\">\n<p data-start=\"1941\" data-end=\"2022\"><strong data-start=\"1941\" data-end=\"1962\">Benutzerfreundlichkeit:<\/strong> Gro\u00dfe Tasten f\u00fcr eine schnelle und einfache Systembedienung<\/p>\n<\/li>\n<li data-start=\"2023\" data-end=\"2099\">\n<p data-start=\"2025\" data-end=\"2099\"><strong data-start=\"2025\" data-end=\"2043\">Panikkontrolle:<\/strong> M\u00f6glichkeit, Panikalarme an das Sicherheitssystem zu senden<\/p>\n<\/li>\n<li data-start=\"2100\" data-end=\"2166\">\n<p data-start=\"2102\" data-end=\"2166\"><strong data-start=\"2102\" data-end=\"2113\">Tragbar:<\/strong> Kann an einer Kette befestigt oder als Anh\u00e4nger getragen werden<\/p>\n<\/li>\n<li data-start=\"2167\" data-end=\"2251\">\n<p data-start=\"2169\" data-end=\"2251\"><strong data-start=\"2169\" data-end=\"2188\">Kompatibilit\u00e4t:<\/strong> Funktioniert mit allen drahtlosen und hybriden Einbruchmeldesystemen von RISCO<\/p>\n<\/li>\n<li data-start=\"2252\" data-end=\"2320\">\n<p data-start=\"2254\" data-end=\"2320\"><strong data-start=\"2254\" data-end=\"2270\">Batteriewechsel:<\/strong> Einfacher Batteriewechsel f\u00fcr den Langzeitgebrauch<\/p>\n<\/li>\n<li data-start=\"2321\" data-end=\"2407\">\n<p data-start=\"2323\" data-end=\"2407\"><strong data-start=\"2323\" data-end=\"2344\">LED-Anzeige:<\/strong> Best\u00e4tigt den Status jedes an das Panel gesendeten Befehls<\/p>\n<\/li>\n<li data-start=\"2408\" data-end=\"2462\">\n<p data-start=\"2410\" data-end=\"2462\"><strong data-start=\"2410\" data-end=\"2421\">Design:<\/strong> Modern und kompakt f\u00fcr eine komfortable Nutzung<\/p>\n<\/li>\n<\/ul>\n<p data-start=\"2464\" data-end=\"2495\"><strong data-start=\"2464\" data-end=\"2493\">Technische Spezifikationen:<\/strong><\/p>\n<ul data-start=\"2496\" data-end=\"2714\">\n<li data-start=\"2496\" data-end=\"2521\">\n<p data-start=\"2498\" data-end=\"2521\"><strong data-start=\"2498\" data-end=\"2511\">Frequenz:<\/strong> 868 MHz<\/p>\n<\/li>\n<li data-start=\"2522\" data-end=\"2581\">\n<p data-start=\"2524\" data-end=\"2581\"><strong data-start=\"2524\" data-end=\"2545\">Stromversorgung:<\/strong> Batteriebetrieben (einfacher Batteriewechsel)<\/p>\n<\/li>\n<li data-start=\"2582\" data-end=\"2649\">\n<p data-start=\"2584\" data-end=\"2649\"><strong data-start=\"2584\" data-end=\"2603\">Kompatibilit\u00e4t:<\/strong> Agility\u2122, WiComm Pro und andere RISCO-Systeme<\/p>\n<\/li>\n<li data-start=\"2650\" data-end=\"2714\">\n<p data-start=\"2652\" data-end=\"2714\"><strong data-start=\"2652\" data-end=\"2665\">Funktion:<\/strong> Alarm ein\/aus, Panikalarm, Zweiwege-Best\u00e4tigungsstatus<\/p>\n<\/li>\n<\/ul>\n<p data-start=\"2716\" data-end=\"2980\">Diese Panda 2-Wege-Fernbedienung ist ein perfektes Zubeh\u00f6r f\u00fcr Benutzer, die nach einer einfachen, aber effektiven Kontrolle \u00fcber ihre Sicherheitssysteme suchen.<\/p>\n<p data-start=\"2716\" data-end=\"2980\">Mit seinen benutzerfreundlichen Funktionen und der zuverl\u00e4ssigen Kommunikation bietet es eine sichere und flexible L\u00f6sung f\u00fcr den t\u00e4glichen Gebrauch.<\/p>\n<p><a href=\"https:\/\/www.riscogroup.com\/products\/product\/52708\" target=\"_blank\" rel=\"noopener\">Hier k\u00f6nnen Sie mehr \u00fcber WiCom Pro auf der Website der Risco Group lesen\u00a0<\/a><\/p>\n<p><iframe title=\"Wicomm Smart Hub US\" width=\"1170\" height=\"658\" src=\"https:\/\/www.youtube.com\/embed\/5PHoH2dRjEs?feature=oembed\" frameborder=\"0\" allow=\"accelerometer; autoplay; clipboard-write; encrypted-media; gyroscope; picture-in-picture; web-share\" referrerpolicy=\"strict-origin-when-cross-origin\" allowfullscreen><\/iframe><\/p>","protected":false},"excerpt":{"rendered":"<p>Die Risco Panda 2-Wege-Fernbedienung ist eine kompakte und moderne drahtlose Schl\u00fcsselsteuerung, die Benutzern einfachen Zugriff auf ihre Sicherheitssysteme erm\u00f6glicht.<\/p>\n<p>Es l\u00e4sst sich einfach konfigurieren und mit den hybriden und drahtlosen Einbruchmeldesystemen von RISCO verwenden.<\/p>\n<p>Best\u00e4tigungsstatus \u00fcber LED und Zweiwegekommunikation f\u00fcr erh\u00f6hte Sicherheit.<\/p>","protected":false},"featured_media":145660,"template":"","meta":{"_acf_changed":false},"product_brand":[],"product_cat":[2731,4881],"product_tag":[],"class_list":{"0":"post-57366","1":"product","2":"type-product","3":"status-publish","4":"has-post-thumbnail","6":"product_cat-risco-larm","7":"product_cat-overfallslarm-fjarrkontroll","8":"product_shipping_class-postnord-varubrev","9":"pa_brands-4risco","10":"pa_risco-produkter-agility-4","11":"pa_wicomm-pro-kategorier-manoverpaneler-knappar","12":"tm-no-options","14":"first","15":"instock","16":"sale","17":"featured","18":"taxable","19":"shipping-taxable","20":"purchasable","21":"product-type-simple"},"acf":[],"_links":{"self":[{"href":"https:\/\/secureus.se\/de\/wp-json\/wp\/v2\/product\/57366","targetHints":{"allow":["GET"]}}],"collection":[{"href":"https:\/\/secureus.se\/de\/wp-json\/wp\/v2\/product"}],"about":[{"href":"https:\/\/secureus.se\/de\/wp-json\/wp\/v2\/types\/product"}],"wp:featuredmedia":[{"embeddable":true,"href":"https:\/\/secureus.se\/de\/wp-json\/wp\/v2\/media\/145660"}],"wp:attachment":[{"href":"https:\/\/secureus.se\/de\/wp-json\/wp\/v2\/media?parent=57366"}],"wp:term":[{"taxonomy":"product_brand","embeddable":true,"href":"https:\/\/secureus.se\/de\/wp-json\/wp\/v2\/product_brand?post=57366"},{"taxonomy":"product_cat","embeddable":true,"href":"https:\/\/secureus.se\/de\/wp-json\/wp\/v2\/product_cat?post=57366"},{"taxonomy":"product_tag","embeddable":true,"href":"https:\/\/secureus.se\/de\/wp-json\/wp\/v2\/product_tag?post=57366"}],"curies":[{"name":"wp","href":"https:\/\/api.w.org\/{rel}","templated":true}]}}