{"id":57367,"date":"2022-03-10T15:15:00","date_gmt":"2022-03-10T14:15:00","guid":{"rendered":"https:\/\/secureus.se\/produkt\/1-vags-2-vags-tradlos-piccolo-pet-pir-detektor-agililty3-4-och-wicomm-pro\/"},"modified":"2025-12-31T19:38:49","modified_gmt":"2025-12-31T18:38:49","slug":"risco-piccolo-2-vags-rorelsedetektor-med-husdjursfunktion","status":"publish","type":"product","link":"https:\/\/secureus.se\/de\/risco-piccolo-2-vags-rorelsedetektor-med-husdjursfunktion\/","title":{"rendered":"Risco Piccolo 2-Wege-Bewegungsmelder mit Haustierfunktion"},"content":{"rendered":"<h1>Risco 2-Wege-Bewegungsmelder Piccolo mit Haustierfunktion<\/h1>\n<div class=\"field field-name-field-product-description field-type-text-long field-label-hidden\">\n<div class=\"field-items\">\n<p data-start=\"518\" data-end=\"881\">Der Risco Piccolo 2-Wege-Bewegungsmelder mit Haustierfunktion (Modell RWX96P86800A) ist ein kompakter und effizienter Bewegungsmelder, der sowohl f\u00fcr kleine als auch f\u00fcr gro\u00dfe R\u00e4ume zuverl\u00e4ssige Sicherheit bietet.<\/p>\n<p data-start=\"518\" data-end=\"881\">Mit einer Reichweite von bis zu 8 Metern und einer haustierfreundlichen Funktion, die es ihm erm\u00f6glicht, Haustiere bis zu 36 kg zu ignorieren, ist Piccolo perfekt f\u00fcr Zuhause und kleine B\u00fcros.<\/p>\n<p data-start=\"883\" data-end=\"1216\">Der Melder ist mit einem PIR-Sensor mit zwei Elementen ausgestattet, der eine hohe Erkennungskapazit\u00e4t und geringe Empfindlichkeit gegen\u00fcber Fehlalarmen bietet. Damit ist er die ideale L\u00f6sung f\u00fcr Haushalte mit Haustieren oder in denen es wichtig ist, Fehlalarme zu vermeiden.<\/p>\n<p data-start=\"883\" data-end=\"1216\">Das innovative und elegante Design macht es zudem zu einem dezenten und modernen Bestandteil Ihrer Inneneinrichtung.<\/p>\n<p data-start=\"1218\" data-end=\"1590\">Dank der drahtlosen Zweiwegekommunikation und Fernprogrammierung ist Piccolo einfach zu installieren und zu warten. Der Detektor ist mit den drahtlosen und Hybridsystemen von RISCO kompatibel, einschlie\u00dflich Agility\u21224 (ab Version 5.17), WiComm Pro und LightSYS+.<\/p>\n<p data-start=\"1218\" data-end=\"1590\">Es unterst\u00fctzt au\u00dferdem sowohl unidirektionale als auch bidirektionale Kommunikation und ist daher flexibel und mit verschiedenen Systemkonfigurationen kompatibel.<\/p>\n<p data-start=\"1592\" data-end=\"1777\">Um die Wartung zu vereinfachen, verf\u00fcgt Piccolo \u00fcber eine magnetische Halterung, die den Batteriewechsel erleichtert. Der Batteriewechsel kann vom Benutzer selbst durchgef\u00fchrt werden, wenn der Installateur diese Funktion aktiviert hat.<\/p>\n<p data-start=\"1779\" data-end=\"1809\"><strong data-start=\"1779\" data-end=\"1807\">Haupteigenschaften:<\/strong><\/p>\n<ul data-start=\"1810\" data-end=\"2457\">\n<li data-start=\"1810\" data-end=\"1835\">\n<p data-start=\"1812\" data-end=\"1835\"><strong data-start=\"1812\" data-end=\"1825\">Umfang:<\/strong> 8 Meter<\/p>\n<\/li>\n<li data-start=\"1836\" data-end=\"1892\">\n<p data-start=\"1838\" data-end=\"1892\"><strong data-start=\"1838\" data-end=\"1857\">Haustierfreundlich:<\/strong> Ignoriert Haustiere bis 36 kg<\/p>\n<\/li>\n<li data-start=\"1893\" data-end=\"1967\">\n<p data-start=\"1895\" data-end=\"1967\"><strong data-start=\"1895\" data-end=\"1913\">Kommunikation:<\/strong> Unterst\u00fctzt sowohl 1-Wege- als auch 2-Wege-Funkkommunikation<\/p>\n<\/li>\n<li data-start=\"1968\" data-end=\"2030\">\n<p data-start=\"1970\" data-end=\"2030\"><strong data-start=\"1970\" data-end=\"1981\">Design:<\/strong> Kompakt und modern, sowohl f\u00fcr Zuhause als auch f\u00fcrs B\u00fcro geeignet<\/p>\n<\/li>\n<li data-start=\"2031\" data-end=\"2121\">\n<p data-start=\"2033\" data-end=\"2121\"><strong data-start=\"2033\" data-end=\"2051\">Hohe Leistung:<\/strong> Ausgestattet mit Dual-Element-PIR-Sensor und digitaler Signalverarbeitung<\/p>\n<\/li>\n<li data-start=\"2122\" data-end=\"2207\">\n<p data-start=\"2124\" data-end=\"2207\"><strong data-start=\"2124\" data-end=\"2151\">Temperaturkompensation:<\/strong> F\u00fcr maximale Erkennung und hohe Immunit\u00e4t gegen Fehlalarme<\/p>\n<\/li>\n<li data-start=\"2208\" data-end=\"2289\">\n<p data-start=\"2210\" data-end=\"2289\"><strong data-start=\"2210\" data-end=\"2247\">Einfache Installation und Wartung:<\/strong> Magnethalterung f\u00fcr einfachen Batteriewechsel<\/p>\n<\/li>\n<li data-start=\"2290\" data-end=\"2366\">\n<p data-start=\"2292\" data-end=\"2366\"><strong data-start=\"2292\" data-end=\"2311\">Kompatibilit\u00e4t:<\/strong> Agility\u21224 (ab Version 5.17), WiComm Pro, LightSYS+<\/p>\n<\/li>\n<li data-start=\"2367\" data-end=\"2411\">\n<p data-start=\"2369\" data-end=\"2411\"><strong data-start=\"2369\" data-end=\"2381\">Batterie:<\/strong> 1 x CR123A, lange Batterielebensdauer<\/p>\n<\/li>\n<li data-start=\"2412\" data-end=\"2457\">\n<p data-start=\"2414\" data-end=\"2457\"><strong data-start=\"2414\" data-end=\"2444\">Artikelnummer des Lieferanten:<\/strong> RWX96P86800A<\/p>\n<\/li>\n<\/ul>\n<p data-start=\"2459\" data-end=\"2490\"><strong data-start=\"2459\" data-end=\"2488\">Technische Spezifikationen:<\/strong><\/p>\n<ul data-start=\"2491\" data-end=\"2792\">\n<li data-start=\"2491\" data-end=\"2516\">\n<p data-start=\"2493\" data-end=\"2516\"><strong data-start=\"2493\" data-end=\"2506\">Frequenz:<\/strong> 868 MHz<\/p>\n<\/li>\n<li data-start=\"2517\" data-end=\"2550\">\n<p data-start=\"2519\" data-end=\"2550\"><strong data-start=\"2519\" data-end=\"2540\">Erfassungsbereich:<\/strong> 8 Meter<\/p>\n<\/li>\n<li data-start=\"2551\" data-end=\"2591\">\n<p data-start=\"2553\" data-end=\"2591\"><strong data-start=\"2553\" data-end=\"2572\">Montageh\u00f6he:<\/strong> 2,2 m bis 2,5 m<\/p>\n<\/li>\n<li data-start=\"2592\" data-end=\"2622\">\n<p data-start=\"2594\" data-end=\"2622\"><strong data-start=\"2594\" data-end=\"2609\">Akku-Typ:<\/strong> 1 x CR123A<\/p>\n<\/li>\n<li data-start=\"2623\" data-end=\"2661\">\n<p data-start=\"2625\" data-end=\"2661\"><strong data-start=\"2625\" data-end=\"2646\">Stromverbrauch:<\/strong> 12 mA Standby<\/p>\n<\/li>\n<li data-start=\"2662\" data-end=\"2707\">\n<p data-start=\"2664\" data-end=\"2707\"><strong data-start=\"2664\" data-end=\"2688\">Temperaturbereich:<\/strong> -10\u00b0C bis +40\u00b0C<\/p>\n<\/li>\n<li data-start=\"2708\" data-end=\"2745\">\n<p data-start=\"2710\" data-end=\"2745\"><strong data-start=\"2710\" data-end=\"2726\">Abmessungen:<\/strong> 120 x 60 x 60 mm<\/p>\n<\/li>\n<li data-start=\"2746\" data-end=\"2765\">\n<p data-start=\"2748\" data-end=\"2765\"><strong data-start=\"2748\" data-end=\"2757\">Gewicht:<\/strong> 100 g<\/p>\n<\/li>\n<li data-start=\"2766\" data-end=\"2792\">\n<p data-start=\"2768\" data-end=\"2792\"><strong data-start=\"2768\" data-end=\"2785\">IP-Schutzart:<\/strong> IP44<\/p>\n<\/li>\n<\/ul>\n<p data-start=\"2794\" data-end=\"3067\">Dieser Piccolo-Bewegungsmelder ist die perfekte L\u00f6sung f\u00fcr Benutzer, die einen sicheren und zuverl\u00e4ssigen drahtlosen Melder suchen, der auch Haustiere im Haus ber\u00fccksichtigt.<\/p>\n<p data-start=\"2794\" data-end=\"3067\">Mit seinen erweiterten Funktionen und der einfachen Installation ist es eine hervorragende Komponente in jedem RISCO-Sicherheitssystem.<\/p>\n<p><a href=\"https:\/\/www.riscogroup.com\/products\/product\/52708\" target=\"_blank\" rel=\"noopener\">Hier k\u00f6nnen Sie mehr \u00fcber WiCom Pro auf der Website der Risco Group lesen\u00a0<\/a><\/p>\n<p><iframe title=\"Wicomm Smart Hub US\" width=\"1170\" height=\"658\" src=\"https:\/\/www.youtube.com\/embed\/5PHoH2dRjEs?feature=oembed\" frameborder=\"0\" allow=\"accelerometer; autoplay; clipboard-write; encrypted-media; gyroscope; picture-in-picture; web-share\" referrerpolicy=\"strict-origin-when-cross-origin\" allowfullscreen><\/iframe><\/p>\n<\/div>\n<\/div>\n<div class=\"field field-name-field-product-description field-type-text-long field-label-hidden\">\n<div class=\"field-items\">\n<div class=\"field-item even\">\n<p>&nbsp;<\/p>\n<\/div>\n<\/div>\n<\/div>","protected":false},"excerpt":{"rendered":"<p>Der Risco Piccolo 2-Wege-Bewegungsmelder mit Haustierfunktion ist ein kleiner und kompakter PIR-Sensor mit einer Reichweite von 8 Metern.<\/p>\n<p>Es eignet sich ideal f\u00fcr den Einsatz in Privathaushalten und kleinen B\u00fcros und ist sowohl mit 1-Wege- als auch mit 2-Wege-Funksystemen kompatibel.<\/p>\n<p>Die Haustierfunktion erm\u00f6glicht eine unbeeintr\u00e4chtigte Nutzung durch Haustiere bis 36 kg.<\/p>","protected":false},"featured_media":145327,"template":"","meta":{"_acf_changed":false},"product_brand":[],"product_cat":[3188,2731],"product_tag":[3152],"class_list":{"0":"post-57367","1":"product","2":"type-product","3":"status-publish","4":"has-post-thumbnail","6":"product_cat-larmenheter-risco-larm","7":"product_cat-risco-larm","8":"product_tag-cr123-tillbehor","9":"product_shipping_class-postnord-varubrev","10":"pa_brands-4risco","11":"pa_risco-produkter-agility-3","12":"pa_risco-produkter-agility-4","13":"pa_wicomm-pro-kategorier-rorelsedetektor","14":"tm-no-options","16":"first","17":"instock","18":"sale","19":"featured","20":"taxable","21":"shipping-taxable","22":"purchasable","23":"product-type-simple"},"acf":[],"_links":{"self":[{"href":"https:\/\/secureus.se\/de\/wp-json\/wp\/v2\/product\/57367","targetHints":{"allow":["GET"]}}],"collection":[{"href":"https:\/\/secureus.se\/de\/wp-json\/wp\/v2\/product"}],"about":[{"href":"https:\/\/secureus.se\/de\/wp-json\/wp\/v2\/types\/product"}],"wp:featuredmedia":[{"embeddable":true,"href":"https:\/\/secureus.se\/de\/wp-json\/wp\/v2\/media\/145327"}],"wp:attachment":[{"href":"https:\/\/secureus.se\/de\/wp-json\/wp\/v2\/media?parent=57367"}],"wp:term":[{"taxonomy":"product_brand","embeddable":true,"href":"https:\/\/secureus.se\/de\/wp-json\/wp\/v2\/product_brand?post=57367"},{"taxonomy":"product_cat","embeddable":true,"href":"https:\/\/secureus.se\/de\/wp-json\/wp\/v2\/product_cat?post=57367"},{"taxonomy":"product_tag","embeddable":true,"href":"https:\/\/secureus.se\/de\/wp-json\/wp\/v2\/product_tag?post=57367"}],"curies":[{"name":"wp","href":"https:\/\/api.w.org\/{rel}","templated":true}]}}