{"id":57368,"date":"2022-03-10T15:15:00","date_gmt":"2022-03-10T14:15:00","guid":{"rendered":"https:\/\/secureus.se\/produkt\/2-vags-tradlos-slim-magnetkontakt-agility4-wicomm-pro\/"},"modified":"2026-01-30T08:07:41","modified_gmt":"2026-01-30T07:07:41","slug":"risco-slim-magnetkontakt-2-vags","status":"publish","type":"product","link":"https:\/\/secureus.se\/de\/risco-slim-magnetkontakt-2-vags\/","title":{"rendered":"Risco Slim Magnetschalter 2-Wege"},"content":{"rendered":"<h1>Risco Slim Magnetschalter 2-Wege<\/h1>\n<p data-start=\"433\" data-end=\"783\">Der Risco 2-Wege-Slim-Magnetkontakt (Modell RWX780868M3B) ist ein drahtloser T\u00fcr- und Fensterkontakt, der sich perfekt f\u00fcr den Einsatz in Wohn- und Gesch\u00e4ftsumgebungen eignet.<\/p>\n<p data-start=\"433\" data-end=\"783\">Es wurde f\u00fcr den drahtlosen Perimeterschutz entwickelt und bietet verbesserte Leistung bei hoher Empfindlichkeit, wodurch es sich ideal f\u00fcr die \u00dcberwachung von Fenstern und T\u00fcren in verschiedenen Sicherheitssystemen eignet.<\/p>\n<p data-start=\"785\" data-end=\"1182\">Dieser Magnetkontakt ist mit einer drahtlosen Zweiwegekommunikation ausgestattet, d. h. er \u00fcbertr\u00e4gt nicht nur Informationen an das System, sondern empf\u00e4ngt auch Best\u00e4tigungen, was die Sicherheit verbessert und das Risiko von St\u00f6rungen durch andere drahtlose Ger\u00e4te verringert.<\/p>\n<p data-start=\"785\" data-end=\"1182\">Mit dieser Funktion erh\u00e4lt der Benutzer \u00fcber LEDs eine Best\u00e4tigung, wenn das System einen Befehl empfangen hat, was f\u00fcr mehr Sicherheit sorgt.<\/p>\n<p data-start=\"1184\" data-end=\"1513\">Der Risco 2-Wege-Slim-Magnetschalter ist leicht zu installieren und kann mit einer einfachen Montagehalterung schnell an der Wand befestigt werden.<\/p>\n<p data-start=\"1184\" data-end=\"1513\">Dar\u00fcber hinaus ist es durch den einfachen Batteriewechsel leicht zu warten und stellt somit eine benutzerfreundliche Option sowohl f\u00fcr Neuinstallationen als auch f\u00fcr Upgrades bestehender Systeme dar.<\/p>\n<p data-start=\"1515\" data-end=\"1876\">Der Magnetkontakt verwendet eine standardm\u00e4\u00dfige 3-V-Lithiumbatterie und funktioniert nahtlos mit den drahtlosen Zweiwegesystemen von RISCO, einschlie\u00dflich Agility\u2122, LightSYS und WiComm PRO.<\/p>\n<p data-start=\"1515\" data-end=\"1876\">F\u00fcr noch mehr Flexibilit\u00e4t kann er \u00fcber einen zus\u00e4tzlichen Zoneneingang auch mit anderen kabelgebundenen Sensoren oder Magnetkontakten verbunden werden und eignet sich somit perfekt f\u00fcr individuelle Sicherheitsl\u00f6sungen.<\/p>\n<p data-start=\"1878\" data-end=\"1908\"><strong data-start=\"1878\" data-end=\"1906\">Haupteigenschaften:<\/strong><\/p>\n<ul data-start=\"1909\" data-end=\"2531\">\n<li data-start=\"1909\" data-end=\"1993\">\n<p data-start=\"1911\" data-end=\"1993\"><strong data-start=\"1911\" data-end=\"1944\">Drahtlose 2-Wege-Kommunikation:<\/strong> F\u00fcr mehr Sicherheit und weniger Funkst\u00f6rungen<\/p>\n<\/li>\n<li data-start=\"1994\" data-end=\"2064\">\n<p data-start=\"1996\" data-end=\"2064\"><strong data-start=\"1996\" data-end=\"2015\">Kompatibilit\u00e4t:<\/strong> Funktioniert mit Agility\u2122, LightSYS und WiComm PRO<\/p>\n<\/li>\n<li data-start=\"2065\" data-end=\"2170\">\n<p data-start=\"2067\" data-end=\"2170\"><strong data-start=\"2067\" data-end=\"2090\">Einfache Installation:<\/strong> Montiert mit einfacher Wandmontage und einfacher Programmierung per Fernkonfiguration<\/p>\n<\/li>\n<li data-start=\"2171\" data-end=\"2252\">\n<p data-start=\"2173\" data-end=\"2252\"><strong data-start=\"2173\" data-end=\"2199\">Verbesserte Empfindlichkeit:<\/strong> Erh\u00f6ht die Erkennungskapazit\u00e4t f\u00fcr T\u00fcren und Fenster<\/p>\n<\/li>\n<li data-start=\"2253\" data-end=\"2307\">\n<p data-start=\"2255\" data-end=\"2307\"><strong data-start=\"2255\" data-end=\"2267\">Batterie:<\/strong> 1 x 3V Lithiumbatterie, leicht austauschbar<\/p>\n<\/li>\n<li data-start=\"2308\" data-end=\"2325\">\n<p data-start=\"2310\" data-end=\"2325\"><strong data-start=\"2310\" data-end=\"2319\">Malen:<\/strong> Wei\u00df<\/p>\n<\/li>\n<li data-start=\"2326\" data-end=\"2410\">\n<p data-start=\"2328\" data-end=\"2410\"><strong data-start=\"2328\" data-end=\"2342\">Zoneneinteilung:<\/strong> Kann f\u00fcr mehr Flexibilit\u00e4t mit anderen kabelgebundenen Sensoren verbunden werden<\/p>\n<\/li>\n<li data-start=\"2411\" data-end=\"2484\">\n<p data-start=\"2413\" data-end=\"2484\"><strong data-start=\"2413\" data-end=\"2425\">Gr\u00f6\u00dfe:<\/strong> Kompaktes Design f\u00fcr einfache Installation in engen R\u00e4umen<\/p>\n<\/li>\n<li data-start=\"2485\" data-end=\"2531\">\n<p data-start=\"2487\" data-end=\"2531\"><strong data-start=\"2487\" data-end=\"2516\">Artikelnummer des Lieferanten:<\/strong> RWX780868M3B<\/p>\n<\/li>\n<\/ul>\n<p data-start=\"2533\" data-end=\"2564\"><strong data-start=\"2533\" data-end=\"2562\">Technische Spezifikationen:<\/strong><\/p>\n<ul data-start=\"2565\" data-end=\"2824\">\n<li data-start=\"2565\" data-end=\"2590\">\n<p data-start=\"2567\" data-end=\"2590\"><strong data-start=\"2567\" data-end=\"2580\">Frequenz:<\/strong> 868 MHz<\/p>\n<\/li>\n<li data-start=\"2591\" data-end=\"2633\">\n<p data-start=\"2593\" data-end=\"2633\"><strong data-start=\"2593\" data-end=\"2614\">Stromversorgung:<\/strong> 3V Lithiumbatterie<\/p>\n<\/li>\n<li data-start=\"2634\" data-end=\"2680\">\n<p data-start=\"2636\" data-end=\"2680\"><strong data-start=\"2636\" data-end=\"2650\">Zoneneinteilung:<\/strong> Ja, f\u00fcr kabelgebundene Sensoren<\/p>\n<\/li>\n<li data-start=\"2681\" data-end=\"2726\">\n<p data-start=\"2683\" data-end=\"2726\"><strong data-start=\"2683\" data-end=\"2707\">Temperaturbereich:<\/strong> -10\u00b0C bis +40\u00b0C<\/p>\n<\/li>\n<li data-start=\"2727\" data-end=\"2771\">\n<p data-start=\"2729\" data-end=\"2771\"><strong data-start=\"2729\" data-end=\"2745\">Abmessungen:<\/strong> Kompaktes und schlankes Design<\/p>\n<\/li>\n<li data-start=\"2772\" data-end=\"2824\">\n<p data-start=\"2774\" data-end=\"2824\"><strong data-start=\"2774\" data-end=\"2783\">Gewicht:<\/strong> Leicht und flexibel f\u00fcr eine einfache Installation<\/p>\n<\/li>\n<\/ul>\n<p data-start=\"2826\" data-end=\"3093\">Der Risco 2-Wege-Slim-Magnetkontakt ist die perfekte L\u00f6sung f\u00fcr Benutzer, die eine leistungsstarke, kabellose Sicherheitsl\u00f6sung zum Schutz von T\u00fcren und Fenstern suchen.<\/p>\n<p data-start=\"2826\" data-end=\"3093\">Dieses Ger\u00e4t bietet sowohl hohe Sicherheit als auch einfache Installation und funktioniert nahtlos mit den fortschrittlichen Systemen von RISCO.<\/p>\n<div class=\"field field-name-field-product-description field-type-text-long field-label-hidden\">\n<div class=\"field-items\">\n<p><a href=\"https:\/\/www.riscogroup.com\/products\/product\/52708\" target=\"_blank\" rel=\"noopener\">Hier k\u00f6nnen Sie mehr \u00fcber WiCom Pro auf der Website der Risco Group lesen\u00a0<\/a><\/p>\n<p><iframe title=\"Wicomm Smart Hub US\" width=\"1170\" height=\"658\" src=\"https:\/\/www.youtube.com\/embed\/5PHoH2dRjEs?feature=oembed\" frameborder=\"0\" allow=\"accelerometer; autoplay; clipboard-write; encrypted-media; gyroscope; picture-in-picture; web-share\" referrerpolicy=\"strict-origin-when-cross-origin\" allowfullscreen><\/iframe><\/p>\n<\/div>\n<\/div>","protected":false},"excerpt":{"rendered":"<p>Der Risco 2-Wege-Funk-Magnetkontakt Slim ist ein schlanker T\u00fcr-\/Fensterkontakt mit 868 MHz-Frequenz, der f\u00fcr hohe Sicherheit in Wohn- und Gesch\u00e4ftsr\u00e4umen sorgt.<\/p>\n<p>Es ist mit Agility, LightSYS und WiComm PRO kompatibel und bietet eine einfache Installation und einen einfachen Batteriewechsel.<\/p>","protected":false},"featured_media":145453,"template":"","meta":{"_acf_changed":false},"product_brand":[],"product_cat":[2731,3188],"product_tag":[],"class_list":{"0":"post-57368","1":"product","2":"type-product","3":"status-publish","4":"has-post-thumbnail","6":"product_cat-risco-larm","7":"product_cat-larmenheter-risco-larm","8":"product_shipping_class-postnord-varubrev","9":"pa_brands-4risco","10":"pa_risco-produkter-agility-4","11":"pa_wicomm-pro-kategorier-magnetkontakter","12":"tm-no-options","14":"first","15":"instock","16":"sale","17":"featured","18":"taxable","19":"shipping-taxable","20":"purchasable","21":"product-type-simple"},"acf":[],"_links":{"self":[{"href":"https:\/\/secureus.se\/de\/wp-json\/wp\/v2\/product\/57368","targetHints":{"allow":["GET"]}}],"collection":[{"href":"https:\/\/secureus.se\/de\/wp-json\/wp\/v2\/product"}],"about":[{"href":"https:\/\/secureus.se\/de\/wp-json\/wp\/v2\/types\/product"}],"wp:featuredmedia":[{"embeddable":true,"href":"https:\/\/secureus.se\/de\/wp-json\/wp\/v2\/media\/145453"}],"wp:attachment":[{"href":"https:\/\/secureus.se\/de\/wp-json\/wp\/v2\/media?parent=57368"}],"wp:term":[{"taxonomy":"product_brand","embeddable":true,"href":"https:\/\/secureus.se\/de\/wp-json\/wp\/v2\/product_brand?post=57368"},{"taxonomy":"product_cat","embeddable":true,"href":"https:\/\/secureus.se\/de\/wp-json\/wp\/v2\/product_cat?post=57368"},{"taxonomy":"product_tag","embeddable":true,"href":"https:\/\/secureus.se\/de\/wp-json\/wp\/v2\/product_tag?post=57368"}],"curies":[{"name":"wp","href":"https:\/\/api.w.org\/{rel}","templated":true}]}}