{"id":57369,"date":"2022-03-10T15:15:00","date_gmt":"2022-03-10T14:15:00","guid":{"rendered":"https:\/\/secureus.se\/produkt\/riscontrol-ips-8-touchscreen-keypad\/"},"modified":"2025-12-31T19:43:47","modified_gmt":"2025-12-31T18:43:47","slug":"touchscreen-keypad-wicomm-pro-risco","status":"publish","type":"product","link":"https:\/\/secureus.se\/de\/touchscreen-keypad-wicomm-pro-risco\/","title":{"rendered":"RisControl IPS-Touchscreen-Tastatur Risco \u2013 ProsysPlus, LightSYS+"},"content":{"rendered":"<h1>Risco Touchscreen-Tastatur ProsysPlus, LightSYS+<\/h1>\n<p data-start=\"436\" data-end=\"778\">Das Risco Touchscreen-Bedienfeld (RisControl) ist die neueste Innovation der RISCO Group und bietet ein modernes, intuitives Benutzererlebnis f\u00fcr die Sicherheitssteuerung.<\/p>\n<p data-start=\"436\" data-end=\"778\">Dieses hochaufl\u00f6sende 8-Zoll-Touchscreen-Tastenfeld bietet Benutzern eine einfache und schnelle Methode zur Steuerung ihrer Alarm- und Cloud-basierten L\u00f6sungen von einem einzigen Ger\u00e4t aus.<\/p>\n<p data-start=\"780\" data-end=\"1087\">Mit einem reaktionsschnellen Bildschirm und einer benutzerfreundlichen Oberfl\u00e4che erleichtert RisControl die Interaktion mit dem System.<\/p>\n<p data-start=\"780\" data-end=\"1087\">Ob Sie das Sicherheitssystem scharf- oder unscharfschalten, Nachrichten empfangen oder den Systemstatus \u00fcberwachen m\u00f6chten \u2013 das Tastenfeld ist auf ein reibungsloses und effizientes Benutzererlebnis ausgelegt.<\/p>\n<p data-start=\"1089\" data-end=\"1447\">RisControl ist nicht nur benutzerfreundlich, sondern auch vielseitig. Es eignet sich perfekt f\u00fcr den Einsatz im privaten und gewerblichen Bereich und ist durch sein elegantes Design eine ideale L\u00f6sung f\u00fcr jeden Raum.<\/p>\n<p data-start=\"1089\" data-end=\"1447\">Das Tastenfeld l\u00e4sst sich mithilfe einer Montagehalterung und eines abnehmbaren Steckers zur einfachen Verkabelung leicht installieren, sodass die Installation schnell und problemlos vonstatten geht.<\/p>\n<p data-start=\"1449\" data-end=\"1835\">RisControl kommuniziert \u00fcber RS-485 mit dem Bedienfeld und verf\u00fcgt \u00fcber eine WLAN-Verbindung zur Verbindung mit der RISCO Cloud, sodass der Benutzer sein System per Fernzugriff \u00fcber die Cloud verwalten und \u00fcberwachen kann.<\/p>\n<p data-start=\"1449\" data-end=\"1835\">Es ist mit LightSYS 2 (Version 6.05 und h\u00f6her) und ProSYS Plus\/GT Plus (Version 1.4 und h\u00f6her) von RISCO kompatibel und stellt somit eine flexible L\u00f6sung f\u00fcr unterschiedliche Sicherheitsanforderungen dar.<\/p>\n<p data-start=\"1837\" data-end=\"1867\"><strong data-start=\"1837\" data-end=\"1865\">Haupteigenschaften:<\/strong><\/p>\n<ul data-start=\"1868\" data-end=\"2515\">\n<li data-start=\"1868\" data-end=\"1959\">\n<p data-start=\"1870\" data-end=\"1959\"><strong data-start=\"1870\" data-end=\"1901\">Hochaufl\u00f6sender 8-Zoll-Touchscreen:<\/strong> Bietet eine klare und \u00fcbersichtliche Schnittstelle zur Systemsteuerung<\/p>\n<\/li>\n<li data-start=\"1960\" data-end=\"2060\">\n<p data-start=\"1962\" data-end=\"2060\"><strong data-start=\"1962\" data-end=\"1988\">Benutzerfreundliches Design:<\/strong> Intuitive und benutzerfreundliche Oberfl\u00e4che f\u00fcr schnelles Lernen und Verwenden<\/p>\n<\/li>\n<li data-start=\"2061\" data-end=\"2159\">\n<p data-start=\"2063\" data-end=\"2159\"><strong data-start=\"2063\" data-end=\"2083\">WiFi-Verbindung:<\/strong> Erm\u00f6glicht die Kommunikation mit der RISCO Cloud zur Fernsteuerung und -\u00fcberwachung<\/p>\n<\/li>\n<li data-start=\"2160\" data-end=\"2257\">\n<p data-start=\"2162\" data-end=\"2257\"><strong data-start=\"2162\" data-end=\"2185\">Einfache Installation:<\/strong> Montagehalterung und abnehmbarer Stecker f\u00fcr eine schnelle und einfache Installation<\/p>\n<\/li>\n<li data-start=\"2258\" data-end=\"2370\">\n<p data-start=\"2260\" data-end=\"2370\"><strong data-start=\"2260\" data-end=\"2279\">Kompatibilit\u00e4t:<\/strong> Kompatibel mit LightSYS 2 (ab Version 6.05) und ProSYS Plus\/GT Plus (ab Version 1.4)<\/p>\n<\/li>\n<li data-start=\"2371\" data-end=\"2436\">\n<p data-start=\"2373\" data-end=\"2436\"><strong data-start=\"2373\" data-end=\"2391\">Kommunikation:<\/strong> Kommuniziert \u00fcber RS-485 mit dem Bedienfeld<\/p>\n<\/li>\n<li data-start=\"2437\" data-end=\"2515\">\n<p data-start=\"2439\" data-end=\"2515\"><strong data-start=\"2439\" data-end=\"2456\">Flexibilit\u00e4t:<\/strong> N\u00fctzlich f\u00fcr private und gewerbliche Anwendungen<\/p>\n<\/li>\n<\/ul>\n<p data-start=\"2517\" data-end=\"2548\"><strong data-start=\"2517\" data-end=\"2546\">Technische Spezifikationen:<\/strong><\/p>\n<ul data-start=\"2549\" data-end=\"2913\">\n<li data-start=\"2549\" data-end=\"2590\">\n<p data-start=\"2551\" data-end=\"2590\"><strong data-start=\"2551\" data-end=\"2561\">Bildschirm:<\/strong> 8-Zoll-Touchscreen mit hoher Aufl\u00f6sung<\/p>\n<\/li>\n<li data-start=\"2591\" data-end=\"2642\">\n<p data-start=\"2593\" data-end=\"2642\"><strong data-start=\"2593\" data-end=\"2611\">Kommunikation:<\/strong> WiFi und RS-485 (Systembus)<\/p>\n<\/li>\n<li data-start=\"2643\" data-end=\"2737\">\n<p data-start=\"2645\" data-end=\"2737\"><strong data-start=\"2645\" data-end=\"2664\">Kompatibilit\u00e4t:<\/strong> LightSYS 2 (ab Version 6.05), ProSYS Plus\/GT Plus (ab Version 1.4)<\/p>\n<\/li>\n<li data-start=\"2738\" data-end=\"2821\">\n<p data-start=\"2740\" data-end=\"2821\"><strong data-start=\"2740\" data-end=\"2757\">Installation:<\/strong> Montagehalterung und abnehmbarer Stecker f\u00fcr einfache Verkabelung<\/p>\n<\/li>\n<li data-start=\"2822\" data-end=\"2913\">\n<p data-start=\"2824\" data-end=\"2913\"><strong data-start=\"2824\" data-end=\"2839\">Merkmale:<\/strong> Fernsteuerung \u00fcber RISCO Cloud, Nachrichtenbenachrichtigungen und Systemsteuerung<\/p>\n<\/li>\n<\/ul>\n<p data-start=\"2915\" data-end=\"3209\">Das Risco Touchscreen Keypad WiComm Pro (RisControl) bietet eine leistungsstarke und benutzerfreundliche L\u00f6sung f\u00fcr alle, die nach einer modernen und effizienten M\u00f6glichkeit zur Steuerung ihrer Sicherheitssysteme suchen.<\/p>\n<p data-start=\"2915\" data-end=\"3209\">Mit erweiterten Funktionen und einfacher Installation ist es die perfekte Wahl f\u00fcr alle Arten von Sicherheitsinstallationen.<\/p>\n<p dir=\"ltr\" data-placeholder=\"\u00d6vers\u00e4ttning\" data-ved=\"2ahUKEwiA7fbX8b6DAxWmTaQEHfTSAXMQ3ewLegQIBRAQ\"><a href=\"https:\/\/www.riscogroup.com\/products\/product\/56111\" target=\"_blank\" rel=\"noopener\">Hier k\u00f6nnen Sie sich ein Video ansehen und mehr dar\u00fcber lesen, wie Sie das Touchpanel ganz einfach hinzuf\u00fcgen k\u00f6nnen!<\/a><\/p>\n<h4>Erfahren Sie mehr \u00fcber WiComm Pro und diese Funktionen!<\/h4>\n<p><a href=\"https:\/\/www.riscogroup.com\/products\/product\/52708\" target=\"_blank\" rel=\"noopener\">Hier k\u00f6nnen Sie mehr \u00fcber WiCom Pro auf der Website der Risco Group lesen\u00a0<\/a><\/p>\n<p><iframe title=\"Wicomm Smart Hub US\" width=\"1170\" height=\"658\" src=\"https:\/\/www.youtube.com\/embed\/5PHoH2dRjEs?feature=oembed\" frameborder=\"0\" allow=\"accelerometer; autoplay; clipboard-write; encrypted-media; gyroscope; picture-in-picture; web-share\" referrerpolicy=\"strict-origin-when-cross-origin\" allowfullscreen><\/iframe><\/p>\n<p>&nbsp;<\/p>","protected":false},"excerpt":{"rendered":"<p data-start=\"114\" data-end=\"402\">Das Risco Touchscreen-Tastenfeld (RisControl) ist ein hochaufl\u00f6sendes 8-Zoll-Touchscreen-Tastenfeld, das eine benutzerfreundliche und intuitive Oberfl\u00e4che bietet.<\/p>\n<p data-start=\"114\" data-end=\"402\">Dank WLAN-Konnektivit\u00e4t zur RISCO Cloud und einfacher Installation haben Benutzer die volle Kontrolle \u00fcber ihre Alarm- und Cloud-basierten L\u00f6sungen.<\/p>\n<p class=\"tw-data-text tw-text-large tw-ta\" dir=\"ltr\" data-placeholder=\"\u00d6vers\u00e4ttning\" data-ved=\"2ahUKEwiA7fbX8b6DAxWmTaQEHfTSAXMQ3ewLegQIBRAQ\">","protected":false},"featured_media":145662,"template":"","meta":{"_acf_changed":false},"product_brand":[],"product_cat":[3193],"product_tag":[],"class_list":{"0":"post-57369","1":"product","2":"type-product","3":"status-publish","4":"has-post-thumbnail","6":"product_cat-smarta-hem-risco-larm","7":"product_shipping_class-postnord-varubrev","8":"pa_brands-4risco","9":"pa_wicomm-pro-kategorier-manoverpaneler-knappar","10":"tm-no-options","12":"first","13":"instock","14":"sale","15":"featured","16":"taxable","17":"shipping-taxable","18":"purchasable","19":"product-type-simple"},"acf":[],"_links":{"self":[{"href":"https:\/\/secureus.se\/de\/wp-json\/wp\/v2\/product\/57369","targetHints":{"allow":["GET"]}}],"collection":[{"href":"https:\/\/secureus.se\/de\/wp-json\/wp\/v2\/product"}],"about":[{"href":"https:\/\/secureus.se\/de\/wp-json\/wp\/v2\/types\/product"}],"wp:featuredmedia":[{"embeddable":true,"href":"https:\/\/secureus.se\/de\/wp-json\/wp\/v2\/media\/145662"}],"wp:attachment":[{"href":"https:\/\/secureus.se\/de\/wp-json\/wp\/v2\/media?parent=57369"}],"wp:term":[{"taxonomy":"product_brand","embeddable":true,"href":"https:\/\/secureus.se\/de\/wp-json\/wp\/v2\/product_brand?post=57369"},{"taxonomy":"product_cat","embeddable":true,"href":"https:\/\/secureus.se\/de\/wp-json\/wp\/v2\/product_cat?post=57369"},{"taxonomy":"product_tag","embeddable":true,"href":"https:\/\/secureus.se\/de\/wp-json\/wp\/v2\/product_tag?post=57369"}],"curies":[{"name":"wp","href":"https:\/\/api.w.org\/{rel}","templated":true}]}}