{"id":57370,"date":"2022-03-10T15:15:00","date_gmt":"2022-03-10T14:15:00","guid":{"rendered":"https:\/\/secureus.se\/produkt\/2-way-wireless-repeater-868-869mhz\/"},"modified":"2025-12-31T19:39:09","modified_gmt":"2025-12-31T18:39:09","slug":"risco-2-vags-signalforstarkare","status":"publish","type":"product","link":"https:\/\/secureus.se\/de\/risco-2-vags-signalforstarkare\/","title":{"rendered":"Risco 2-Wege-Signalverst\u00e4rker \u2013 LightSYS, WiComm Pro, Agility"},"content":{"rendered":"<div>\n<h1 class=\"tw-data-text tw-text-large tw-ta\" dir=\"ltr\" data-placeholder=\"\u00d6vers\u00e4ttning\" data-ved=\"2ahUKEwiA7fbX8b6DAxWmTaQEHfTSAXMQ3ewLegQIBRAQ\"><span class=\"Y2IQFc\" lang=\"sv\">Risco 2-Wege-Signalverst\u00e4rker<\/span><\/h1>\n<p data-start=\"536\" data-end=\"922\">Der Risco 2-Wege-Signalverst\u00e4rker-Repeater WiComm Pro ist eine leistungsstarke L\u00f6sung zur Verst\u00e4rkung des Signals in Ihrem drahtlosen Sicherheitssystem und stellt sicher, dass alle Ger\u00e4te \u00fcber gr\u00f6\u00dfere Entfernungen effektiv funktionieren.<\/p>\n<p data-start=\"536\" data-end=\"922\">Dieser Repeater arbeitet mit 868 MHz, ist f\u00fcr die Verwendung mit bidirektional kompatiblen Ger\u00e4ten konzipiert und eignet sich perfekt zur Verbesserung der Abdeckung in kleinen und gro\u00dfen Installationen.<\/p>\n<p data-start=\"924\" data-end=\"1404\">Mit einer Reichweite von bis zu 300 Metern im freien Feld kann der WiComm Pro Repeater bis zu 32 Zweiwege-Detektoren unterst\u00fctzen, darunter 8 Fotodetektoren, 3 Sirenen, 3 Tastaturen und bis zu 16 Zweiwege-Fernbedienungen (max. 8 Fernbedienungen werden f\u00fcr Agility und WiComm Pro unterst\u00fctzt).<\/p>\n<p data-start=\"924\" data-end=\"1404\">Pro Zentrale k\u00f6nnen maximal 4 Repeater angeschlossen werden. Dadurch erweitern Sie die Reichweite Ihres Sicherheitssystems und gew\u00e4hrleisten eine stabile und zuverl\u00e4ssige Kommunikation zwischen allen Ger\u00e4ten.<\/p>\n<p data-start=\"1406\" data-end=\"1789\">Der Repeater eignet sich ideal f\u00fcr private und gewerbliche Installationen, bei denen das Signal verst\u00e4rkt werden muss, um gr\u00f6\u00dfere Entfernungen zu erreichen oder Hindernisse zu \u00fcberwinden, die drahtlose Signale blockieren k\u00f6nnen.<\/p>\n<p data-start=\"1406\" data-end=\"1789\">Dar\u00fcber hinaus k\u00f6nnen alle Repeater per Fernbedienung gesteuert werden und alle Ger\u00e4te werden live auf dem Bedienfeld angezeigt. So k\u00f6nnen Sie Ihr System bequem von jedem Standort aus \u00fcberwachen und steuern.<\/p>\n<p data-start=\"1791\" data-end=\"1995\">Zur Installation und Nutzung des Repeater WiComm Pro sind die Firmware-Version 5.62 und ein Panda Wireless Keypad Version D (RW332KPP800) erforderlich, um eine optimale Funktion des Repeaters in Ihrem System zu gew\u00e4hrleisten.<\/p>\n<p data-start=\"1997\" data-end=\"2027\"><strong data-start=\"1997\" data-end=\"2025\">Haupteigenschaften:<\/strong><\/p>\n<ul data-start=\"2028\" data-end=\"2713\">\n<li data-start=\"2028\" data-end=\"2077\">\n<p data-start=\"2030\" data-end=\"2077\"><strong data-start=\"2030\" data-end=\"2043\">Umfang:<\/strong> Bis zu 300 Meter im freien Feld<\/p>\n<\/li>\n<li data-start=\"2078\" data-end=\"2151\">\n<p data-start=\"2080\" data-end=\"2151\"><strong data-start=\"2080\" data-end=\"2099\">Kompatibilit\u00e4t:<\/strong> Verwendung mit Agility und WiComm Pro V5.62 und h\u00f6her<\/p>\n<\/li>\n<li data-start=\"2152\" data-end=\"2272\">\n<p data-start=\"2154\" data-end=\"2272\"><strong data-start=\"2154\" data-end=\"2176\">Maximale Anzahl Einheiten:<\/strong> Unterst\u00fctzt bis zu 32 Zweiwegemelder, 3 Sirenen, 3 Tastaturen und 16 Zweiwege-Fernbedienungen<\/p>\n<\/li>\n<li data-start=\"2273\" data-end=\"2335\">\n<p data-start=\"2275\" data-end=\"2335\"><strong data-start=\"2275\" data-end=\"2301\">Maximale Anzahl an Repeatern:<\/strong> 4 Repeater pro Zentrale<\/p>\n<\/li>\n<li data-start=\"2336\" data-end=\"2439\">\n<p data-start=\"2338\" data-end=\"2439\"><strong data-start=\"2338\" data-end=\"2358\">Fernbedienungen:<\/strong> Fernbedienungen funktionieren auf allen Repeatern und werden live auf dem Bedienfeld angezeigt<\/p>\n<\/li>\n<li data-start=\"2440\" data-end=\"2506\">\n<p data-start=\"2442\" data-end=\"2506\"><strong data-start=\"2442\" data-end=\"2463\">Stromversorgung:<\/strong> Wird mit wiederaufladbarem Ersatzakku geliefert<\/p>\n<\/li>\n<li data-start=\"2507\" data-end=\"2606\">\n<p data-start=\"2509\" data-end=\"2606\"><strong data-start=\"2509\" data-end=\"2531\">Installationsvoraussetzungen:<\/strong> Firmware-Version 5.62 und Panda Wireless Keypad Version D (RW332KPP800)<\/p>\n<\/li>\n<li data-start=\"2607\" data-end=\"2713\">\n<p data-start=\"2609\" data-end=\"2713\"><strong data-start=\"2609\" data-end=\"2637\">Verbesserte Signalst\u00e4rke:<\/strong> Verbessert die Reichweite und Stabilit\u00e4t drahtloser Ger\u00e4te innerhalb des Systems<\/p>\n<\/li>\n<\/ul>\n<p data-start=\"2715\" data-end=\"2746\"><strong data-start=\"2715\" data-end=\"2744\">Technische Spezifikationen:<\/strong><\/p>\n<ul data-start=\"2747\" data-end=\"3179\">\n<li data-start=\"2747\" data-end=\"2776\">\n<p data-start=\"2749\" data-end=\"2776\"><strong data-start=\"2749\" data-end=\"2762\">Frequenz:<\/strong> 868\/869 MHz<\/p>\n<\/li>\n<li data-start=\"2777\" data-end=\"2817\">\n<p data-start=\"2779\" data-end=\"2817\"><strong data-start=\"2779\" data-end=\"2792\">Umfang:<\/strong> 300 Meter im freien Feld<\/p>\n<\/li>\n<li data-start=\"2818\" data-end=\"2889\">\n<p data-start=\"2820\" data-end=\"2889\"><strong data-start=\"2820\" data-end=\"2839\">Kompatibilit\u00e4t:<\/strong> Agility und WiComm Pro (Version 5.62 und h\u00f6her)<\/p>\n<\/li>\n<li data-start=\"2890\" data-end=\"2989\">\n<p data-start=\"2892\" data-end=\"2989\"><strong data-start=\"2892\" data-end=\"2927\">Maximale Anzahl von Einheiten pro Repeater:<\/strong> 32 Melder, 3 Sirenen, 3 Tastaturen, 16 Fernbedienungen<\/p>\n<\/li>\n<li data-start=\"2990\" data-end=\"3040\">\n<p data-start=\"2992\" data-end=\"3040\"><strong data-start=\"2992\" data-end=\"3032\">Anzahl der Repeater pro Zentrale:<\/strong> Maximal 4<\/p>\n<\/li>\n<li data-start=\"3041\" data-end=\"3094\">\n<p data-start=\"3043\" data-end=\"3094\"><strong data-start=\"3043\" data-end=\"3055\">Batterie:<\/strong> Inklusive wiederaufladbarem Ersatzakku<\/p>\n<\/li>\n<li data-start=\"3095\" data-end=\"3179\">\n<p data-start=\"3097\" data-end=\"3179\"><strong data-start=\"3097\" data-end=\"3119\">Installationsvoraussetzungen:<\/strong> Firmware-Version 5.62 und Panda Wireless Keypad Version D<\/p>\n<\/li>\n<\/ul>\n<p data-start=\"3181\" data-end=\"3435\">Der Risco 2-Wege-Signalverst\u00e4rker-Repeater WiComm Pro ist eine ausgezeichnete Wahl, um sicherzustellen, dass Ihr drahtloses Sicherheitssystem mit maximaler Kapazit\u00e4t arbeitet, insbesondere wenn Sie die Reichweite erh\u00f6hen oder das Signal verst\u00e4rken m\u00fcssen, um einen gr\u00f6\u00dferen Bereich abzudecken.<\/p>\n<p><a href=\"https:\/\/www.riscogroup.com\/products\/product\/52708\" target=\"_blank\" rel=\"noopener\">Hier k\u00f6nnen Sie mehr \u00fcber WiCom Pro auf der Website der Risco Group lesen\u00a0<\/a><\/p>\n<p><iframe title=\"Wicomm Smart Hub US\" width=\"1170\" height=\"658\" src=\"https:\/\/www.youtube.com\/embed\/5PHoH2dRjEs?feature=oembed\" frameborder=\"0\" allow=\"accelerometer; autoplay; clipboard-write; encrypted-media; gyroscope; picture-in-picture; web-share\" referrerpolicy=\"strict-origin-when-cross-origin\" allowfullscreen><\/iframe><\/p>\n<p>&nbsp;<\/p>\n<\/div>","protected":false},"excerpt":{"rendered":"<p>Der 2-Wege-Signalverst\u00e4rker-Repeater WiComm Pro von Risco ist ein drahtloser Repeater, der bis zu 32 Zwei-Wege-Detektoren, 3 Sirenen, 3 Tastaturen und 16 Zwei-Wege-Fernbedienungen unterst\u00fctzt.<\/p>\n<p>Mit einer Reichweite von 300 Metern im freien Feld verbessert dieser Repeater die Signalst\u00e4rke von WiComm Pro- und Agility-Systemen und macht die Installation drahtloser Sicherheitskomponenten noch einfacher.<\/p>","protected":false},"featured_media":145664,"template":"","meta":{"_acf_changed":false},"product_brand":[],"product_cat":[2731,3188,4671],"product_tag":[2426],"class_list":{"0":"post-57370","1":"product","2":"type-product","3":"status-publish","4":"has-post-thumbnail","6":"product_cat-risco-larm","7":"product_cat-larmenheter-risco-larm","8":"product_cat-signalforstarkare","9":"product_tag-rel-risco","10":"product_shipping_class-postnord-varubrev","11":"pa_brands-4risco","12":"pa_wicomm-pro-kategorier-repeater","13":"tm-no-options","15":"first","16":"instock","17":"sale","18":"featured","19":"taxable","20":"shipping-taxable","21":"purchasable","22":"product-type-simple"},"acf":[],"_links":{"self":[{"href":"https:\/\/secureus.se\/de\/wp-json\/wp\/v2\/product\/57370","targetHints":{"allow":["GET"]}}],"collection":[{"href":"https:\/\/secureus.se\/de\/wp-json\/wp\/v2\/product"}],"about":[{"href":"https:\/\/secureus.se\/de\/wp-json\/wp\/v2\/types\/product"}],"wp:featuredmedia":[{"embeddable":true,"href":"https:\/\/secureus.se\/de\/wp-json\/wp\/v2\/media\/145664"}],"wp:attachment":[{"href":"https:\/\/secureus.se\/de\/wp-json\/wp\/v2\/media?parent=57370"}],"wp:term":[{"taxonomy":"product_brand","embeddable":true,"href":"https:\/\/secureus.se\/de\/wp-json\/wp\/v2\/product_brand?post=57370"},{"taxonomy":"product_cat","embeddable":true,"href":"https:\/\/secureus.se\/de\/wp-json\/wp\/v2\/product_cat?post=57370"},{"taxonomy":"product_tag","embeddable":true,"href":"https:\/\/secureus.se\/de\/wp-json\/wp\/v2\/product_tag?post=57370"}],"curies":[{"name":"wp","href":"https:\/\/api.w.org\/{rel}","templated":true}]}}