{"id":57371,"date":"2022-03-10T15:15:00","date_gmt":"2022-03-10T14:15:00","guid":{"rendered":"https:\/\/secureus.se\/produkt\/wicomm-pro-plug-in-4g-gsm-gprs-module\/"},"modified":"2026-02-12T10:43:19","modified_gmt":"2026-02-12T09:43:19","slug":"4g-modul-wicomm-pro","status":"publish","type":"product","link":"https:\/\/secureus.se\/de\/4g-modul-wicomm-pro\/","title":{"rendered":"Risco 4G-Modul \u2013 WiComm Pro"},"content":{"rendered":"<h1>4G-Modul WiComm Pro - Risco<\/h1>\n<p data-start=\"473\" data-end=\"817\">Das Risco 4G-Modul WiComm Pro (Mod. RW332G400EUA) ist eine leistungsstarke L\u00f6sung zur Gew\u00e4hrleistung der Kommunikation in Sicherheitssystemen.<\/p>\n<p data-start=\"473\" data-end=\"817\">Es fungiert als internes Plug-In-Modul, das sich problemlos in Ihr WiComm Pro-System integrieren l\u00e4sst und dem System die Kommunikation \u00fcber das 4G GSM\/GPRS-Netzwerk erm\u00f6glicht, um eine zuverl\u00e4ssige und schnelle \u00dcbertragung von Alarmen und Statusinformationen zu gew\u00e4hrleisten.<\/p>\n<p data-start=\"819\" data-end=\"1157\">Dieses Modul ist sowohl als Haupt- als auch als Backup-Kommunikation programmierbar.<\/p>\n<p data-start=\"819\" data-end=\"1157\">Sollte es im prim\u00e4ren IP-Netzwerk zu Problemen oder Ausf\u00e4llen kommen, kann das 4G-Modul \u00fcbernehmen und daf\u00fcr sorgen, dass das Sicherheitssystem weiterhin ordnungsgem\u00e4\u00df funktioniert.<\/p>\n<p data-start=\"819\" data-end=\"1157\">Dies bietet den Benutzern zus\u00e4tzliche Sicherheit und macht die Sicherheitsl\u00f6sung robuster und zuverl\u00e4ssiger.<\/p>\n<p data-start=\"1159\" data-end=\"1501\">Das 4G-Modul erm\u00f6glicht au\u00dferdem die Kommunikation mit der Risco Cloud, sodass das System zur Fern\u00fcberwachung und -steuerung mit Smartphones, Tablets und Computern verbunden werden kann.<\/p>\n<p data-start=\"1159\" data-end=\"1501\">\u00dcber Risco Cloud k\u00f6nnen Benutzer Warnmeldungen, Systemstatusinformationen und Fernprogrammierung erhalten, sodass sie das System von fast \u00fcberall aus verwalten k\u00f6nnen.<\/p>\n<p data-start=\"1503\" data-end=\"1923\">Im Alarmfall k\u00f6nnen Alarme \u00fcber klassische Protokolle wie SIA, Contact ID oder SIA IP gesendet und empfangen werden und Benutzer erhalten Alarmbenachrichtigungen per SMS, sodass schnell auf Vorf\u00e4lle reagiert werden kann.<\/p>\n<p data-start=\"1503\" data-end=\"1923\">Dar\u00fcber hinaus erm\u00f6glicht das Modul die Fernprogrammierung und -wartung von Installationen \u00fcber Risco Cloud-Dienste, sodass Techniker Updates und Fehlerbehebungen durchf\u00fchren k\u00f6nnen, ohne vor Ort sein zu m\u00fcssen.<\/p>\n<p data-start=\"1925\" data-end=\"2126\">Das Modul wird mit einer PCB-Antenne im Kunststoffgeh\u00e4use geliefert und ist auf eine einfache Installation und Konfiguration ausgelegt, was es zu einer praktischen L\u00f6sung f\u00fcr alle Benutzer des WiComm Pro-Systems macht.<\/p>\n<p data-start=\"2128\" data-end=\"2158\"><strong data-start=\"2128\" data-end=\"2156\">Haupteigenschaften:<\/strong><\/p>\n<ul data-start=\"2159\" data-end=\"3057\">\n<li data-start=\"2159\" data-end=\"2272\">\n<p data-start=\"2161\" data-end=\"2272\"><strong data-start=\"2161\" data-end=\"2198\">Prim\u00e4re oder Backup-Kommunikation:<\/strong> Kann als Hauptkommunikation oder als Backup bei einem IP-Netzwerkausfall verwendet werden<\/p>\n<\/li>\n<li data-start=\"2273\" data-end=\"2392\">\n<p data-start=\"2275\" data-end=\"2392\"><strong data-start=\"2275\" data-end=\"2317\">Kommunikation \u00fcber das 4G GSM\/GPRS-Netz:<\/strong> Sorgt f\u00fcr eine schnelle und zuverl\u00e4ssige \u00dcbermittlung von Alarmen und Statusinformationen<\/p>\n<\/li>\n<li data-start=\"2393\" data-end=\"2521\">\n<p data-start=\"2395\" data-end=\"2521\"><strong data-start=\"2395\" data-end=\"2422\">Risco Cloud-kompatibel:<\/strong> Erm\u00f6glicht die Verbindung mit Smartphones, Tablets und Computern zur Fern\u00fcberwachung und -steuerung<\/p>\n<\/li>\n<li data-start=\"2522\" data-end=\"2656\">\n<p data-start=\"2524\" data-end=\"2656\"><strong data-start=\"2524\" data-end=\"2542\">Protokollunterst\u00fctzung:<\/strong> Unterst\u00fctzt klassische Protokolle wie SIA, Contact ID und SIA IP, um Warnungen an entfernte \u00dcberwachungszentren zu senden<\/p>\n<\/li>\n<li data-start=\"2657\" data-end=\"2735\">\n<p data-start=\"2659\" data-end=\"2735\"><strong data-start=\"2659\" data-end=\"2677\">SMS-Benachrichtigungen:<\/strong> Sendet und empf\u00e4ngt Warnmeldungen und Systemstatus per SMS<\/p>\n<\/li>\n<li data-start=\"2736\" data-end=\"2857\">\n<p data-start=\"2738\" data-end=\"2857\"><strong data-start=\"2738\" data-end=\"2775\">Fernprogrammierung und -wartung:<\/strong> Erm\u00f6glicht einfache Fernprogrammierung und Systemwartung \u00fcber Risco Cloud-Dienste<\/p>\n<\/li>\n<li data-start=\"2858\" data-end=\"2930\">\n<p data-start=\"2860\" data-end=\"2930\"><strong data-start=\"2860\" data-end=\"2883\">Einfache Installation:<\/strong> Steckmodul mit PCB-Antenne f\u00fcr Kunststoffgeh\u00e4use<\/p>\n<\/li>\n<li data-start=\"2931\" data-end=\"3057\">\n<p data-start=\"2933\" data-end=\"3057\"><strong data-start=\"2933\" data-end=\"2952\">Kompatibilit\u00e4t:<\/strong> Wird mit WiComm Pro-Systemen verwendet und ist mit allen Risco-Systemen kompatibel, die GSM\/GPRS-Kommunikation unterst\u00fctzen<\/p>\n<\/li>\n<\/ul>\n<p data-start=\"3059\" data-end=\"3090\"><strong data-start=\"3059\" data-end=\"3088\">Technische Spezifikationen:<\/strong><\/p>\n<ul data-start=\"3091\" data-end=\"3528\">\n<li data-start=\"3091\" data-end=\"3134\">\n<p data-start=\"3093\" data-end=\"3134\"><strong data-start=\"3093\" data-end=\"3106\">Funktion:<\/strong> 4G GSM\/GPRS-Kommunikation<\/p>\n<\/li>\n<li data-start=\"3135\" data-end=\"3177\">\n<p data-start=\"3137\" data-end=\"3177\"><strong data-start=\"3137\" data-end=\"3151\">Protokoll:<\/strong> SIA, Kontakt-ID, SIA-IP<\/p>\n<\/li>\n<li data-start=\"3178\" data-end=\"3270\">\n<p data-start=\"3180\" data-end=\"3270\"><strong data-start=\"3180\" data-end=\"3199\">Kompatibilit\u00e4t:<\/strong> WiComm Pro und andere Risco-Systeme, die GSM\/GPRS-Kommunikation unterst\u00fctzen<\/p>\n<\/li>\n<li data-start=\"3271\" data-end=\"3353\">\n<p data-start=\"3273\" data-end=\"3353\"><strong data-start=\"3273\" data-end=\"3294\">Fern\u00fcberwachung:<\/strong> \u00dcber die Risco Cloud f\u00fcr Smartphones, Tablets und Computer<\/p>\n<\/li>\n<li data-start=\"3354\" data-end=\"3437\">\n<p data-start=\"3356\" data-end=\"3437\"><strong data-start=\"3356\" data-end=\"3377\">Stromversorgung:<\/strong> Ben\u00f6tigt keine externe Stromversorgung (Stromversorgung durch das System)<\/p>\n<\/li>\n<li data-start=\"3438\" data-end=\"3480\">\n<p data-start=\"3440\" data-end=\"3480\"><strong data-start=\"3440\" data-end=\"3451\">Antenne:<\/strong> PCB-Antenne f\u00fcr Kunststoffgeh\u00e4use<\/p>\n<\/li>\n<li data-start=\"3481\" data-end=\"3528\">\n<p data-start=\"3483\" data-end=\"3528\"><strong data-start=\"3483\" data-end=\"3513\">Artikelnummer des Lieferanten:<\/strong> RW332G400EUA<\/p>\n<\/li>\n<\/ul>\n<p data-start=\"3530\" data-end=\"3713\">Das Risco 4G-Modul WiComm Pro ist die perfekte L\u00f6sung, um eine kontinuierliche Kommunikation und \u00dcberwachung Ihres Sicherheitssystems selbst in den anspruchsvollsten Netzwerkumgebungen sicherzustellen.<\/p>\n<p><a href=\"https:\/\/www.riscogroup.com\/\" target=\"_blank\" rel=\"noopener\"><strong><span class=\"ui-provider a b c d e f g h i j k l m n o p q r s t u v w x y z ab ac ae af ag ah ai aj ak\" dir=\"ltr\">Hier k\u00f6nnen Sie mehr \u00fcber dieses Produkt lesen:<\/span> 4G-Modul WiComm Pro - Risco<\/strong><\/a><\/p>\n<p><a href=\"https:\/\/www.riscogroup.com\/products\/product\/52708\" target=\"_blank\" rel=\"noopener\">Hier k\u00f6nnen Sie mehr \u00fcber WiCom Pro auf der Website der Risco Group lesen\u00a0<\/a><\/p>\n<p><iframe title=\"Wicomm Smart Hub US\" width=\"1170\" height=\"658\" src=\"https:\/\/www.youtube.com\/embed\/5PHoH2dRjEs?feature=oembed\" frameborder=\"0\" allow=\"accelerometer; autoplay; clipboard-write; encrypted-media; gyroscope; picture-in-picture; web-share\" referrerpolicy=\"strict-origin-when-cross-origin\" allowfullscreen><\/iframe><\/p>","protected":false},"excerpt":{"rendered":"<p>Das Risco 4G-Modul WiComm Pro ist ein steckbares GSM\/GPRS-Modul, das die Kommunikation \u00fcber das 4G-Netzwerk f\u00fcr das WiComm Pro-System erm\u00f6glicht.<\/p>\n<p>Es unterst\u00fctzt mehrere IP-Kommunikationskan\u00e4le und fungiert sowohl als prim\u00e4re als auch als Backup-Kommunikation.<\/p>\n<p>Es soll sicherstellen, dass das System immer verbunden bleibt, auch wenn das IP-Netzwerk ausf\u00e4llt.<\/p>\n<p>&nbsp;<\/p>","protected":false},"featured_media":145666,"template":"","meta":{"_acf_changed":false},"product_brand":[],"product_cat":[2731,4879],"product_tag":[2426],"class_list":{"0":"post-57371","1":"product","2":"type-product","3":"status-publish","4":"has-post-thumbnail","6":"product_cat-risco-larm","7":"product_cat-wicomm-pro","8":"product_tag-rel-risco","9":"product_shipping_class-postnord-varubrev","10":"pa_brands-4risco","11":"pa_wicomm-pro-kategorier-gsm-ip-moduler","12":"tm-no-options","14":"first","15":"instock","16":"sale","17":"featured","18":"taxable","19":"shipping-taxable","20":"purchasable","21":"product-type-simple"},"acf":[],"_links":{"self":[{"href":"https:\/\/secureus.se\/de\/wp-json\/wp\/v2\/product\/57371","targetHints":{"allow":["GET"]}}],"collection":[{"href":"https:\/\/secureus.se\/de\/wp-json\/wp\/v2\/product"}],"about":[{"href":"https:\/\/secureus.se\/de\/wp-json\/wp\/v2\/types\/product"}],"wp:featuredmedia":[{"embeddable":true,"href":"https:\/\/secureus.se\/de\/wp-json\/wp\/v2\/media\/145666"}],"wp:attachment":[{"href":"https:\/\/secureus.se\/de\/wp-json\/wp\/v2\/media?parent=57371"}],"wp:term":[{"taxonomy":"product_brand","embeddable":true,"href":"https:\/\/secureus.se\/de\/wp-json\/wp\/v2\/product_brand?post=57371"},{"taxonomy":"product_cat","embeddable":true,"href":"https:\/\/secureus.se\/de\/wp-json\/wp\/v2\/product_cat?post=57371"},{"taxonomy":"product_tag","embeddable":true,"href":"https:\/\/secureus.se\/de\/wp-json\/wp\/v2\/product_tag?post=57371"}],"curies":[{"name":"wp","href":"https:\/\/api.w.org\/{rel}","templated":true}]}}