{"id":57372,"date":"2022-03-10T15:15:00","date_gmt":"2022-03-10T14:15:00","guid":{"rendered":"https:\/\/secureus.se\/produkt\/wicomm-pro-kontrollpanel-32-tradlosa-och-4-tranbundna-sektioner\/"},"modified":"2026-01-05T13:27:38","modified_gmt":"2026-01-05T12:27:38","slug":"risco-centralenhet-wicomm-pro-32-tradlosa-sektioner-3-larmomraden","status":"publish","type":"product","link":"https:\/\/secureus.se\/de\/risco-centralenhet-wicomm-pro-32-tradlosa-sektioner-3-larmomraden\/","title":{"rendered":"Risco Zentraleinheit WiComm Pro \u2013 32 Funkabschnitte 3 Alarmbereiche"},"content":{"rendered":"<h1>Risco Zentraleinheit WiComm Pro \u2013 32 Funkabschnitte 3 Alarmbereiche<\/h1>\n<p data-start=\"521\" data-end=\"1030\">Das Risco WiComm Pro-Bedienfeld (Modell RW332M80000C) ist eine leistungsstarke und flexible L\u00f6sung f\u00fcr Sicherheitsanforderungen, die eine drahtlose Integration und erweiterte Funktionalit\u00e4t erfordern.<\/p>\n<p data-start=\"521\" data-end=\"1030\">Durch die Unterst\u00fctzung von bis zu 32 Funkzonen kann das System individuell angepasst werden, um eine breite Palette von Sicherheitsanforderungen abzudecken.<\/p>\n<p data-start=\"521\" data-end=\"1030\">Es ist sowohl mit unidirektionalen als auch mit bidirektionalen Zonen kompatibel und bietet die M\u00f6glichkeit, bis zu 8 drahtlose Kameradetektoren und 3 drahtlose Sirenen anzuschlie\u00dfen, wodurch es sich ideal f\u00fcr kleine und gro\u00dfe Installationen eignet.<\/p>\n<p data-start=\"1032\" data-end=\"1406\">Dieses Bedienfeld bietet flexible Kommunikation \u00fcber WLAN, IP und GSM\/GPRS (2G und 3G) und stellt sicher, dass Ihr System ohne Unterbrechung funktioniert.<\/p>\n<p data-start=\"1032\" data-end=\"1406\">Das Kommunikationsformat kann mit Contact ID, SIA Level 2 und 3 oder IP\/GSM angepasst werden.<\/p>\n<p data-start=\"1032\" data-end=\"1406\">Das System verf\u00fcgt au\u00dferdem \u00fcber die vollst\u00e4ndige lokale Programmierfunktion \u00fcber RS232 oder LCD-Bildschirm und kann per Fernzugriff \u00fcber GPRS oder IP konfiguriert werden.<\/p>\n<p data-start=\"1408\" data-end=\"1843\">Mit WiComm Pro erhalten Benutzer au\u00dferdem Zugriff auf eine leistungsstarke Selbst\u00fcberwachungsanwendung zur vollst\u00e4ndigen Kontrolle \u00fcber Smartphone oder Webbrowser.<\/p>\n<p data-start=\"1408\" data-end=\"1843\">Es erm\u00f6glicht Benutzern, das System aus der Ferne zu steuern, Ereignisbenachrichtigungen per Push-Nachricht oder SMS zu erhalten und Videos in Echtzeit anzusehen, einschlie\u00dflich der M\u00f6glichkeit zur Aufzeichnung.<\/p>\n<p data-start=\"1408\" data-end=\"1843\">Das System bietet au\u00dferdem Zweiwege-Audio (Sprechen\/H\u00f6ren), um eine direkte Kommunikation \u00fcber das System zu erm\u00f6glichen.<\/p>\n<p data-start=\"1845\" data-end=\"2207\">WiComm Pro verf\u00fcgt \u00fcber eine umfassende Palette an Funktionen, die ein hohes Ma\u00df an Benutzerfreundlichkeit und Anpassung gew\u00e4hrleisten.<\/p>\n<p data-start=\"1845\" data-end=\"2207\">Es bietet ein detailliertes Men\u00fc, das basierend auf der installierten Hardware und den Benutzerberechtigungen automatisch relevante Optionen anzeigt.<\/p>\n<p data-start=\"1845\" data-end=\"2207\">Dar\u00fcber hinaus unterst\u00fctzt es die Programmierung mit bis zu 8 Timereinstellungen, um das System an spezifische Anforderungen anzupassen.<\/p>\n<p data-start=\"2209\" data-end=\"2505\">Aus Sicherheitsgr\u00fcnden und f\u00fcr eine genaue \u00dcberwachung speichert das System bis zu 1.000 Ereignisse lokal und 2.000 Ereignisse auf dem RISCO-Cloud-Server, sodass vergangene Vorf\u00e4lle leicht verfolgt und analysiert werden k\u00f6nnen.<\/p>\n<p data-start=\"2209\" data-end=\"2505\">Dar\u00fcber hinaus k\u00f6nnen Benutzer Audionachrichten und Sprachanweisungen erhalten, um schnell auf Ereignisse zu reagieren.<\/p>\n<p data-start=\"2507\" data-end=\"2537\"><strong data-start=\"2507\" data-end=\"2535\">Haupteigenschaften:<\/strong><\/p>\n<ul data-start=\"2538\" data-end=\"3320\">\n<li data-start=\"2538\" data-end=\"2590\">\n<p data-start=\"2540\" data-end=\"2590\"><strong data-start=\"2540\" data-end=\"2558\">Kommunikation:<\/strong> WLAN, IP und GSM\/GPRS (2G\/3G)<\/p>\n<\/li>\n<li data-start=\"2591\" data-end=\"2669\">\n<p data-start=\"2593\" data-end=\"2669\"><strong data-start=\"2593\" data-end=\"2607\">Anzahl der Zonen:<\/strong> Bis zu 32 Funkzonen (unidirektional oder bidirektional)<\/p>\n<\/li>\n<li data-start=\"2670\" data-end=\"2757\">\n<p data-start=\"2672\" data-end=\"2757\"><strong data-start=\"2672\" data-end=\"2695\">Anschlie\u00dfbare Ger\u00e4te:<\/strong> Bis zu 3 drahtlose Sirenen und 8 drahtlose Kameradetektoren<\/p>\n<\/li>\n<li data-start=\"2758\" data-end=\"2797\">\n<p data-start=\"2760\" data-end=\"2797\"><strong data-start=\"2760\" data-end=\"2778\">Benutzercodes:<\/strong> 32 Benutzercodes<\/p>\n<\/li>\n<li data-start=\"2798\" data-end=\"2832\">\n<p data-start=\"2800\" data-end=\"2832\"><strong data-start=\"2800\" data-end=\"2816\">Partitionen:<\/strong> 3 Alarmbereiche<\/p>\n<\/li>\n<li data-start=\"2833\" data-end=\"2911\">\n<p data-start=\"2835\" data-end=\"2911\"><strong data-start=\"2835\" data-end=\"2853\">Benutzerdefiniertes Men\u00fc:<\/strong> Angepasst an installierte Hardware und Berechtigungsstufe<\/p>\n<\/li>\n<li data-start=\"2912\" data-end=\"2996\">\n<p data-start=\"2914\" data-end=\"2996\"><strong data-start=\"2914\" data-end=\"2934\">Ereignisspeicherung:<\/strong> Bis zu 1000 Ereignisse lokal und 2000 Ereignisse in der Cloud<\/p>\n<\/li>\n<li data-start=\"2997\" data-end=\"3064\">\n<p data-start=\"2999\" data-end=\"3064\"><strong data-start=\"2999\" data-end=\"3020\">Fern\u00fcberwachung:<\/strong> \u00dcber die RISCO Cloud App, Web und Mobile<\/p>\n<\/li>\n<li data-start=\"3065\" data-end=\"3155\">\n<p data-start=\"3067\" data-end=\"3155\"><strong data-start=\"3067\" data-end=\"3091\">Integrierte Funktionen:<\/strong> Videoverifizierung, Zwei-Wege-Audio (Sprechen\/H\u00f6ren), Push-Benachrichtigungen<\/p>\n<\/li>\n<li data-start=\"3156\" data-end=\"3223\">\n<p data-start=\"3158\" data-end=\"3223\"><strong data-start=\"3158\" data-end=\"3176\">Programmierung:<\/strong> Lokal \u00fcber RS232 oder \u00fcber die Cloud (GPRS, IP)<\/p>\n<\/li>\n<li data-start=\"3224\" data-end=\"3286\">\n<p data-start=\"3226\" data-end=\"3286\"><strong data-start=\"3226\" data-end=\"3238\">Batterie:<\/strong> Inklusive Batterie f\u00fcr den Betrieb bei Stromausfall<\/p>\n<\/li>\n<li data-start=\"3287\" data-end=\"3320\">\n<p data-start=\"3289\" data-end=\"3320\"><strong data-start=\"3289\" data-end=\"3306\">Zertifizierung:<\/strong> Alarmklasse R<\/p>\n<\/li>\n<\/ul>\n<p data-start=\"3322\" data-end=\"3353\"><strong data-start=\"3322\" data-end=\"3351\">Technische Spezifikationen:<\/strong><\/p>\n<ul data-start=\"3354\" data-end=\"3621\">\n<li data-start=\"3354\" data-end=\"3396\">\n<p data-start=\"3356\" data-end=\"3396\"><strong data-start=\"3356\" data-end=\"3372\">Abmessungen:<\/strong> 197,5 x 152,2 x 52 mm<\/p>\n<\/li>\n<li data-start=\"3397\" data-end=\"3429\">\n<p data-start=\"3399\" data-end=\"3429\"><strong data-start=\"3399\" data-end=\"3420\">Stromversorgung:<\/strong> 12V Gleichstrom<\/p>\n<\/li>\n<li data-start=\"3430\" data-end=\"3491\">\n<p data-start=\"3432\" data-end=\"3491\"><strong data-start=\"3432\" data-end=\"3454\">Ereignisbenachrichtigung:<\/strong> SMS, Push, E-Mail, Voicemail<\/p>\n<\/li>\n<li data-start=\"3492\" data-end=\"3545\">\n<p data-start=\"3494\" data-end=\"3545\"><strong data-start=\"3494\" data-end=\"3512\">Ereignisspeicher:<\/strong> 1000 lokal und 2000 in der Cloud<\/p>\n<\/li>\n<li data-start=\"3546\" data-end=\"3621\">\n<p data-start=\"3548\" data-end=\"3621\"><strong data-start=\"3548\" data-end=\"3574\">Maximale Kommunikation:<\/strong> Bis zu 3 LCD- oder Slim-Wireless-Tastaturen<\/p>\n<\/li>\n<\/ul>\n<p data-start=\"3623\" data-end=\"3959\">Dieses Risco WiComm Pro-Bedienfeld ist die ideale Wahl f\u00fcr alle, die eine hochwertige und flexible L\u00f6sung f\u00fcr ihre Alarm- und Sicherheitssysteme suchen.<\/p>\n<p data-start=\"3623\" data-end=\"3959\">Mit fortschrittlicher Technologie, benutzerfreundlichen Funktionen und zuverl\u00e4ssiger Kommunikation \u00fcber verschiedene Kan\u00e4le kann WiComm Pro die f\u00fcr alle Arten von Installationen erforderliche Sicherheit bieten.<\/p>\n<p><a href=\"https:\/\/www.riscogroup.com\/products\/product\/52708\" target=\"_blank\" rel=\"noopener\">Hier k\u00f6nnen Sie mehr \u00fcber WiCom Pro auf der Website der Risco Group lesen\u00a0<\/a><\/p>\n<p><iframe title=\"Wicomm Smart Hub US\" width=\"1170\" height=\"658\" src=\"https:\/\/www.youtube.com\/embed\/5PHoH2dRjEs?feature=oembed\" frameborder=\"0\" allow=\"accelerometer; autoplay; clipboard-write; encrypted-media; gyroscope; picture-in-picture; web-share\" referrerpolicy=\"strict-origin-when-cross-origin\" allowfullscreen><\/iframe><\/p>","protected":false},"excerpt":{"rendered":"<p>Risco WiComm Pro ist ein fortschrittliches drahtloses Bedienfeld mit Platz f\u00fcr 32 drahtlose Zonen und der M\u00f6glichkeit, bis zu 3 drahtlose Sirenen und 8 drahtlose Kameradetektoren anzuschlie\u00dfen.<\/p>\n<p>Mit umfassender Fern\u00fcberwachung und Videoverifizierung \u00fcber die RISCO Cloud bietet dieses Bedienfeld vollst\u00e4ndige Kontrolle und Anpassungsoptionen f\u00fcr Privathaushalte und Unternehmen.<\/p>","protected":false},"featured_media":145247,"template":"","meta":{"_acf_changed":false},"product_brand":[],"product_cat":[2731,4879],"product_tag":[2426],"class_list":{"0":"post-57372","1":"product","2":"type-product","3":"status-publish","4":"has-post-thumbnail","6":"product_cat-risco-larm","7":"product_cat-wicomm-pro","8":"product_tag-rel-risco","9":"product_shipping_class-postnord-varubrev","10":"pa_brands-4risco","11":"pa_risco-produkter-agility-4","12":"pa_wicomm-pro-kategorier-hub-centralapparaten","13":"tm-no-options","15":"first","16":"outofstock","17":"sale","18":"featured","19":"taxable","20":"shipping-taxable","21":"purchasable","22":"product-type-simple"},"acf":[],"_links":{"self":[{"href":"https:\/\/secureus.se\/de\/wp-json\/wp\/v2\/product\/57372","targetHints":{"allow":["GET"]}}],"collection":[{"href":"https:\/\/secureus.se\/de\/wp-json\/wp\/v2\/product"}],"about":[{"href":"https:\/\/secureus.se\/de\/wp-json\/wp\/v2\/types\/product"}],"wp:featuredmedia":[{"embeddable":true,"href":"https:\/\/secureus.se\/de\/wp-json\/wp\/v2\/media\/145247"}],"wp:attachment":[{"href":"https:\/\/secureus.se\/de\/wp-json\/wp\/v2\/media?parent=57372"}],"wp:term":[{"taxonomy":"product_brand","embeddable":true,"href":"https:\/\/secureus.se\/de\/wp-json\/wp\/v2\/product_brand?post=57372"},{"taxonomy":"product_cat","embeddable":true,"href":"https:\/\/secureus.se\/de\/wp-json\/wp\/v2\/product_cat?post=57372"},{"taxonomy":"product_tag","embeddable":true,"href":"https:\/\/secureus.se\/de\/wp-json\/wp\/v2\/product_tag?post=57372"}],"curies":[{"name":"wp","href":"https:\/\/api.w.org\/{rel}","templated":true}]}}