{"id":57379,"date":"2022-03-10T15:13:00","date_gmt":"2022-03-10T14:13:00","guid":{"rendered":"https:\/\/secureus.se\/produkt\/elatec-twn4-multitech-2-lf-125-khz-em4100-02-4200-4305-programmerad-for-system-kod-endast-lasare-med-uid-chipkod\/"},"modified":"2026-04-17T14:42:16","modified_gmt":"2026-04-17T12:42:16","slug":"rfid-lasare-elatec-twn4-multitech-2-lf-125-khz-em4100-02-4200-4305-programmerad-for-system-kod-endast-lasare-med-uid-chipkod","status":"publish","type":"product","link":"https:\/\/secureus.se\/de\/rfid-lasare-elatec-twn4-multitech-2-lf-125-khz-em4100-02-4200-4305-programmerad-for-system-kod-endast-lasare-med-uid-chipkod\/","title":{"rendered":"RFID-Leseger\u00e4t Elatec TWN4 Multitech 2 LF 125 Khz EM4100\/02\/4200"},"content":{"rendered":"<p>Hochwertige Tischleseger\u00e4te vom deutschen Hersteller Elatec, einem f\u00fchrenden Unternehmen in der Lesetechnik.<\/p>\n<p>Wenn Sie eine andere Ausgabe oder Funktion zum Beispiel f\u00fcr einen Drucker\/Computer w\u00fcnschen, helfen wir Ihnen auch dabei.<\/p>\n<p>Diese Leseger\u00e4te ersetzen fr\u00fchere Modelle (TWN3) und sind f\u00fcr viele unserer Kunden eine Wahl.<\/p>\n<p>Wenn Sie gr\u00f6\u00dfere Mengen ben\u00f6tigen oder fortlaufend einkaufen, k\u00f6nnen wir f\u00fcr Sie einen Lagerbestand mit Abruf einrichten.<\/p>\n<p>Wir haben niedrigere Preise, als Sie f\u00fcr diese Produkte erwarten k\u00f6nnen!<\/p>\n<p>TWN4 \u00fcbernimmt Folgendes:<\/p>\n<p>125 kHz \/ 134,2 kHz:<\/p>\n<p>4100, 4102, 420010), 4050, 4150, 4450, 4550, AWID, CASI-RUSCO, HITAG 111), HITAG 211, HITAG S11, Keri, Miro, Pyramid, TIRIS\/HDX, UNIQUE, FDX-B, Q5, TITAN , T55x7, ZODIAC2 4305, Cardax, IDTECK, 4305<\/p>\n<p>Informationen zu Wahlen:<\/p>\n<p>ID-Format = EM<\/p>\n<p>A = Aptus<br \/>\nR = RCO<br \/>\nS = ARX\/SOLID<br \/>\nAxt = Axema<br \/>\nB13 = Bewator13 (Omnis)<\/p>\n<p>B8 = Bewator8 (Entro)<br \/>\nV = Axema Vaka<br \/>\n10h = Hexadezimal<\/p>\n<p>&nbsp;<\/p>","protected":false},"excerpt":{"rendered":"<p>Hochwertige Tischleseger\u00e4te vom deutschen Hersteller Elatec, einem f\u00fchrenden Unternehmen in der Lesetechnik. Wenn Sie eine andere Ausgabe oder Funktion f\u00fcr z.B. Drucker\/Computer w\u00fcnschen, helfen wir Ihnen auch dabei.<\/p>","protected":false},"featured_media":145670,"template":"","meta":{"_acf_changed":false},"product_brand":[],"product_cat":[1743],"product_tag":[],"class_list":{"0":"post-57379","1":"product","2":"type-product","3":"status-publish","4":"has-post-thumbnail","6":"product_cat-rfid-lasare","7":"product_shipping_class-postnord-varubrev","8":"pa_access-lasare-chippets-uid-kod","9":"pa_access-lasare-em-kod-aptus","10":"pa_access-lasare-em-kod-rco","11":"pa_access-lasare-em-kod-assa-arx","12":"pa_access-lasare-em-kod-axema-10-siffror","13":"pa_access-lasare-em-kod-axema-vaka-13-siffror","14":"pa_access-lasare-em-kod-bewator-vanderbilt-13-siffror","15":"pa_access-lasare-em-kod-bewator-vanderbilt-8-siffror","16":"pa_bordlasare-val-av-typ-em-teknik","17":"pa_brands-elatec","18":"tm-has-options","20":"first","21":"outofstock","22":"sale","23":"featured","24":"taxable","25":"shipping-taxable","26":"purchasable","27":"product-type-simple"},"acf":[],"_links":{"self":[{"href":"https:\/\/secureus.se\/de\/wp-json\/wp\/v2\/product\/57379","targetHints":{"allow":["GET"]}}],"collection":[{"href":"https:\/\/secureus.se\/de\/wp-json\/wp\/v2\/product"}],"about":[{"href":"https:\/\/secureus.se\/de\/wp-json\/wp\/v2\/types\/product"}],"wp:featuredmedia":[{"embeddable":true,"href":"https:\/\/secureus.se\/de\/wp-json\/wp\/v2\/media\/145670"}],"wp:attachment":[{"href":"https:\/\/secureus.se\/de\/wp-json\/wp\/v2\/media?parent=57379"}],"wp:term":[{"taxonomy":"product_brand","embeddable":true,"href":"https:\/\/secureus.se\/de\/wp-json\/wp\/v2\/product_brand?post=57379"},{"taxonomy":"product_cat","embeddable":true,"href":"https:\/\/secureus.se\/de\/wp-json\/wp\/v2\/product_cat?post=57379"},{"taxonomy":"product_tag","embeddable":true,"href":"https:\/\/secureus.se\/de\/wp-json\/wp\/v2\/product_tag?post=57379"}],"curies":[{"name":"wp","href":"https:\/\/api.w.org\/{rel}","templated":true}]}}