{"id":57388,"date":"2022-03-10T15:13:00","date_gmt":"2022-03-10T14:13:00","guid":{"rendered":"https:\/\/secureus.se\/produkt\/elatec-twn4-multitech-2-hf-13-56-mhz-mifare-programmerad-for-system-kod-endast-lasare-med-uid-chip-kod\/"},"modified":"2026-04-17T12:58:50","modified_gmt":"2026-04-17T10:58:50","slug":"rfid-lasare-elatec-twn4-multitech-2-hf-13-56-mhz-mifare-programmerad-for-system-kod-endast-lasare-med-uid-chip-kod","status":"publish","type":"product","link":"https:\/\/secureus.se\/de\/rfid-lasare-elatec-twn4-multitech-2-hf-13-56-mhz-mifare-programmerad-for-system-kod-endast-lasare-med-uid-chip-kod\/","title":{"rendered":"RFID-Leseger\u00e4t Elatec TWN4 Multitech 2 HF (13,56 MHz Mifare)"},"content":{"rendered":"<p>Hochwertige Tischleseger\u00e4te vom deutschen Hersteller Elatec, einem f\u00fchrenden Unternehmen in der Lesetechnik.<\/p>\n<p>Hier finden Sie unsere ausgew\u00e4hlten Modelle der flexiblen und beliebten Modelle von Elatech, die wir alle nach Ihren W\u00fcnschen programmieren.<\/p>\n<p>Sie k\u00f6nnen unter dem jeweiligen Produkt ausw\u00e4hlen, ob Sie z. B. ASSA ARX, Bewator, Aptus, Axema VAKA und viele mehr programmieren m\u00f6chten.<\/p>\n<p>Wenn Sie eine andere Ausgabe oder Funktion zum Beispiel f\u00fcr einen Drucker\/Computer w\u00fcnschen, helfen wir Ihnen auch dabei.<\/p>\n<p>Diese Leseger\u00e4te ersetzen fr\u00fchere Modelle (TWN3) und sind f\u00fcr viele unserer Kunden eine Wahl.<\/p>\n<p>Wenn Sie gr\u00f6\u00dfere Mengen ben\u00f6tigen oder fortlaufend einkaufen, k\u00f6nnen wir f\u00fcr Sie einen Lagerbestand mit Abruf einrichten.<\/p>\n<p>Wir haben niedrigere Preise, als Sie f\u00fcr diese Produkte erwarten k\u00f6nnen!<\/p>\n<p>TWN4 \u00fcbernimmt Folgendes:<\/p>\n<p>Mifare 13,56 MHz \/ ISO14443A:<\/p>\n<p>Lesen Sie im Datenblatt, mit welchen Techniken der Leser umgehen kann.<\/p>","protected":false},"excerpt":{"rendered":"<p>Hochwertige Tischleseger\u00e4te vom deutschen Hersteller Elatec, einem f\u00fchrenden Unternehmen in der Lesetechnik. Hier finden Sie unsere ausgew\u00e4hlten Modelle der flexiblen und beliebten Modelle von Elatech, die wir alle nach Ihren W\u00fcnschen programmieren. Du kannst<\/p>","protected":false},"featured_media":145672,"template":"","meta":{"_acf_changed":false},"product_brand":[],"product_cat":[1743],"product_tag":[],"class_list":{"0":"post-57388","1":"product","2":"type-product","3":"status-publish","4":"has-post-thumbnail","6":"product_cat-rfid-lasare","7":"product_shipping_class-postnord-varubrev","8":"pa_access-lasare-mifare-mifare-mfd-aptus-9-siffror","9":"pa_access-lasare-mifare-mifare-mfr-axema-vaka-13-siffror","10":"pa_access-lasare-mifare-chippets-uid-kod","11":"pa_access-lasare-mifare-mifare-mfd-assa-10-siffror","12":"pa_access-lasare-mifare-mifare-rco-9-siffror","13":"pa_bordlasare-val-av-typ-mifare-teknik","14":"pa_brands-elatec","15":"pa_farg-2893","16":"pa_farg-2892","17":"pa_farg-nyckelband-2897","18":"tm-has-options","20":"first","21":"instock","22":"sale","23":"featured","24":"taxable","25":"shipping-taxable","26":"purchasable","27":"product-type-simple"},"acf":[],"_links":{"self":[{"href":"https:\/\/secureus.se\/de\/wp-json\/wp\/v2\/product\/57388","targetHints":{"allow":["GET"]}}],"collection":[{"href":"https:\/\/secureus.se\/de\/wp-json\/wp\/v2\/product"}],"about":[{"href":"https:\/\/secureus.se\/de\/wp-json\/wp\/v2\/types\/product"}],"wp:featuredmedia":[{"embeddable":true,"href":"https:\/\/secureus.se\/de\/wp-json\/wp\/v2\/media\/145672"}],"wp:attachment":[{"href":"https:\/\/secureus.se\/de\/wp-json\/wp\/v2\/media?parent=57388"}],"wp:term":[{"taxonomy":"product_brand","embeddable":true,"href":"https:\/\/secureus.se\/de\/wp-json\/wp\/v2\/product_brand?post=57388"},{"taxonomy":"product_cat","embeddable":true,"href":"https:\/\/secureus.se\/de\/wp-json\/wp\/v2\/product_cat?post=57388"},{"taxonomy":"product_tag","embeddable":true,"href":"https:\/\/secureus.se\/de\/wp-json\/wp\/v2\/product_tag?post=57388"}],"curies":[{"name":"wp","href":"https:\/\/api.w.org\/{rel}","templated":true}]}}