{"id":57480,"date":"2022-03-10T14:57:00","date_gmt":"2022-03-10T13:57:00","guid":{"rendered":"https:\/\/secureus.se\/produkt\/vibrationsdetektor-tradlos-agililty3-4-och-wicomm-pro\/"},"modified":"2025-12-31T19:42:31","modified_gmt":"2025-12-31T18:42:31","slug":"risco-vibrationsdetektor-1-vags","status":"publish","type":"product","link":"https:\/\/secureus.se\/de\/risco-vibrationsdetektor-1-vags\/","title":{"rendered":"Risco Vibrationsmelder 1-Wege"},"content":{"rendered":"<h1>Risco Vibrationsmelder 1-Wege<\/h1>\n<p data-start=\"435\" data-end=\"949\">Der Risco Vibrationsmelder 1-Wege WiComm Pro Agility ist ein fortschrittlicher drahtloser Sto\u00dfmelder, der hohe Sicherheit f\u00fcr gesch\u00fctzte Innen- und Au\u00dfenbereiche bietet.<\/p>\n<p data-start=\"435\" data-end=\"949\">Es ist darauf ausgelegt, Vibrationen zu erkennen, die beim Versuch auftreten, Fenster, T\u00fcren, W\u00e4nde oder Decken aufzubrechen, einzuschlagen, zu bohren oder zu s\u00e4gen, selbst wenn sich der Eindringling noch im Freien befindet.<\/p>\n<p data-start=\"435\" data-end=\"949\">Dies macht es zu einer effektiven L\u00f6sung f\u00fcr den Perimeterschutz und ist besonders n\u00fctzlich, um Einbr\u00fcche zu verhindern, bevor die physischen Barrieren durchbrochen werden.<\/p>\n<p data-start=\"951\" data-end=\"1355\">Dieser Detektor ist mit einem digitalen Mikroprozessor und intelligenter digitaler Signalverarbeitung ausgestattet, um Vibrationen genau zu analysieren und aufzuzeichnen.<\/p>\n<p data-start=\"951\" data-end=\"1355\">Durch die einstellbare Empfindlichkeit kann der Benutzer die Reaktionsstufe des Detektors an unterschiedliche Umgebungen und Anforderungen anpassen.<\/p>\n<p data-start=\"951\" data-end=\"1355\">Es verf\u00fcgt \u00fcber eine dreifarbige LED-Anzeige, die die Kalibrierung erleichtert und klare Statusinformationen zur Empfindlichkeit des Detektors liefert.<\/p>\n<p data-start=\"1357\" data-end=\"1617\">Der Melder wird vollst\u00e4ndig \u00fcberwacht, das hei\u00dft, Manipulation, Batteriespannung und Kommunikation werden st\u00e4ndig \u00fcberpr\u00fcft.<\/p>\n<p data-start=\"1357\" data-end=\"1617\">Mit einer Reichweite von bis zu 300 Metern (LOS) und einer langen Batterielebensdauer von etwa 3 Jahren ist es ein zuverl\u00e4ssiger Teil des Sicherheitssystems von Risco.<\/p>\n<p data-start=\"1619\" data-end=\"1932\">Dank Funktionen wie der Erkennung grober Angriffe und einem gekapselten bimorphen piezoelektrischen Sensor ist dieser Vibrationsmelder bestens f\u00fcr den Umgang mit potenziellen Sicherheitsbedrohungen ger\u00fcstet.<\/p>\n<p data-start=\"1619\" data-end=\"1932\">Es ist au\u00dferdem mit den Systemen Agility\u2122, WisDom, ProSYS\u2122, LightSYS\u2122 und Nova von Risco kompatibel und somit \u00e4u\u00dferst flexibel f\u00fcr unterschiedliche Sicherheitsanforderungen.<\/p>\n<p>&nbsp;<\/p>\n<p><iframe title=\"Wicomm Smart Hub US\" width=\"1170\" height=\"658\" src=\"https:\/\/www.youtube.com\/embed\/5PHoH2dRjEs?feature=oembed\" frameborder=\"0\" allow=\"accelerometer; autoplay; clipboard-write; encrypted-media; gyroscope; picture-in-picture; web-share\" referrerpolicy=\"strict-origin-when-cross-origin\" allowfullscreen><\/iframe><\/p>","protected":false},"excerpt":{"rendered":"<p>Drahtloser Vibrationsmelder f\u00fcr Risco Agility und WiComm Pro, der Einbruchsversuche durch die Erfassung von Vibrationen durch Gewalteinwirkung, Quetsch-, Bohr- oder S\u00e4gevorg\u00e4nge erkennt.<\/p>\n<p>Geeignet f\u00fcr den Innen- und Au\u00dfenbereichsschutz.<\/p>","protected":false},"featured_media":145396,"template":"","meta":{"_acf_changed":false},"product_brand":[],"product_cat":[3188,2731],"product_tag":[3152],"class_list":{"0":"post-57480","1":"product","2":"type-product","3":"status-publish","4":"has-post-thumbnail","6":"product_cat-larmenheter-risco-larm","7":"product_cat-risco-larm","8":"product_tag-cr123-tillbehor","9":"product_shipping_class-postnord-varubrev","10":"pa_brands-4risco","11":"pa_risco-produkter-agility-3","12":"pa_risco-produkter-agility-4","13":"pa_wicomm-pro-kategorier-vibrationdetektorer","14":"tm-no-options","16":"first","17":"instock","18":"sale","19":"featured","20":"taxable","21":"shipping-taxable","22":"purchasable","23":"product-type-simple"},"acf":[],"_links":{"self":[{"href":"https:\/\/secureus.se\/de\/wp-json\/wp\/v2\/product\/57480","targetHints":{"allow":["GET"]}}],"collection":[{"href":"https:\/\/secureus.se\/de\/wp-json\/wp\/v2\/product"}],"about":[{"href":"https:\/\/secureus.se\/de\/wp-json\/wp\/v2\/types\/product"}],"wp:featuredmedia":[{"embeddable":true,"href":"https:\/\/secureus.se\/de\/wp-json\/wp\/v2\/media\/145396"}],"wp:attachment":[{"href":"https:\/\/secureus.se\/de\/wp-json\/wp\/v2\/media?parent=57480"}],"wp:term":[{"taxonomy":"product_brand","embeddable":true,"href":"https:\/\/secureus.se\/de\/wp-json\/wp\/v2\/product_brand?post=57480"},{"taxonomy":"product_cat","embeddable":true,"href":"https:\/\/secureus.se\/de\/wp-json\/wp\/v2\/product_cat?post=57480"},{"taxonomy":"product_tag","embeddable":true,"href":"https:\/\/secureus.se\/de\/wp-json\/wp\/v2\/product_tag?post=57480"}],"curies":[{"name":"wp","href":"https:\/\/api.w.org\/{rel}","templated":true}]}}