{"id":57482,"date":"2022-03-10T14:57:00","date_gmt":"2022-03-10T13:57:00","guid":{"rendered":"https:\/\/secureus.se\/produkt\/2-vags-tradlos-dual-tech-am-inom-utomhus-ridadetektor-agililty4-och-wicomm-pro\/"},"modified":"2026-01-06T20:42:19","modified_gmt":"2026-01-06T19:42:19","slug":"risco-ridadetektor-2-vags-utomhus","status":"publish","type":"product","link":"https:\/\/secureus.se\/de\/risco-ridadetektor-2-vags-utomhus\/","title":{"rendered":"Risco Vorhangmelder 2-Wege \u2013 Au\u00dfenbereich"},"content":{"rendered":"<div>\n<h1>Risco Vorhangmelder 2-Wege \u2013 Au\u00dfenbereich<\/h1>\n<p data-start=\"413\" data-end=\"936\">Der Risco Vorhangmelder 2-Wege WiComm Pro Agility4 ist die ultimative Wahl f\u00fcr die Sicherheit im Au\u00dfenbereich.<\/p>\n<p data-start=\"413\" data-end=\"936\">Dieser drahtlose Vorhangmelder wurde als erste Verteidigungslinie Ihres Sicherheitssystems konzipiert und bietet eine schnelle und einfache Installation mit flexibler Montage und Konfiguration.<\/p>\n<p data-start=\"413\" data-end=\"936\">Die fortschrittliche Mikrowellentechnologie und die Zweiwege-Funkkommunikation bieten hervorragende Abdeckung und Sicherheit f\u00fcr gro\u00dfe Bereiche, w\u00e4hrend die aktive Anti-Masking-Funktion vor allen Versuchen sch\u00fctzt, den Empfang des Detektors zu besch\u00e4digen.<\/p>\n<p data-start=\"938\" data-end=\"1305\">Mit vier einstellbaren Empfindlichkeitsstufen und einem schmalen Strahl wird das Risiko von Fehlalarmen minimiert, sodass Sie genau den Schutz erhalten, den Sie ben\u00f6tigen, ohne unn\u00f6tige St\u00f6rungen.<\/p>\n<p data-start=\"938\" data-end=\"1305\">Es eignet sich ideal f\u00fcr die Installation in Stapeln von bis zu 3,0 Metern und kann entweder auf der linken oder rechten Seite des gesch\u00fctzten Bereichs montiert werden, was flexible Installationsoptionen bietet.<\/p>\n<p data-start=\"1307\" data-end=\"1526\">Zur Erh\u00f6hung der Benutzerfreundlichkeit verf\u00fcgt der Detektor \u00fcber einen einfachen Batteriewechselprozess sowie Fernkonfigurations- und Diagnosefunktionen, wodurch Service und Wartung effizienter gestaltet werden und die Notwendigkeit unn\u00f6tiger Servicefahrten reduziert wird.<\/p>\n<p><iframe title=\"Wicomm Smart Hub US\" width=\"1170\" height=\"658\" src=\"https:\/\/www.youtube.com\/embed\/5PHoH2dRjEs?feature=oembed\" frameborder=\"0\" allow=\"accelerometer; autoplay; clipboard-write; encrypted-media; gyroscope; picture-in-picture; web-share\" referrerpolicy=\"strict-origin-when-cross-origin\" allowfullscreen><\/iframe><\/p>\n<\/div>","protected":false},"excerpt":{"rendered":"<p>Der drahtlose Vorhangmelder WiComm Pro Agility4 f\u00fcr den Au\u00dfenbereich bietet un\u00fcbertroffene Sicherheit mit Dual-Technologie, aktiver IR-Abdeckschutzfunktion und einstellbarer Empfindlichkeit.<\/p>\n<p>Perfekt f\u00fcr gro\u00dfe Fl\u00e4chen und flexible Installation.<\/p>","protected":false},"featured_media":158857,"template":"","meta":{"_acf_changed":false},"product_brand":[],"product_cat":[2731,3188,3191],"product_tag":[],"class_list":{"0":"post-57482","1":"product","2":"type-product","3":"status-publish","4":"has-post-thumbnail","6":"product_cat-risco-larm","7":"product_cat-larmenheter-risco-larm","8":"product_cat-utomhusdetektorer","9":"product_shipping_class-postnord-varubrev","10":"pa_risco-produkter-agility-4","11":"pa_wicomm-pro-kategorier-ridadetektor","12":"tm-no-options","14":"first","15":"outofstock","16":"sale","17":"featured","18":"taxable","19":"shipping-taxable","20":"purchasable","21":"product-type-simple"},"acf":[],"_links":{"self":[{"href":"https:\/\/secureus.se\/de\/wp-json\/wp\/v2\/product\/57482","targetHints":{"allow":["GET"]}}],"collection":[{"href":"https:\/\/secureus.se\/de\/wp-json\/wp\/v2\/product"}],"about":[{"href":"https:\/\/secureus.se\/de\/wp-json\/wp\/v2\/types\/product"}],"wp:featuredmedia":[{"embeddable":true,"href":"https:\/\/secureus.se\/de\/wp-json\/wp\/v2\/media\/158857"}],"wp:attachment":[{"href":"https:\/\/secureus.se\/de\/wp-json\/wp\/v2\/media?parent=57482"}],"wp:term":[{"taxonomy":"product_brand","embeddable":true,"href":"https:\/\/secureus.se\/de\/wp-json\/wp\/v2\/product_brand?post=57482"},{"taxonomy":"product_cat","embeddable":true,"href":"https:\/\/secureus.se\/de\/wp-json\/wp\/v2\/product_cat?post=57482"},{"taxonomy":"product_tag","embeddable":true,"href":"https:\/\/secureus.se\/de\/wp-json\/wp\/v2\/product_tag?post=57482"}],"curies":[{"name":"wp","href":"https:\/\/api.w.org\/{rel}","templated":true}]}}