{"id":57483,"date":"2022-03-10T14:57:00","date_gmt":"2022-03-10T13:57:00","guid":{"rendered":"https:\/\/secureus.se\/produkt\/agility-4-centralenhet-rmv132v-gsm-tal\/"},"modified":"2025-12-31T19:36:37","modified_gmt":"2025-12-31T18:36:37","slug":"risco-centralenhet-agililty4-utgar","status":"publish","type":"product","link":"https:\/\/secureus.se\/de\/risco-centralenhet-agililty4-utgar\/","title":{"rendered":"Risco-Zentraleinheit Agililty4 \u2013 EINGESTELLT"},"content":{"rendered":"<h1>Risco-Zentraleinheit Agililty4 \u2013 EINGESTELLT<\/h1>\n<p data-start=\"502\" data-end=\"836\">Risco Agility4 (Mod. RMV132V) ist ein fortschrittliches und modulares drahtloses Sicherheitssystem, das umfassenden Schutz f\u00fcr Wohn- und Gesch\u00e4ftsimmobilien bietet.<\/p>\n<p data-start=\"502\" data-end=\"836\">Mit seinem modernen und eleganten Design bietet Agility4 robusten Schutz vor Einbruch, Feuer und anderen Sicherheitsrisiken und kann an Ihre spezifischen Anforderungen angepasst werden.<\/p>\n<p data-start=\"838\" data-end=\"1215\">Das System ist sowohl mit einem Au\u00dfen- als auch einem Innenschutz ausgestattet und eignet sich daher ideal zum Schutz aller Geb\u00e4udeteile.<\/p>\n<p data-start=\"838\" data-end=\"1215\">Agility4 bietet au\u00dferdem eine drahtlose visuelle Verifizierung und stellt damit eine interaktive und automatisierte Sicherheitsl\u00f6sung bereit.<\/p>\n<p data-start=\"838\" data-end=\"1215\">Dadurch k\u00f6nnen Benutzer eine Video\u00fcberpr\u00fcfung von Ereignissen in Echtzeit erhalten, was die Sicherheit verbessert und das Risiko von Fehlalarmen verringert.<\/p>\n<p data-start=\"1217\" data-end=\"1513\">Eine der n\u00fctzlichsten Funktionen von Agility4 ist der integrierte Tag-Leser, sodass Sie sich zum Aktivieren oder Deaktivieren des Alarms keine Codes merken m\u00fcssen.<\/p>\n<p data-start=\"1217\" data-end=\"1513\">Der Tag-Leser erm\u00f6glicht eine schnelle und einfache Steuerung des Systems und verbessert gleichzeitig die Benutzerfreundlichkeit und Sicherheit.<\/p>\n<p data-start=\"1515\" data-end=\"1755\">Agility4 ist ein flexibles System, das je nach Bedarf angepasst und erweitert werden kann. Unabh\u00e4ngig davon, ob Sie weitere Sensoren, Kameras oder andere Sicherheitskomponenten hinzuf\u00fcgen m\u00f6chten, l\u00e4sst sich das System problemlos aktualisieren, um den sich im Laufe der Zeit \u00e4ndernden Sicherheitsanforderungen gerecht zu werden.<\/p>\n<p data-start=\"1757\" data-end=\"1787\"><strong data-start=\"1757\" data-end=\"1785\">Haupteigenschaften:<\/strong><\/p>\n<ul data-start=\"1788\" data-end=\"2322\">\n<li data-start=\"1788\" data-end=\"1844\">\n<p data-start=\"1790\" data-end=\"1844\"><strong data-start=\"1790\" data-end=\"1815\">Modulares System:<\/strong> Einfach anzupassen und zu erweitern<\/p>\n<\/li>\n<li data-start=\"1845\" data-end=\"1901\">\n<p data-start=\"1847\" data-end=\"1901\"><strong data-start=\"1847\" data-end=\"1870\">Kabellos und smart:<\/strong> Einfache Installation und Bedienung<\/p>\n<\/li>\n<li data-start=\"1902\" data-end=\"1975\">\n<p data-start=\"1904\" data-end=\"1975\"><strong data-start=\"1904\" data-end=\"1928\">Visuelle \u00dcberpr\u00fcfung:<\/strong> Drahtlose Video\u00fcberwachung f\u00fcr mehr Sicherheit<\/p>\n<\/li>\n<li data-start=\"1976\" data-end=\"2058\">\n<p data-start=\"1978\" data-end=\"2058\"><strong data-start=\"1978\" data-end=\"2001\">Eingebauter Tag-Leser:<\/strong> Zum Aktivieren oder Deaktivieren des Alarms ist kein Code erforderlich<\/p>\n<\/li>\n<li data-start=\"2059\" data-end=\"2132\">\n<p data-start=\"2061\" data-end=\"2132\"><strong data-start=\"2061\" data-end=\"2078\">Flexibilit\u00e4t:<\/strong> Kann an ver\u00e4nderte Sicherheitsanforderungen angepasst werden<\/p>\n<\/li>\n<li data-start=\"2133\" data-end=\"2225\">\n<p data-start=\"2135\" data-end=\"2225\"><strong data-start=\"2135\" data-end=\"2167\">Schutz vor Einbruch und Feuer:<\/strong> Rundumschutz f\u00fcr den Innen- und Au\u00dfenbereich<\/p>\n<\/li>\n<li data-start=\"2226\" data-end=\"2322\">\n<p data-start=\"2228\" data-end=\"2322\"><strong data-start=\"2228\" data-end=\"2251\">Einfach zu verbessern:<\/strong> Das System kann um weitere Funktionen und Ger\u00e4te erweitert werden<\/p>\n<\/li>\n<\/ul>\n<p data-start=\"2324\" data-end=\"2355\"><strong data-start=\"2324\" data-end=\"2353\">Technische Spezifikationen:<\/strong><\/p>\n<ul data-start=\"2356\" data-end=\"2671\">\n<li data-start=\"2356\" data-end=\"2384\">\n<p data-start=\"2358\" data-end=\"2384\"><strong data-start=\"2358\" data-end=\"2374\">Modulnummer:<\/strong> RMV132V<\/p>\n<\/li>\n<li data-start=\"2385\" data-end=\"2443\">\n<p data-start=\"2387\" data-end=\"2443\"><strong data-start=\"2387\" data-end=\"2419\">Artikelnummer des Lieferanten:<\/strong> RW132V \/ RW132V87E0B0<\/p>\n<\/li>\n<li data-start=\"2444\" data-end=\"2510\">\n<p data-start=\"2446\" data-end=\"2510\"><strong data-start=\"2446\" data-end=\"2467\">Schutzfunktionen:<\/strong> Einbruchschutz, Brandschutz, Alarmanlage<\/p>\n<\/li>\n<li data-start=\"2511\" data-end=\"2570\">\n<p data-start=\"2513\" data-end=\"2570\"><strong data-start=\"2513\" data-end=\"2532\">Anpassbar:<\/strong> Flexibel und mit der Zeit erweiterbar<\/p>\n<\/li>\n<li data-start=\"2571\" data-end=\"2630\">\n<p data-start=\"2573\" data-end=\"2630\"><strong data-start=\"2573\" data-end=\"2588\">Tag-Leser:<\/strong> Integriert zur Vereinfachung der Systemsteuerung<\/p>\n<\/li>\n<li data-start=\"2631\" data-end=\"2671\">\n<p data-start=\"2633\" data-end=\"2671\"><strong data-start=\"2633\" data-end=\"2644\">Design:<\/strong> Elegant und benutzerfreundlich<\/p>\n<\/li>\n<\/ul>\n<p data-start=\"2673\" data-end=\"2969\">Risco Agility4 ist eine fortschrittliche und zuverl\u00e4ssige Sicherheitsl\u00f6sung, mit der Sie Ihr Zuhause oder Ihr Unternehmen ganz einfach vor allen Arten von Risiken sch\u00fctzen k\u00f6nnen.<\/p>\n<p data-start=\"2673\" data-end=\"2969\">Durch den modularen Aufbau l\u00e4sst sich das System jederzeit an Ihre Bed\u00fcrfnisse anpassen und ist somit eine langfristige Investition in Ihre Sicherheit.<\/p>","protected":false},"excerpt":{"rendered":"<p>Risco Agility4 ist ein drahtloses und intelligentes Sicherheitssystem mit modularem Aufbau und anpassbarem Design.<\/p>\n<p>Es bietet umfassenden Schutz vor Einbruch, Feuer und anderen Sicherheitsrisiken im Innen- und Au\u00dfenbereich und kann jederzeit nach Bedarf verbessert und angepasst werden.<\/p>\n<p>Das System umfasst eine drahtlose visuelle \u00dcberpr\u00fcfung und einen integrierten Tag-Leser f\u00fcr eine bequeme Nutzung.<\/p>","protected":false},"featured_media":145680,"template":"","meta":{"_acf_changed":false},"product_brand":[],"product_cat":[4882,2731],"product_tag":[],"class_list":{"0":"post-57483","1":"product","2":"type-product","3":"status-publish","4":"has-post-thumbnail","6":"product_cat-agility-v4-3-2","7":"product_cat-risco-larm","8":"product_shipping_class-postnord-varubrev","9":"pa_brands-4risco","10":"pa_risco-produkter-agility-4","11":"tm-no-options","13":"first","14":"outofstock","15":"sale","16":"featured","17":"taxable","18":"shipping-taxable","19":"purchasable","20":"product-type-simple"},"acf":[],"_links":{"self":[{"href":"https:\/\/secureus.se\/de\/wp-json\/wp\/v2\/product\/57483","targetHints":{"allow":["GET"]}}],"collection":[{"href":"https:\/\/secureus.se\/de\/wp-json\/wp\/v2\/product"}],"about":[{"href":"https:\/\/secureus.se\/de\/wp-json\/wp\/v2\/types\/product"}],"wp:featuredmedia":[{"embeddable":true,"href":"https:\/\/secureus.se\/de\/wp-json\/wp\/v2\/media\/145680"}],"wp:attachment":[{"href":"https:\/\/secureus.se\/de\/wp-json\/wp\/v2\/media?parent=57483"}],"wp:term":[{"taxonomy":"product_brand","embeddable":true,"href":"https:\/\/secureus.se\/de\/wp-json\/wp\/v2\/product_brand?post=57483"},{"taxonomy":"product_cat","embeddable":true,"href":"https:\/\/secureus.se\/de\/wp-json\/wp\/v2\/product_cat?post=57483"},{"taxonomy":"product_tag","embeddable":true,"href":"https:\/\/secureus.se\/de\/wp-json\/wp\/v2\/product_tag?post=57483"}],"curies":[{"name":"wp","href":"https:\/\/api.w.org\/{rel}","templated":true}]}}