{"id":57485,"date":"2022-03-10T14:57:00","date_gmt":"2022-03-10T13:57:00","guid":{"rendered":"https:\/\/secureus.se\/produkt\/siren-utomhus-rws20a\/"},"modified":"2025-12-31T19:36:44","modified_gmt":"2025-12-31T18:36:44","slug":"risco-siren-2-vags-rws20a-utomhus-105db","status":"publish","type":"product","link":"https:\/\/secureus.se\/de\/risco-siren-2-vags-rws20a-utomhus-105db\/","title":{"rendered":"Risco Sirene 2-Wege RWS20A \u2013 Au\u00dfenbereich 105dB"},"content":{"rendered":"<h1>Risco Sirene 2-Wege RWS20A \u2013 Au\u00dfenbereich 105dB<\/h1>\n<p data-start=\"416\" data-end=\"761\">Die Risco 2-Wege-Sirene RWS20A (Mod. RWS20A86800) ist eine elegante und funktionale drahtlose Au\u00dfensirene, die die Signalfunktionen des Sicherheitssystems au\u00dferhalb des gesch\u00fctzten Bereichs verbessern soll.<\/p>\n<p data-start=\"416\" data-end=\"761\">Dank ihres robusten Designs und der flexiblen Installation ist diese Sirene eine ideale L\u00f6sung zur Erh\u00f6hung der Sicherheit in Au\u00dfenbereichen aller Art.<\/p>\n<p data-start=\"763\" data-end=\"1041\">Mit einem Schallpegel von 105 dB bietet der RWS20A ein kraftvolles Tonsignal, das deutlich vor Einbr\u00fcchen oder anderen Sicherheitsvorf\u00e4llen warnt.<\/p>\n<p data-start=\"763\" data-end=\"1041\">Da die Sirene vollst\u00e4ndig batteriebetrieben und drahtlos ist, l\u00e4sst sie sich einfach und ohne Verkabelung installieren, was die Installation schnell und flexibel macht.<\/p>\n<p data-start=\"1043\" data-end=\"1363\">Eine der n\u00fctzlichsten Funktionen des RWS20A ist die integrierte Voralarmfunktion.<\/p>\n<p data-start=\"1043\" data-end=\"1363\">W\u00e4hrend des Countdowns der Eingangsverz\u00f6gerung wird die Sirene aktiviert und l\u00f6st einen Voralarm aus, wenn das System vor der Aktivierung des Alarms mutwillig besch\u00e4digt wird. Damit ist die Sirene eine hervorragende Erg\u00e4nzung, um Einbr\u00fcche bereits vor der vollst\u00e4ndigen Aktivierung des Systems zu verhindern.<\/p>\n<p data-start=\"1365\" data-end=\"1588\">Der RWS20A verf\u00fcgt au\u00dferdem \u00fcber eine Squawk-Funktion, die akustische Benachrichtigungen ausgibt, wenn das System scharfgeschaltet oder unscharfgeschaltet wird.<\/p>\n<p data-start=\"1365\" data-end=\"1588\">Im Alarmfall gibt die Sirene eine spezielle 4-Klang-Benachrichtigung aus, die signalisiert, dass der Alarm ausgel\u00f6st wurde, was auf einen Einbruch hinweisen kann.<\/p>\n<p data-start=\"1590\" data-end=\"1828\">Mehrere drahtlose Sirenen k\u00f6nnen problemlos an dasselbe System angeschlossen werden, sodass die Sicherheitsl\u00f6sung je nach Gr\u00f6\u00dfe und Anforderungen des gesch\u00fctzten Bereichs angepasst werden kann.<\/p>\n<p data-start=\"1590\" data-end=\"1828\">Die Sirene ist in verschiedenen Farben erh\u00e4ltlich, um den \u00e4sthetischen Vorlieben gerecht zu werden.<\/p>\n<p data-start=\"1830\" data-end=\"1860\"><strong data-start=\"1830\" data-end=\"1858\">Haupteigenschaften:<\/strong><\/p>\n<ul data-start=\"1861\" data-end=\"2460\">\n<li data-start=\"1861\" data-end=\"1908\">\n<p data-start=\"1863\" data-end=\"1908\"><strong data-start=\"1863\" data-end=\"1878\">Volumen:<\/strong> 105 dB f\u00fcr effektive Warnung<\/p>\n<\/li>\n<li data-start=\"1909\" data-end=\"1998\">\n<p data-start=\"1911\" data-end=\"1998\"><strong data-start=\"1911\" data-end=\"1931\">Voralarmfunktion:<\/strong> Aktiviert w\u00e4hrend des Countdowns der Eingangsverz\u00f6gerung und im Falle von Vandalismus<\/p>\n<\/li>\n<li data-start=\"1999\" data-end=\"2120\">\n<p data-start=\"2001\" data-end=\"2120\"><strong data-start=\"2001\" data-end=\"2022\">Squawk-Benachrichtigung:<\/strong> Audio-Aufforderungen beim Scharf- und Unscharfschalten, einschlie\u00dflich einer 4-Klang-Aufforderung bei Alarmausl\u00f6sung<\/p>\n<\/li>\n<li data-start=\"2121\" data-end=\"2179\">\n<p data-start=\"2123\" data-end=\"2179\"><strong data-start=\"2123\" data-end=\"2141\">Batteriebetrieben:<\/strong> Komplett kabellos f\u00fcr eine einfache Installation<\/p>\n<\/li>\n<li data-start=\"2180\" data-end=\"2249\">\n<p data-start=\"2182\" data-end=\"2249\"><strong data-start=\"2182\" data-end=\"2208\">Flexible Installation:<\/strong> Einfache Platzierung ohne Verkabelung<\/p>\n<\/li>\n<li data-start=\"2250\" data-end=\"2326\">\n<p data-start=\"2252\" data-end=\"2326\"><strong data-start=\"2252\" data-end=\"2269\">Mehrere Farben:<\/strong> Erh\u00e4ltlich in verschiedenen Farben passend zur Installationsumgebung<\/p>\n<\/li>\n<li data-start=\"2327\" data-end=\"2391\">\n<p data-start=\"2329\" data-end=\"2391\"><strong data-start=\"2329\" data-end=\"2348\">Kompatibilit\u00e4t:<\/strong> Mehrere Sirenen k\u00f6nnen demselben System zugewiesen werden<\/p>\n<\/li>\n<li data-start=\"2392\" data-end=\"2460\">\n<p data-start=\"2394\" data-end=\"2460\"><strong data-start=\"2394\" data-end=\"2422\">Geeignet f\u00fcr den Au\u00dfenbereich:<\/strong> Entwickelt, um \u00e4u\u00dferen Einfl\u00fcssen standzuhalten<\/p>\n<\/li>\n<\/ul>\n<p data-start=\"2462\" data-end=\"2493\"><strong data-start=\"2462\" data-end=\"2491\">Technische Spezifikationen:<\/strong><\/p>\n<ul data-start=\"2494\" data-end=\"2761\">\n<li data-start=\"2494\" data-end=\"2520\">\n<p data-start=\"2496\" data-end=\"2520\"><strong data-start=\"2496\" data-end=\"2511\">Volumen:<\/strong> 105 dB<\/p>\n<\/li>\n<li data-start=\"2521\" data-end=\"2546\">\n<p data-start=\"2523\" data-end=\"2546\"><strong data-start=\"2523\" data-end=\"2536\">Frequenz:<\/strong> 868 MHz<\/p>\n<\/li>\n<li data-start=\"2547\" data-end=\"2586\">\n<p data-start=\"2549\" data-end=\"2586\"><strong data-start=\"2549\" data-end=\"2570\">Stromversorgung:<\/strong> Batteriebetrieben<\/p>\n<\/li>\n<li data-start=\"2587\" data-end=\"2640\">\n<p data-start=\"2589\" data-end=\"2640\"><strong data-start=\"2589\" data-end=\"2612\">Installationsmethode:<\/strong> Kabellos und batteriebetrieben<\/p>\n<\/li>\n<li data-start=\"2641\" data-end=\"2668\">\n<p data-start=\"2643\" data-end=\"2668\"><strong data-start=\"2643\" data-end=\"2663\">Squawk-Funktion:<\/strong> Ja<\/p>\n<\/li>\n<li data-start=\"2669\" data-end=\"2703\">\n<p data-start=\"2671\" data-end=\"2703\"><strong data-start=\"2671\" data-end=\"2680\">Malen:<\/strong> In verschiedenen Farben erh\u00e4ltlich<\/p>\n<\/li>\n<li data-start=\"2704\" data-end=\"2761\">\n<p data-start=\"2706\" data-end=\"2761\"><strong data-start=\"2706\" data-end=\"2738\">Artikelnummer des Lieferanten:<\/strong> RWS20A \/ RWS20A86800<\/p>\n<\/li>\n<\/ul>\n<p data-start=\"2763\" data-end=\"3016\">Die Risco 2-Wege-Sirene RWS20A ist die perfekte L\u00f6sung zur Verbesserung der Sicherheit Ihres Eigentums.<\/p>\n<p data-start=\"2763\" data-end=\"3016\">Das leistungsstarke Audiosignal und die kabellose Installation machen es sowohl effektiv als auch flexibel und bieten zus\u00e4tzlichen Schutz vor Einbruch und anderen Sicherheitsbedrohungen.<\/p>","protected":false},"excerpt":{"rendered":"<p>Die Risco 2-Wege-Sirene RWS20A ist eine batteriebetriebene drahtlose Au\u00dfensirene mit 105 dB Schallleistung und 2-Wege-Funkkommunikation.<\/p>\n<p>Es wurde zur Erweiterung der Signalisierungsm\u00f6glichkeiten im Au\u00dfenbereich entwickelt, verf\u00fcgt \u00fcber eine Voralarmfunktion und kann im Falle von Vandalismus an der Anlage aktiviert werden.<\/p>","protected":false},"featured_media":145682,"template":"","meta":{"_acf_changed":false},"product_brand":[],"product_cat":[2731,3190],"product_tag":[2266,2262,2420,3070],"class_list":{"0":"post-57485","1":"product","2":"type-product","3":"status-publish","4":"has-post-thumbnail","6":"product_cat-risco-larm","7":"product_cat-sirener-risco-larm","8":"product_tag-larmdon-blixtljus-blixtljus-i-samma-enhet","9":"product_tag-larmdon-siren-utomhus","10":"product_tag-rel-larmdonblixt","11":"product_tag-wicomm-pro-siren","12":"product_shipping_class-tunga-paket","13":"pa_brands-4risco","14":"pa_risco-produkter-agility-4","15":"pa_wicomm-pro-kategorier-sinerer","16":"tm-no-options","18":"first","19":"instock","20":"sale","21":"featured","22":"taxable","23":"shipping-taxable","24":"purchasable","25":"product-type-simple"},"acf":[],"_links":{"self":[{"href":"https:\/\/secureus.se\/de\/wp-json\/wp\/v2\/product\/57485","targetHints":{"allow":["GET"]}}],"collection":[{"href":"https:\/\/secureus.se\/de\/wp-json\/wp\/v2\/product"}],"about":[{"href":"https:\/\/secureus.se\/de\/wp-json\/wp\/v2\/types\/product"}],"wp:featuredmedia":[{"embeddable":true,"href":"https:\/\/secureus.se\/de\/wp-json\/wp\/v2\/media\/145682"}],"wp:attachment":[{"href":"https:\/\/secureus.se\/de\/wp-json\/wp\/v2\/media?parent=57485"}],"wp:term":[{"taxonomy":"product_brand","embeddable":true,"href":"https:\/\/secureus.se\/de\/wp-json\/wp\/v2\/product_brand?post=57485"},{"taxonomy":"product_cat","embeddable":true,"href":"https:\/\/secureus.se\/de\/wp-json\/wp\/v2\/product_cat?post=57485"},{"taxonomy":"product_tag","embeddable":true,"href":"https:\/\/secureus.se\/de\/wp-json\/wp\/v2\/product_tag?post=57485"}],"curies":[{"name":"wp","href":"https:\/\/api.w.org\/{rel}","templated":true}]}}