{"id":57486,"date":"2022-03-10T14:57:00","date_gmt":"2022-03-10T13:57:00","guid":{"rendered":"https:\/\/secureus.se\/produkt\/2-vags-tradlos-beyond-dual-tech-kband-detektor-med-kamera-inom-utomhus-agililty4-och-wicomm-pro\/"},"modified":"2025-10-03T12:50:19","modified_gmt":"2025-10-03T10:50:19","slug":"kameradetektor-beyond-utomhus","status":"publish","type":"product","link":"https:\/\/secureus.se\/de\/kameradetektor-beyond-utomhus\/","title":{"rendered":"Risco Kameradetektor, bidirektional drahtlos, mehr als Dual-Tech \u2013 Au\u00dfen-\/Innenbereich"},"content":{"rendered":"<h1 data-start=\"379\" data-end=\"812\">Kameradetektor jenseits des Au\u00dfenbereichs<\/h1>\n<p data-start=\"379\" data-end=\"812\">Der RISCO Beyond Outdoor-Kameradetektor wurde entwickelt, um sowohl im Innen- als auch im Au\u00dfenbereich ein hohes Ma\u00df an Sicherheit zu bieten.<\/p>\n<p data-start=\"379\" data-end=\"812\">Es verwendet eine duale Funkfrequenztechnologie f\u00fcr den Au\u00dfenbereich und eine hochwertige WDR-Kamera zur Optimierung der Bild- und Bewegungserkennung.<\/p>\n<p data-start=\"379\" data-end=\"812\">Der Detektor hat eine Reichweite von 12 Metern mit einem Sichtfeld von 90\u00ba und ist f\u00fcr hohe Genauigkeit mit zwei separaten PIR-Sensoren und einem 2-Kanal-K-Band-Mikrowellensensor ausgestattet.<\/p>\n<p data-start=\"814\" data-end=\"1071\">Es verf\u00fcgt \u00fcber eine eingebaute Tierimmunit\u00e4t bis zu einer H\u00f6he von 50 cm und einen Wurmschutz zur Verhinderung von Sabotage. Die Sway Recognition-Technologie von RISCO kann Objekte erkennen und ausschlie\u00dfen, die sich wiederholt bewegen oder schwanken, wodurch Fehlalarme vermieden werden k\u00f6nnen.<\/p>\n<p data-start=\"1073\" data-end=\"1290\">Mit einem wiederaufladbaren Akku, der mit Solarenergie betrieben wird, verl\u00e4ngert sich die Batterielebensdauer auf 6 Jahre, wenn ein zus\u00e4tzliches Solarpanel (optional) installiert wird.<\/p>\n<p data-start=\"1073\" data-end=\"1290\">Ansonsten verf\u00fcgt der Melder mit seinen 3 x CR123 3V Lithiumbatterien \u00fcber eine Batterielebensdauer von 3 Jahren.<\/p>\n<p data-start=\"1292\" data-end=\"1581\">Der Detektor verf\u00fcgt \u00fcber ein drehbares Kugelgelenk mit 180\u00b0-Drehung und einer variablen Montageh\u00f6he von 1,8 bis 2,7 Metern, mit einer optimalen H\u00f6he von 2,2 Metern f\u00fcr beste Leistung.<\/p>\n<p data-start=\"1292\" data-end=\"1581\">Es ist temperaturbest\u00e4ndig von -25 bis 65 \u00b0C und verf\u00fcgt \u00fcber die Schutzklasse IP65, sodass es auch unter rauen Au\u00dfenbedingungen best\u00e4ndig ist.<\/p>\n<p data-start=\"1583\" data-end=\"1612\"><strong data-start=\"1583\" data-end=\"1612\">Technische Spezifikationen:<\/strong><\/p>\n<ul data-start=\"1613\" data-end=\"2156\">\n<li data-start=\"1613\" data-end=\"1634\">\n<p data-start=\"1615\" data-end=\"1634\">Modell: RWX350DC800<\/p>\n<\/li>\n<li data-start=\"1635\" data-end=\"1664\">\n<p data-start=\"1637\" data-end=\"1664\">Reichweite: 12 m, 90\u00ba Sichtfeld<\/p>\n<\/li>\n<li data-start=\"1665\" data-end=\"1715\">\n<p data-start=\"1667\" data-end=\"1715\">Technologie: Dualer PIR- und K-Band-Mikrowellensensor<\/p>\n<\/li>\n<li data-start=\"1716\" data-end=\"1754\">\n<p data-start=\"1718\" data-end=\"1754\">Tierimmunit\u00e4t: Bis zu 50 cm K\u00f6rpergr\u00f6\u00dfe<\/p>\n<\/li>\n<li data-start=\"1755\" data-end=\"1814\">\n<p data-start=\"1757\" data-end=\"1814\">Schwankungserkennung: Ja (um schwankende Objekte auszuschlie\u00dfen)<\/p>\n<\/li>\n<li data-start=\"1815\" data-end=\"1887\">\n<p data-start=\"1817\" data-end=\"1887\">Batterie: Solarbetrieben wiederaufladbar + 3 x CR123 3V Lithiumbatterien<\/p>\n<\/li>\n<li data-start=\"1888\" data-end=\"1932\">\n<p data-start=\"1890\" data-end=\"1932\">Batterielebensdauer: 3 Jahre (6 Jahre mit zus\u00e4tzlichem Solarpanel)<\/p>\n<\/li>\n<li data-start=\"1933\" data-end=\"1966\">\n<p data-start=\"1935\" data-end=\"1966\">Drehbares Kugelgelenk: 180\u00b0 Drehung<\/p>\n<\/li>\n<li data-start=\"1967\" data-end=\"2023\">\n<p data-start=\"1969\" data-end=\"2023\">Montage: Variable H\u00f6he 1,8 bis 2,7 m, optimal 2,2 m<\/p>\n<\/li>\n<li data-start=\"2024\" data-end=\"2058\">\n<p data-start=\"2026\" data-end=\"2058\">Betriebstemperatur: -25 bis 65 \u00baC<\/p>\n<\/li>\n<li data-start=\"2059\" data-end=\"2077\">\n<p data-start=\"2061\" data-end=\"2077\">Umweltschutz: IP65<\/p>\n<\/li>\n<li data-start=\"2078\" data-end=\"2103\">\n<p data-start=\"2080\" data-end=\"2103\">Abmessungen: 176 x 89 x 106 mm<\/p>\n<\/li>\n<li data-start=\"2104\" data-end=\"2156\">\n<p data-start=\"2106\" data-end=\"2156\">Kompatibilit\u00e4t: Agility 5.14 und h\u00f6her, WiComm Pro, Lightsys<\/p>\n<\/li>\n<\/ul>\n<p data-start=\"2158\" data-end=\"2263\"><strong data-start=\"2158\" data-end=\"2179\">Metatitel (SEO):<\/strong><\/p>\n<div class=\"youtube-embed-wrapper\" style=\"position: relative; padding-bottom: 56.25%; padding-top: 30px; height: 0; overflow: hidden;\"><iframe style=\"position: absolute; top: 0; left: 0; width: 100%; height: 100%;\" src=\"https:\/\/www.youtube.com\/embed\/oLOfbHq0Rf0?rel=0\" width=\"640\" height=\"360\" frameborder=\"0\" allowfullscreen=\"allowfullscreen\"><\/iframe><\/div>\n<p>&nbsp;<\/p>","protected":false},"excerpt":{"rendered":"<p>Der RISCO Camera Detector Beyond Outdoor ist ein drahtloser Detektor f\u00fcr den Au\u00dfen- und Innenbereich, der eine Abdeckung von 12 m und Hochsicherheitstechnologie mit WDR-Kamera, 2-Kanal-K-Band-Mikrowellensensor und PIR-Sensoren bietet.<\/p>","protected":false},"featured_media":10974,"template":"","meta":{"_acf_changed":false},"product_brand":[],"product_cat":[2731,3191],"product_tag":[2376,2426],"class_list":{"0":"post-57486","1":"product","2":"type-product","3":"status-publish","4":"has-post-thumbnail","6":"product_cat-risco-larm","7":"product_cat-utomhusdetektorer","8":"product_tag-paket-bundle-ej-disc-rules","9":"product_tag-rel-risco","10":"product_shipping_class-postnord-varubrev","11":"pa_brands-risco-group","12":"pa_risco-produkter-agility-4","13":"pa_wicomm-pro-kategorier-kameradetektorer","14":"tm-no-options","16":"first","17":"instock","18":"sale","19":"featured","20":"taxable","21":"shipping-taxable","22":"purchasable","23":"product-type-simple"},"acf":[],"_links":{"self":[{"href":"https:\/\/secureus.se\/de\/wp-json\/wp\/v2\/product\/57486","targetHints":{"allow":["GET"]}}],"collection":[{"href":"https:\/\/secureus.se\/de\/wp-json\/wp\/v2\/product"}],"about":[{"href":"https:\/\/secureus.se\/de\/wp-json\/wp\/v2\/types\/product"}],"wp:featuredmedia":[{"embeddable":true,"href":"https:\/\/secureus.se\/de\/wp-json\/wp\/v2\/media\/10974"}],"wp:attachment":[{"href":"https:\/\/secureus.se\/de\/wp-json\/wp\/v2\/media?parent=57486"}],"wp:term":[{"taxonomy":"product_brand","embeddable":true,"href":"https:\/\/secureus.se\/de\/wp-json\/wp\/v2\/product_brand?post=57486"},{"taxonomy":"product_cat","embeddable":true,"href":"https:\/\/secureus.se\/de\/wp-json\/wp\/v2\/product_cat?post=57486"},{"taxonomy":"product_tag","embeddable":true,"href":"https:\/\/secureus.se\/de\/wp-json\/wp\/v2\/product_tag?post=57486"}],"curies":[{"name":"wp","href":"https:\/\/api.w.org\/{rel}","templated":true}]}}