{"id":57487,"date":"2022-03-10T14:57:00","date_gmt":"2022-03-10T13:57:00","guid":{"rendered":"https:\/\/secureus.se\/produkt\/siren-utomhus-rws50-tradlos-med-prg-blixtljus-och-2-vags-smart-kommunikation\/"},"modified":"2025-12-31T19:36:55","modified_gmt":"2025-12-31T18:36:55","slug":"risco-2-vags-siren-rws50-utomhus-105db","status":"publish","type":"product","link":"https:\/\/secureus.se\/de\/risco-2-vags-siren-rws50-utomhus-105db\/","title":{"rendered":"Risco 2-Wege-Sirene RWS50 \u2013 Au\u00dfen 105 dB"},"content":{"rendered":"<h1>Risco 2-Wege-Sirene RWS50 \u2013 Au\u00dfen 105 dB<\/h1>\n<p data-start=\"437\" data-end=\"766\">Die Risco 2-Wege-Sirene RWS50 (Mod. RWS50R86800) ist eine fortschrittliche drahtlose Au\u00dfensirene, die die Sicherheit Ihres Agility\u2122-, WiComm Pro- oder Wisdom-Systems verbessern soll.<\/p>\n<p data-start=\"437\" data-end=\"766\">Mit einer beeindruckenden Lautst\u00e4rke von 105 dB und einer integrierten Voralarmfunktion warnt diese Sirene zuverl\u00e4ssig vor Einbruchsversuchen und Sabotage der Anlage.<\/p>\n<p data-start=\"768\" data-end=\"1049\">Die drahtlose Sirene wird mit Batterien betrieben und ben\u00f6tigt keinen externen Transformator, was die Installation einfach und flexibel macht. Die Sirene ist au\u00dferdem mit einer programmierbaren Blinkfunktion ausgestattet, die den Alarmzustand optisch kennzeichnet und an unterschiedliche Bed\u00fcrfnisse und Umgebungen angepasst werden kann.<\/p>\n<p data-start=\"1051\" data-end=\"1330\">Eine der n\u00fctzlichsten Funktionen des RWS50 ist die integrierte Voralarmfunktion, die die Sirene aktiviert, wenn w\u00e4hrend der Eingangsverz\u00f6gerung am System manipuliert wird.<\/p>\n<p data-start=\"1051\" data-end=\"1330\">Dies bietet zus\u00e4tzlichen Schutz vor Sabotage und erm\u00f6glicht es, bei Manipulationen am System sofort gewarnt zu werden.<\/p>\n<p data-start=\"1332\" data-end=\"1706\">Die Sirene verf\u00fcgt \u00fcber eine 2-Wege-Funkkommunikation, die kontinuierlich Manipulation, Batteriespannung und Eingangsverz\u00f6gerung \u00fcberwacht und sicherstellt, dass der Benutzer Echtzeitinformationen \u00fcber den Status des Systems erh\u00e4lt.<\/p>\n<p data-start=\"1332\" data-end=\"1706\">Mit einer Batterielebensdauer von bis zu 3 Jahren und der Schutzart IP44 f\u00fcr den Au\u00dfeneinsatz ist der RWS50 eine zuverl\u00e4ssige und langlebige L\u00f6sung f\u00fcr Sicherheitsanforderungen bei allen Wetterbedingungen.<\/p>\n<p data-start=\"1708\" data-end=\"1738\"><strong data-start=\"1708\" data-end=\"1736\">Haupteigenschaften:<\/strong><\/p>\n<ul data-start=\"1739\" data-end=\"2361\">\n<li data-start=\"1739\" data-end=\"1798\">\n<p data-start=\"1741\" data-end=\"1798\"><strong data-start=\"1741\" data-end=\"1756\">Volumen:<\/strong> 105 dB (einstellbar) f\u00fcr effektive Warnung<\/p>\n<\/li>\n<li data-start=\"1799\" data-end=\"1895\">\n<p data-start=\"1801\" data-end=\"1895\"><strong data-start=\"1801\" data-end=\"1821\">Voralarmfunktion:<\/strong> Wird bei Manipulation oder Sabotage w\u00e4hrend der Eingangsverz\u00f6gerung aktiviert<\/p>\n<\/li>\n<li data-start=\"1896\" data-end=\"1965\">\n<p data-start=\"1898\" data-end=\"1965\"><strong data-start=\"1898\" data-end=\"1912\">Taschenlampe:<\/strong> Programmierbares Blitzlicht zur sichtbaren Alarmanzeige<\/p>\n<\/li>\n<li data-start=\"1966\" data-end=\"2097\">\n<p data-start=\"1968\" data-end=\"2097\"><strong data-start=\"1968\" data-end=\"1986\">Batteriebetrieben:<\/strong> Ben\u00f6tigt keine externen Transformatoren, wird mit 3 CR123 3V Lithiumbatterien geliefert (typische Batterielebensdauer 3 Jahre)<\/p>\n<\/li>\n<li data-start=\"2098\" data-end=\"2187\">\n<p data-start=\"2100\" data-end=\"2187\"><strong data-start=\"2100\" data-end=\"2130\">2-Wege-Funkkommunikation:<\/strong> Kontinuierliche \u00dcberwachung von Manipulationen und Batteriestatus<\/p>\n<\/li>\n<li data-start=\"2188\" data-end=\"2230\">\n<p data-start=\"2190\" data-end=\"2230\"><strong data-start=\"2190\" data-end=\"2209\">Schutzart IP44:<\/strong> H\u00e4lt Au\u00dfenbedingungen stand<\/p>\n<\/li>\n<li data-start=\"2231\" data-end=\"2273\">\n<p data-start=\"2233\" data-end=\"2273\"><strong data-start=\"2233\" data-end=\"2254\">Temperaturbereich:<\/strong> -25\u00b0C bis +60\u00b0C<\/p>\n<\/li>\n<li data-start=\"2274\" data-end=\"2361\">\n<p data-start=\"2276\" data-end=\"2361\"><strong data-start=\"2276\" data-end=\"2299\">Einfache Installation:<\/strong> Batteriebetrieben und kabellos f\u00fcr eine schnelle und flexible Installation<\/p>\n<\/li>\n<\/ul>\n<p data-start=\"2363\" data-end=\"2394\"><strong data-start=\"2363\" data-end=\"2392\">Technische Spezifikationen:<\/strong><\/p>\n<ul data-start=\"2395\" data-end=\"2915\">\n<li data-start=\"2395\" data-end=\"2496\">\n<p data-start=\"2397\" data-end=\"2496\"><strong data-start=\"2397\" data-end=\"2418\">Stromversorgung:<\/strong> 5 x CR123, 3 V Lithiumbatterien (3 Batterien f\u00fcr das System, 2 f\u00fcr die Signalisierung)<\/p>\n<\/li>\n<li data-start=\"2497\" data-end=\"2545\">\n<p data-start=\"2499\" data-end=\"2545\"><strong data-start=\"2499\" data-end=\"2514\">Volumen:<\/strong> 105 dB @ 1 Meter (einstellbar)<\/p>\n<\/li>\n<li data-start=\"2546\" data-end=\"2594\">\n<p data-start=\"2548\" data-end=\"2594\"><strong data-start=\"2548\" data-end=\"2566\">Blitzfrequenz:<\/strong> 60 Mal pro Minute (maximal)<\/p>\n<\/li>\n<li data-start=\"2595\" data-end=\"2630\">\n<p data-start=\"2597\" data-end=\"2630\"><strong data-start=\"2597\" data-end=\"2610\">Frequenz:<\/strong> 868 MHz \/ 433 MHz<\/p>\n<\/li>\n<li data-start=\"2631\" data-end=\"2679\">\n<p data-start=\"2633\" data-end=\"2679\"><strong data-start=\"2633\" data-end=\"2646\">Umfang:<\/strong> 150 Meter (492 Fu\u00df) Sichtlinie<\/p>\n<\/li>\n<li data-start=\"2680\" data-end=\"2740\">\n<p data-start=\"2682\" data-end=\"2740\"><strong data-start=\"2682\" data-end=\"2703\">Temperaturbereich:<\/strong> -25 \u00b0C bis +60 \u00b0C (-4 \u00b0F bis 140 \u00b0F)<\/p>\n<\/li>\n<li data-start=\"2741\" data-end=\"2764\">\n<p data-start=\"2743\" data-end=\"2764\"><strong data-start=\"2743\" data-end=\"2756\">IP-Klasse:<\/strong> IP44<\/p>\n<\/li>\n<li data-start=\"2765\" data-end=\"2827\">\n<p data-start=\"2767\" data-end=\"2827\"><strong data-start=\"2767\" data-end=\"2783\">Abmessungen:<\/strong> 300 x 325 x 70 mm (11,8 x 12,8 x 2,8 Zoll)<\/p>\n<\/li>\n<li data-start=\"2828\" data-end=\"2868\">\n<p data-start=\"2830\" data-end=\"2868\"><strong data-start=\"2830\" data-end=\"2861\">Gewicht (inkl. Batterien):<\/strong> 1 kg<\/p>\n<\/li>\n<li data-start=\"2869\" data-end=\"2915\">\n<p data-start=\"2871\" data-end=\"2915\"><strong data-start=\"2871\" data-end=\"2903\">Artikelnummer des Lieferanten:<\/strong> RWS50R86800<\/p>\n<\/li>\n<\/ul>\n<p data-start=\"2917\" data-end=\"3134\">Die Risco 2-Wege-Sirene RWS50 ist die perfekte L\u00f6sung zur Verbesserung der Sicherheit im Au\u00dfenbereich mit einem starken Tonsignal, einer Voralarmfunktion und drahtloser Kommunikation und wird so zu einem zuverl\u00e4ssigen Teil Ihres Sicherheitssystems.<\/p>","protected":false},"excerpt":{"rendered":"<p>Die Risco 2-Wege-Sirene RWS50 ist eine batteriebetriebene drahtlose Au\u00dfensirene mit 105 dB Schallpegel und 2-Wege-Funkkommunikation.<\/p>\n<p>Es verf\u00fcgt \u00fcber eine Voralarmfunktion f\u00fcr erh\u00f6hte Sicherheit bei Manipulation und Sabotage der Anlage und ist ohne Transformator einfach zu installieren.<\/p>","protected":false},"featured_media":145460,"template":"","meta":{"_acf_changed":false},"product_brand":[],"product_cat":[2731,3190],"product_tag":[3152,2266,2262,2420,3070],"class_list":{"0":"post-57487","1":"product","2":"type-product","3":"status-publish","4":"has-post-thumbnail","6":"product_cat-risco-larm","7":"product_cat-sirener-risco-larm","8":"product_tag-cr123-tillbehor","9":"product_tag-larmdon-blixtljus-blixtljus-i-samma-enhet","10":"product_tag-larmdon-siren-utomhus","11":"product_tag-rel-larmdonblixt","12":"product_tag-wicomm-pro-siren","13":"product_shipping_class-postnord-varubrev","14":"pa_brands-4risco","15":"pa_risco-produkter-agility-2","16":"pa_risco-produkter-agility-3","17":"pa_risco-produkter-agility-4","18":"pa_wicomm-pro-kategorier-sinerer","19":"tm-no-options","21":"first","22":"instock","23":"sale","24":"featured","25":"taxable","26":"shipping-taxable","27":"purchasable","28":"product-type-simple"},"acf":[],"_links":{"self":[{"href":"https:\/\/secureus.se\/de\/wp-json\/wp\/v2\/product\/57487","targetHints":{"allow":["GET"]}}],"collection":[{"href":"https:\/\/secureus.se\/de\/wp-json\/wp\/v2\/product"}],"about":[{"href":"https:\/\/secureus.se\/de\/wp-json\/wp\/v2\/types\/product"}],"wp:featuredmedia":[{"embeddable":true,"href":"https:\/\/secureus.se\/de\/wp-json\/wp\/v2\/media\/145460"}],"wp:attachment":[{"href":"https:\/\/secureus.se\/de\/wp-json\/wp\/v2\/media?parent=57487"}],"wp:term":[{"taxonomy":"product_brand","embeddable":true,"href":"https:\/\/secureus.se\/de\/wp-json\/wp\/v2\/product_brand?post=57487"},{"taxonomy":"product_cat","embeddable":true,"href":"https:\/\/secureus.se\/de\/wp-json\/wp\/v2\/product_cat?post=57487"},{"taxonomy":"product_tag","embeddable":true,"href":"https:\/\/secureus.se\/de\/wp-json\/wp\/v2\/product_tag?post=57487"}],"curies":[{"name":"wp","href":"https:\/\/api.w.org\/{rel}","templated":true}]}}