{"id":57488,"date":"2022-03-10T14:57:00","date_gmt":"2022-03-10T13:57:00","guid":{"rendered":"https:\/\/secureus.se\/produkt\/magnetkontakt-rwx73f-med-multifunktion-agililty3-4-och-wicomm\/"},"modified":"2025-12-31T19:42:37","modified_gmt":"2025-12-31T18:42:37","slug":"risco-2-vags-magnetkontakt-med-no-nc-plint","status":"publish","type":"product","link":"https:\/\/secureus.se\/de\/risco-2-vags-magnetkontakt-med-no-nc-plint\/","title":{"rendered":"Risco 2-Wege-Magnetkontakt mit NO\/NC-Klemme"},"content":{"rendered":"<h1>Risco 2-Wege-Magnetkontakt mit NO\/NC-Klemme<\/h1>\n<p>Der Magnetkontakt RWX73F Agililty Wicomm Pro ist ein 2-Wege-Multifunktionssender, der sich ideal f\u00fcr den kabellosen Schutz von T\u00fcren\/Fenstern in Privathaushalten und kleinen Unternehmen eignet.<\/p>\n<p>Der RWX73F ist ein kosteng\u00fcnstiger Sender, der einen Magnet-\/T\u00fcrkontakt mit 2 separaten Kan\u00e4len f\u00fcr zwei separate Eing\u00e4nge kombiniert.<\/p>\n<p>Durch die Verwendung zweier separater Kan\u00e4le kann der RWX73F zwei separate Anwendungen bedienen; Perimeterschutz f\u00fcr T\u00fcren und Fenster bei Anschluss an einen einzelnen Kanal und einen weiteren Sensor f\u00fcr den anderen Kanal.<\/p>\n<p>Jeder Kanal kann an kabelgebundene Magnetkontakte oder an andere Detektoren angeschlossen werden, die f\u00fcr verschiedene Kontroll- oder Sicherheitsanwendungen verwendet werden k\u00f6nnen.<\/p>\n<p>Der Magnetkontakt RWX73F Agililty Wicomm Pro dient zum Schutz von z. B. T\u00fcren und Fenstern und widersteht allen Versuchen, den Melder mit externen Magneten zu manipulieren.<\/p>\n<p>Der RWX73F funktioniert mit den 2-Wege-Funk- und Hybridsystemen der RISCO Group.<\/p>\n<p>Der Magnetkontakt RWX73F Agililty Wicomm Pro ist mit einer einfachen Halterung an der Wand einfach zu installieren und mit der Fernkonfigurationssoftware von RISCO einfach zu programmieren.<\/p>\n<p id=\"tw-target-text\" class=\"tw-data-text tw-text-large tw-ta\" dir=\"ltr\" data-placeholder=\"Translation\" data-ved=\"2ahUKEwi6ot3F2L6DAxWBaqQEHbtQCksQ3ewLegQIARAQ\"><span style=\"text-decoration: underline\"><strong>Merkmale:<\/strong><\/span><br \/>\nKommunikation: Zweiseitig<br \/>\nVollst\u00e4ndig \u00fcberwacht<br \/>\nEingebauter Magnetkontakt<br \/>\nSelektive Eingangsreaktionszeit angepasst an kabelgebundene Sensoren (schnell f\u00fcr Sto\u00dfsensoren, langsam f\u00fcr Magnetschalter)<br \/>\nReichweite: bis zu 300 m (im Freien)<br \/>\nSelektiver Eingangsabschluss (NO, NC, DEOL) f\u00fcr universelle Steuerfunktion<br \/>\nSicherheitsschutz f\u00fcr R\u00fcckseite und Deckel<br \/>\nSicherheitsschutz gegen Sabotage<br \/>\nZwei Kan\u00e4le werden im System als separate Zonen mit selektiver Funktionalit\u00e4t (Universal- oder Rollladenschutz) erkannt.<br \/>\nZur Verl\u00e4ngerung der Batterielebensdauer k\u00f6nnen Ereignisse alle 2,5 Minuten gesendet werden<br \/>\nKompatibel mit RISCO-Funk- und Hybridsystemen<\/p>\n<p><strong>Magnetkontakt RWX73F Agililty Wicomm Pro Multifunktions-Lieferantenteilenummer<\/strong>: <span class=\"sku_wrapper\"><span class=\"sku\">RWX73M86800D<\/span><\/span><\/p>\n<h4>Erfahren Sie mehr \u00fcber WiComm Pro und diese Funktionen!<\/h4>\n<p><a href=\"https:\/\/www.riscogroup.com\/products\/product\/52708\" target=\"_blank\" rel=\"noopener\">Hier k\u00f6nnen Sie mehr \u00fcber WiCom Pro auf der Website der Risco Group lesen\u00a0<\/a><\/p>\n<p><iframe title=\"Wicomm Smart Hub US\" width=\"1170\" height=\"658\" src=\"https:\/\/www.youtube.com\/embed\/5PHoH2dRjEs?feature=oembed\" frameborder=\"0\" allow=\"accelerometer; autoplay; clipboard-write; encrypted-media; gyroscope; picture-in-picture; web-share\" referrerpolicy=\"strict-origin-when-cross-origin\" allowfullscreen><\/iframe><\/p>","protected":false},"excerpt":{"rendered":"<p>Der Risco 2-Wege-Magnetkontakt RWX73F f\u00fcr Agility und WiComm Pro ist ein Multifunktionssender, der kabellosen Schutz f\u00fcr T\u00fcren und Fenster bietet.<\/p>\n<p>Mit zwei separaten Kan\u00e4len f\u00fcr unterschiedliche Anwendungen bietet dieser Magnetkontakt Flexibilit\u00e4t und Sicherheit sowohl f\u00fcr Privathaushalte als auch f\u00fcr kleine Unternehmen. Einfache Installation und Kompatibilit\u00e4t mit drahtlosen und Hybridsystemen von Risco.<\/p>","protected":false},"featured_media":145404,"template":"","meta":{"_acf_changed":false},"product_brand":[],"product_cat":[2731,3188,1324],"product_tag":[2426],"class_list":{"0":"post-57488","1":"product","2":"type-product","3":"status-publish","4":"has-post-thumbnail","6":"product_cat-risco-larm","7":"product_cat-larmenheter-risco-larm","8":"product_cat-outlet","9":"product_tag-rel-risco","10":"product_shipping_class-postnord-varubrev","11":"pa_brands-4risco","12":"pa_risco-produkter-agility-3","13":"pa_risco-produkter-agility-4","14":"pa_wicomm-pro-kategorier-magnetkontakter","15":"tm-no-options","17":"first","18":"instock","19":"sale","20":"featured","21":"taxable","22":"shipping-taxable","23":"purchasable","24":"product-type-simple"},"acf":[],"_links":{"self":[{"href":"https:\/\/secureus.se\/de\/wp-json\/wp\/v2\/product\/57488","targetHints":{"allow":["GET"]}}],"collection":[{"href":"https:\/\/secureus.se\/de\/wp-json\/wp\/v2\/product"}],"about":[{"href":"https:\/\/secureus.se\/de\/wp-json\/wp\/v2\/types\/product"}],"wp:featuredmedia":[{"embeddable":true,"href":"https:\/\/secureus.se\/de\/wp-json\/wp\/v2\/media\/145404"}],"wp:attachment":[{"href":"https:\/\/secureus.se\/de\/wp-json\/wp\/v2\/media?parent=57488"}],"wp:term":[{"taxonomy":"product_brand","embeddable":true,"href":"https:\/\/secureus.se\/de\/wp-json\/wp\/v2\/product_brand?post=57488"},{"taxonomy":"product_cat","embeddable":true,"href":"https:\/\/secureus.se\/de\/wp-json\/wp\/v2\/product_cat?post=57488"},{"taxonomy":"product_tag","embeddable":true,"href":"https:\/\/secureus.se\/de\/wp-json\/wp\/v2\/product_tag?post=57488"}],"curies":[{"name":"wp","href":"https:\/\/api.w.org\/{rel}","templated":true}]}}