{"id":57489,"date":"2022-03-10T14:57:00","date_gmt":"2022-03-10T13:57:00","guid":{"rendered":"https:\/\/secureus.se\/produkt\/larmknapp-armband-t51p-vattentat-och-levereras-med-armband-halsband\/"},"modified":"2025-12-31T19:37:05","modified_gmt":"2025-12-31T18:37:05","slug":"risco-nodknapp-t51p-endast-till-risco-system","status":"publish","type":"product","link":"https:\/\/secureus.se\/de\/risco-nodknapp-t51p-endast-till-risco-system\/","title":{"rendered":"Risco Notruftaste T51P nur f\u00fcr Risco System"},"content":{"rendered":"<h1>Risco Notruftaste T51P nur f\u00fcr Risco System<\/h1>\n<p data-start=\"386\" data-end=\"721\">Der Risco-Notrufknopf T51P (Mod. RWT51P80000) ist ein praktischer und zuverl\u00e4ssiger drahtloser Alarmknopf, der f\u00fcr die Verwendung mit den Risco-Systemen Agility\u2122 und Wisdom entwickelt wurde.<\/p>\n<p data-start=\"386\" data-end=\"721\">Es eignet sich perfekt zum Aktivieren von Notfall- oder Sicherheitsalarmen durch einfaches Dr\u00fccken und ist daher ideal f\u00fcr Benutzer, die schnell und einfach Hilfe anfordern m\u00f6chten.<\/p>\n<p data-start=\"723\" data-end=\"1001\">Der Knopf ist mit der Schutzart IP67 wasserfest und somit auch in feuchten Umgebungen oder im Freien langlebig und sicher zu verwenden.<\/p>\n<p data-start=\"723\" data-end=\"1001\">Es wird sowohl mit einem Armband als auch mit einer Halskette geliefert, sodass der Benutzer es so tragen kann, wie es ihm am besten passt \u2013 um das Handgelenk oder den Hals.<\/p>\n<p data-start=\"1003\" data-end=\"1374\">Mit kontinuierlicher Batteriespannungs\u00fcberwachung und einer langen Batterielebensdauer von bis zu 3 Jahren (dank der mitgelieferten CR2430-Lithiumbatterie) ist das T51P eine zuverl\u00e4ssige L\u00f6sung f\u00fcr Notsituationen.<\/p>\n<p data-start=\"1003\" data-end=\"1374\">Wenn die Taste gedr\u00fcckt wird, sendet sie ein Signal an das Bedienfeld, um einen Notruf oder eine andere Aktion auszul\u00f6sen. Dadurch ist sie bei Bedarf sowohl effektiv als auch einfach zu verwenden.<\/p>\n<p data-start=\"1376\" data-end=\"1406\"><strong data-start=\"1376\" data-end=\"1404\">Haupteigenschaften:<\/strong><\/p>\n<ul data-start=\"1407\" data-end=\"2036\">\n<li data-start=\"1407\" data-end=\"1473\">\n<p data-start=\"1409\" data-end=\"1473\"><strong data-start=\"1409\" data-end=\"1433\">Single-Touch-Funktion:<\/strong> Aktivieren Sie den Notfallalarm mit einem einfachen Fingertipp<\/p>\n<\/li>\n<li data-start=\"1474\" data-end=\"1537\">\n<p data-start=\"1476\" data-end=\"1537\"><strong data-start=\"1476\" data-end=\"1492\">Wasserfest:<\/strong> Schutzart IP67 f\u00fcr den Einsatz in allen Umgebungen<\/p>\n<\/li>\n<li data-start=\"1538\" data-end=\"1619\">\n<p data-start=\"1540\" data-end=\"1619\"><strong data-start=\"1540\" data-end=\"1566\">Lange Akkulaufzeit:<\/strong> Bis zu 3 Jahre Nutzungsdauer mit CR2430 Lithiumbatterie<\/p>\n<\/li>\n<li data-start=\"1620\" data-end=\"1701\">\n<p data-start=\"1622\" data-end=\"1701\"><strong data-start=\"1622\" data-end=\"1634\">Kabellos:<\/strong> Einfache Installation und Verwendung mit Agility\u2122- und Wisdom-Systemen<\/p>\n<\/li>\n<li data-start=\"1702\" data-end=\"1787\">\n<p data-start=\"1704\" data-end=\"1787\"><strong data-start=\"1704\" data-end=\"1743\">Wird mit Armband und Halskette geliefert:<\/strong> Flexibilit\u00e4t, den Knopf so zu tragen, wie Sie m\u00f6chten<\/p>\n<\/li>\n<li data-start=\"1788\" data-end=\"1877\">\n<p data-start=\"1790\" data-end=\"1877\"><strong data-start=\"1790\" data-end=\"1826\">Kontinuierliche Batterie\u00fcberwachung:<\/strong> Beh\u00e4lt den Batteriestatus im Auge und weist auf einen Austausch hin<\/p>\n<\/li>\n<li data-start=\"1878\" data-end=\"1944\">\n<p data-start=\"1880\" data-end=\"1944\"><strong data-start=\"1880\" data-end=\"1899\">Kompatibilit\u00e4t:<\/strong> Funktioniert mit allen Funksystemen der Risco Group<\/p>\n<\/li>\n<li data-start=\"1945\" data-end=\"2036\">\n<p data-start=\"1947\" data-end=\"2036\"><strong data-start=\"1947\" data-end=\"1964\">Zoneneinteilung:<\/strong> Kann zur besseren Verwaltung einer bestimmten Zone auf dem Bedienfeld zugewiesen werden<\/p>\n<\/li>\n<\/ul>\n<p data-start=\"2038\" data-end=\"2069\"><strong data-start=\"2038\" data-end=\"2067\">Technische Spezifikationen:<\/strong><\/p>\n<ul data-start=\"2070\" data-end=\"2417\">\n<li data-start=\"2070\" data-end=\"2095\">\n<p data-start=\"2072\" data-end=\"2095\"><strong data-start=\"2072\" data-end=\"2085\">Frequenz:<\/strong> 868 MHz<\/p>\n<\/li>\n<li data-start=\"2096\" data-end=\"2162\">\n<p data-start=\"2098\" data-end=\"2162\"><strong data-start=\"2098\" data-end=\"2110\">Batterie:<\/strong> CR2430 Lithiumbatterie (im Lieferumfang enthalten), max. 3 Jahre Lebensdauer<\/p>\n<\/li>\n<li data-start=\"2163\" data-end=\"2196\">\n<p data-start=\"2165\" data-end=\"2196\"><strong data-start=\"2165\" data-end=\"2181\">Wasserfest:<\/strong> Schutzart IP67<\/p>\n<\/li>\n<li data-start=\"2197\" data-end=\"2236\">\n<p data-start=\"2199\" data-end=\"2236\"><strong data-start=\"2199\" data-end=\"2208\">Messen:<\/strong> Kompakt und leicht zu tragen<\/p>\n<\/li>\n<li data-start=\"2237\" data-end=\"2285\">\n<p data-start=\"2239\" data-end=\"2285\"><strong data-start=\"2239\" data-end=\"2271\">Artikelnummer des Lieferanten:<\/strong> RWT51P80000<\/p>\n<\/li>\n<li data-start=\"2286\" data-end=\"2338\">\n<p data-start=\"2288\" data-end=\"2338\"><strong data-start=\"2288\" data-end=\"2307\">Kompatibilit\u00e4t:<\/strong> Die Systeme Agility\u2122 und Wisdom<\/p>\n<\/li>\n<li data-start=\"2339\" data-end=\"2417\">\n<p data-start=\"2341\" data-end=\"2417\"><strong data-start=\"2341\" data-end=\"2356\">Verbindung:<\/strong> Kabellos, einfache Zuordnung zu einer Zone auf dem Bedienfeld<\/p>\n<\/li>\n<\/ul>\n<p data-start=\"2419\" data-end=\"2612\">Der Risco-Notrufknopf T51P bietet eine effektive und flexible L\u00f6sung zum schnellen und einfachen Aktivieren von Not- oder Sicherheitsalarmen und gibt Benutzern in kritischen Situationen Sicherheit und Seelenfrieden.<\/p>","protected":false},"excerpt":{"rendered":"<p>Der Risco-Notrufknopf T51P ist ein drahtloser Alarmknopf f\u00fcr Agility\u2122- und Wisdom-Systeme.<\/p>\n<p>Es aktiviert Notfallalarme mit einer einzigen Druckfunktion und wird mit einem Armband und einer Halskette geliefert.<\/p>\n<p>Wasserfest (IP67) und mit einer Batterielebensdauer von bis zu 3 Jahren.<\/p>","protected":false},"featured_media":145466,"template":"","meta":{"_acf_changed":false},"product_brand":[],"product_cat":[2731,4881],"product_tag":[],"class_list":{"0":"post-57489","1":"product","2":"type-product","3":"status-publish","4":"has-post-thumbnail","6":"product_cat-risco-larm","7":"product_cat-overfallslarm-fjarrkontroll","8":"product_shipping_class-postnord-varubrev","9":"pa_brands-4risco","10":"pa_risco-produkter-agility-2","11":"pa_risco-produkter-agility-3","12":"pa_risco-produkter-agility-4","13":"tm-no-options","15":"first","16":"instock","17":"sale","18":"featured","19":"taxable","20":"shipping-taxable","21":"purchasable","22":"product-type-simple"},"acf":[],"_links":{"self":[{"href":"https:\/\/secureus.se\/de\/wp-json\/wp\/v2\/product\/57489","targetHints":{"allow":["GET"]}}],"collection":[{"href":"https:\/\/secureus.se\/de\/wp-json\/wp\/v2\/product"}],"about":[{"href":"https:\/\/secureus.se\/de\/wp-json\/wp\/v2\/types\/product"}],"wp:featuredmedia":[{"embeddable":true,"href":"https:\/\/secureus.se\/de\/wp-json\/wp\/v2\/media\/145466"}],"wp:attachment":[{"href":"https:\/\/secureus.se\/de\/wp-json\/wp\/v2\/media?parent=57489"}],"wp:term":[{"taxonomy":"product_brand","embeddable":true,"href":"https:\/\/secureus.se\/de\/wp-json\/wp\/v2\/product_brand?post=57489"},{"taxonomy":"product_cat","embeddable":true,"href":"https:\/\/secureus.se\/de\/wp-json\/wp\/v2\/product_cat?post=57489"},{"taxonomy":"product_tag","embeddable":true,"href":"https:\/\/secureus.se\/de\/wp-json\/wp\/v2\/product_tag?post=57489"}],"curies":[{"name":"wp","href":"https:\/\/api.w.org\/{rel}","templated":true}]}}