{"id":57491,"date":"2022-03-10T14:57:00","date_gmt":"2022-03-10T13:57:00","guid":{"rendered":"https:\/\/secureus.se\/produkt\/ridadetektor-x106-inomhus-och-3-6-meters-rackvidd\/"},"modified":"2025-12-31T19:41:21","modified_gmt":"2025-12-31T18:41:21","slug":"risco-ridadetektor-inomhus-2-vags","status":"publish","type":"product","link":"https:\/\/secureus.se\/de\/risco-ridadetektor-inomhus-2-vags\/","title":{"rendered":"Risco Vorhangmelder Innen 2-Wege"},"content":{"rendered":"<h1>Risco Vorhangmelder Innen 2-Wege<\/h1>\n<p data-start=\"346\" data-end=\"673\">Der Risco Curtain Detector X106 (Mod. RWX10680000) ist ein leistungsstarker passiver Infrarot-Vorhangdetektor (PIR), der f\u00fcr den Einsatz in Wohn- und Gesch\u00e4ftsumgebungen konzipiert ist.<\/p>\n<p data-start=\"346\" data-end=\"673\">Es wurde speziell zum Schutz von Fenstern und gro\u00dfen Glast\u00fcren entwickelt, indem es eine unsichtbare Barriere bildet, die Bewegungen in einem Umkreis von 3 bis 6 Metern erkennt.<\/p>\n<p data-start=\"675\" data-end=\"1087\">Eines der beeindruckendsten Merkmale des X106 ist die einzigartige Sonnenschutztechnologie, die den Melder immun gegen Sonnen- und Scheinwerferstrahlen macht, die bei anderen Meldertypen sonst h\u00e4ufig zu Fehlalarmen f\u00fchren.<\/p>\n<p data-start=\"675\" data-end=\"1087\">Die echte Temperaturkompensation stellt sicher, dass der Detektor auch unter unterschiedlichen Temperaturbedingungen effizient arbeitet, was ihn zu einer zuverl\u00e4ssigen Wahl f\u00fcr alle Arten von Umgebungen macht.<\/p>\n<p data-start=\"1089\" data-end=\"1326\">Die Montage des X106 ist kinderleicht, entweder direkt an der Wand oder mit der mitgelieferten 90\u00b0-Halterung, mit der Sie den Montagewinkel individuell anpassen k\u00f6nnen.<\/p>\n<p data-start=\"1089\" data-end=\"1326\">Die Montageh\u00f6he kann bis zu 3 Meter betragen, was Flexibilit\u00e4t bei der Installation bietet.<\/p>\n<p data-start=\"1328\" data-end=\"1667\">Mit einer Frequenz von 868 MHz und Kompatibilit\u00e4t mit unidirektionalen und bidirektionalen RISCO-Funksystemen ist der X106 eine ideale L\u00f6sung, um eine zus\u00e4tzliche Sicherheitsebene in Ihrem Zuhause oder Unternehmen zu schaffen.<\/p>\n<p data-start=\"1328\" data-end=\"1667\">Der Detektor wird von einer CR123 3V-Lithiumbatterie (im Lieferumfang enthalten) betrieben und verf\u00fcgt \u00fcber eine Batterielebensdauer, die ihn sowohl praktisch als auch kosteng\u00fcnstig macht.<\/p>\n<p data-start=\"1669\" data-end=\"1699\"><strong data-start=\"1669\" data-end=\"1697\">Haupteigenschaften:<\/strong><\/p>\n<ul data-start=\"1700\" data-end=\"2407\">\n<li data-start=\"1700\" data-end=\"1770\">\n<p data-start=\"1702\" data-end=\"1770\"><strong data-start=\"1702\" data-end=\"1715\">Umfang:<\/strong> 3\u20136 Meter, ideal f\u00fcr Fenster und gro\u00dfe Glast\u00fcren<\/p>\n<\/li>\n<li data-start=\"1771\" data-end=\"1867\">\n<p data-start=\"1773\" data-end=\"1867\"><strong data-start=\"1773\" data-end=\"1793\">Sonnenschutztechnik:<\/strong> Unempfindlich gegen\u00fcber Sonnenlicht und Scheinwerferlicht, um Fehlalarme zu reduzieren<\/p>\n<\/li>\n<li data-start=\"1868\" data-end=\"1965\">\n<p data-start=\"1870\" data-end=\"1965\"><strong data-start=\"1870\" data-end=\"1905\">Echte Temperaturkompensation:<\/strong> F\u00fcr zuverl\u00e4ssige Leistung unter verschiedenen Temperaturbedingungen<\/p>\n<\/li>\n<li data-start=\"1966\" data-end=\"2065\">\n<p data-start=\"1968\" data-end=\"2065\"><strong data-start=\"1968\" data-end=\"1991\">Einfache Installation:<\/strong> Wandmontage mit mitgelieferter 90\u00b0-Halterung, Montageh\u00f6he bis zu 3 Meter<\/p>\n<\/li>\n<li data-start=\"2066\" data-end=\"2167\">\n<p data-start=\"2068\" data-end=\"2167\"><strong data-start=\"2068\" data-end=\"2080\">Kabellos:<\/strong> Verwendet eine Frequenz von 868 MHz, kompatibel mit unidirektionalen und bidirektionalen RISCO\u2122-Systemen<\/p>\n<\/li>\n<li data-start=\"2168\" data-end=\"2253\">\n<p data-start=\"2170\" data-end=\"2253\"><strong data-start=\"2170\" data-end=\"2196\">Lange Akkulaufzeit:<\/strong> CR123 3V Lithiumbatterie (im Lieferumfang enthalten) mit langer Betriebsdauer<\/p>\n<\/li>\n<li data-start=\"2254\" data-end=\"2314\">\n<p data-start=\"2256\" data-end=\"2314\"><strong data-start=\"2256\" data-end=\"2275\">Kompatibilit\u00e4t:<\/strong> Funktioniert mit allen RISCO\u2122-Funksystemen<\/p>\n<\/li>\n<li data-start=\"2315\" data-end=\"2407\">\n<p data-start=\"2317\" data-end=\"2407\"><strong data-start=\"2317\" data-end=\"2336\">Kompaktes Design:<\/strong> Geringe Abmessungen (31,5 x 35 x 98,5 mm) f\u00fcr eine einfache Integration in verschiedene Umgebungen<\/p>\n<\/li>\n<\/ul>\n<p data-start=\"2409\" data-end=\"2440\"><strong data-start=\"2409\" data-end=\"2438\">Technische Spezifikationen:<\/strong><\/p>\n<ul data-start=\"2441\" data-end=\"2747\">\n<li data-start=\"2441\" data-end=\"2466\">\n<p data-start=\"2443\" data-end=\"2466\"><strong data-start=\"2443\" data-end=\"2456\">Frequenz:<\/strong> 868 MHz<\/p>\n<\/li>\n<li data-start=\"2467\" data-end=\"2494\">\n<p data-start=\"2469\" data-end=\"2494\"><strong data-start=\"2469\" data-end=\"2482\">Umfang:<\/strong> 3\u20136 Meter<\/p>\n<\/li>\n<li data-start=\"2495\" data-end=\"2547\">\n<p data-start=\"2497\" data-end=\"2547\"><strong data-start=\"2497\" data-end=\"2509\">Batterie:<\/strong> CR123 3V Lithiumbatterie (im Lieferumfang enthalten)<\/p>\n<\/li>\n<li data-start=\"2548\" data-end=\"2581\">\n<p data-start=\"2550\" data-end=\"2581\"><strong data-start=\"2550\" data-end=\"2559\">Messen:<\/strong> 31,5 x 35 x 98,5 mm<\/p>\n<\/li>\n<li data-start=\"2582\" data-end=\"2622\">\n<p data-start=\"2584\" data-end=\"2622\"><strong data-start=\"2584\" data-end=\"2603\">Montageh\u00f6he:<\/strong> Bis zu 3 Meter<\/p>\n<\/li>\n<li data-start=\"2623\" data-end=\"2698\">\n<p data-start=\"2625\" data-end=\"2698\"><strong data-start=\"2625\" data-end=\"2644\">Kompatibilit\u00e4t:<\/strong> Unidirektionale und bidirektionale drahtlose Systeme von Risco\u2122<\/p>\n<\/li>\n<li data-start=\"2699\" data-end=\"2747\">\n<p data-start=\"2701\" data-end=\"2747\"><strong data-start=\"2701\" data-end=\"2733\">Artikelnummer des Lieferanten:<\/strong> RWX10680000<\/p>\n<\/li>\n<\/ul>\n<p data-start=\"2749\" data-end=\"3060\">Der Risco Vorhangdetektor X106 ist ein zuverl\u00e4ssiger und effektiver Schutz f\u00fcr Fenster und Glast\u00fcren und somit eine ausgezeichnete Wahl f\u00fcr Privathaushalte und Unternehmen.<\/p>\n<p data-start=\"2749\" data-end=\"3060\">Mit Sonnenschutztechnologie, echter Temperaturkompensation und einfacher Installation sorgt dieser Detektor daf\u00fcr, dass Ihr Sicherheitssystem optimal funktioniert.<\/p>","protected":false},"excerpt":{"rendered":"<p>Der Risco Curtain Detector X106 ist ein drahtloser PIR-Detektor zum Schutz von Fenstern und gro\u00dfen Glast\u00fcren.<\/p>\n<p>Es verf\u00fcgt \u00fcber eine Reichweite von 3\u20136 Metern und nutzt Sonnenschutztechnologie, um Fehlalarme zu reduzieren.<\/p>","protected":false},"featured_media":145365,"template":"","meta":{"_acf_changed":false},"product_brand":[],"product_cat":[3188,2731],"product_tag":[3152],"class_list":{"0":"post-57491","1":"product","2":"type-product","3":"status-publish","4":"has-post-thumbnail","6":"product_cat-larmenheter-risco-larm","7":"product_cat-risco-larm","8":"product_tag-cr123-tillbehor","9":"product_shipping_class-postnord-varubrev","10":"pa_brands-4risco","11":"pa_risco-produkter-agility-4","12":"tm-no-options","14":"first","15":"onbackorder","16":"sale","17":"featured","18":"taxable","19":"shipping-taxable","20":"purchasable","21":"product-type-simple"},"acf":[],"_links":{"self":[{"href":"https:\/\/secureus.se\/de\/wp-json\/wp\/v2\/product\/57491","targetHints":{"allow":["GET"]}}],"collection":[{"href":"https:\/\/secureus.se\/de\/wp-json\/wp\/v2\/product"}],"about":[{"href":"https:\/\/secureus.se\/de\/wp-json\/wp\/v2\/types\/product"}],"wp:featuredmedia":[{"embeddable":true,"href":"https:\/\/secureus.se\/de\/wp-json\/wp\/v2\/media\/145365"}],"wp:attachment":[{"href":"https:\/\/secureus.se\/de\/wp-json\/wp\/v2\/media?parent=57491"}],"wp:term":[{"taxonomy":"product_brand","embeddable":true,"href":"https:\/\/secureus.se\/de\/wp-json\/wp\/v2\/product_brand?post=57491"},{"taxonomy":"product_cat","embeddable":true,"href":"https:\/\/secureus.se\/de\/wp-json\/wp\/v2\/product_cat?post=57491"},{"taxonomy":"product_tag","embeddable":true,"href":"https:\/\/secureus.se\/de\/wp-json\/wp\/v2\/product_tag?post=57491"}],"curies":[{"name":"wp","href":"https:\/\/api.w.org\/{rel}","templated":true}]}}